{"id":11253,"date":"2023-02-22T15:06:09","date_gmt":"2023-02-22T13:06:09","guid":{"rendered":"https:\/\/abpolar-ee.vserver.zonevs.eu\/?post_type=product&#038;p=11253"},"modified":"2025-05-15T14:37:27","modified_gmt":"2025-05-15T11:37:27","slug":"staketstolpe-40x60mm-ral6005-vagg-2mm","status":"publish","type":"product","link":"https:\/\/abpolar.ee\/sv\/produkt\/staketstolpe-40x60mm-ral6005-vagg-2mm\/","title":{"rendered":"Staketstolpe 40x60mm RAL6005 v\u00e4gg 2mm"},"content":{"rendered":"<h2 class=\"product_title entry-title\">Staketstolpe 40x60mm RAL6005 v\u00e4gg 2mm<\/h2>\n<p>Staketstolpen 40x60mm \u00e4r en pulverlackerad gr\u00f6n RAL6005 kvadratisk staketstolpe som passar perfekt till staketskivor.<\/p>\n<ul>\n<li><strong>Stolph\u00f6jd: 2100mm, 2600mm, 3000mm<\/strong><\/li>\n<li><strong>Stolpstorlek: 40x60mm<\/strong><\/li>\n<li><strong>Stolpens v\u00e4ggtjocklek: 2 mm<\/strong><\/li>\n<li><strong>Material: metall + pulverlack<\/strong><\/li>\n<li><strong>F\u00e4rg: RAL6005 gr\u00f6n<\/strong><\/li>\n<\/ul>\n<p><strong>AB Polar O\u00dc \u00e4r ett f\u00f6retag med l\u00e5ng erfarenhet inom detalj- och partihandel av tr\u00e4dg\u00e5rds- och inredningsprodukter i Estland och Finland.<\/strong><\/p>\n<p>V\u00e5ra huvudmarknader \u00e4r Estland och Finland, d\u00e4r vi \u00e4r en etablerad akt\u00f6r och d\u00e4r v\u00e5ra produkter finns att hitta i de st\u00f6rsta byggvaruhusen.<\/p>\n<p>Sedan 2008 har vi f\u00f6rsett b\u00e5de privatkunder och \u00e5terf\u00f6rs\u00e4ljare med h\u00f6gkvalitativa och prisv\u00e4rda l\u00f6sningar f\u00f6r tr\u00e4dg\u00e5rdsbygge och heminredning.<\/p>\n<p>V\u00e5r filosofi \u00e4r enkel \u2013 vi kombinerar kvalitet, funktionalitet och konkurrenskraftiga priser med flexibel och kundanpassad service.<\/p>\n<p><strong>Under 2024 har vi ut\u00f6kat v\u00e5r verksamhet till Sverige.<\/strong><\/p>\n","protected":false},"excerpt":{"rendered":"<p>Staketstolpe 40x60mm RAL6005 v\u00e4gg 2mm Staketstolpen 40x60mm \u00e4r en pulverlackerad gr\u00f6n RAL6005 kvadratisk staketstolpe som&#8230;<\/p>\n","protected":false},"featured_media":10148,"template":"","meta":{"_acf_changed":false,"inline_featured_image":false},"product_brand":[],"product_cat":[371,474],"product_tag":[],"class_list":{"0":"post-11253","1":"product","2":"type-product","3":"status-publish","4":"has-post-thumbnail","6":"product_cat-staket-och-tillbehor","7":"product_cat-staket-stolpe","8":"product_shipping_class-paket-upp-till-30kg","10":"first","11":"instock","12":"taxable","13":"shipping-taxable","14":"purchasable","15":"product-type-variable"},"acf":[],"_links":{"self":[{"href":"https:\/\/abpolar.ee\/sv\/wp-json\/wp\/v2\/product\/11253","targetHints":{"allow":["GET"]}}],"collection":[{"href":"https:\/\/abpolar.ee\/sv\/wp-json\/wp\/v2\/product"}],"about":[{"href":"https:\/\/abpolar.ee\/sv\/wp-json\/wp\/v2\/types\/product"}],"wp:featuredmedia":[{"embeddable":true,"href":"https:\/\/abpolar.ee\/sv\/wp-json\/wp\/v2\/media\/10148"}],"wp:attachment":[{"href":"https:\/\/abpolar.ee\/sv\/wp-json\/wp\/v2\/media?parent=11253"}],"wp:term":[{"taxonomy":"product_brand","embeddable":true,"href":"https:\/\/abpolar.ee\/sv\/wp-json\/wp\/v2\/product_brand?post=11253"},{"taxonomy":"product_cat","embeddable":true,"href":"https:\/\/abpolar.ee\/sv\/wp-json\/wp\/v2\/product_cat?post=11253"},{"taxonomy":"product_tag","embeddable":true,"href":"https:\/\/abpolar.ee\/sv\/wp-json\/wp\/v2\/product_tag?post=11253"}],"curies":[{"name":"wp","href":"https:\/\/api.w.org\/{rel}","templated":true}]}}