{"id":11373,"date":"2022-11-17T16:08:14","date_gmt":"2022-11-17T14:08:14","guid":{"rendered":"https:\/\/abpolar-ee.vserver.zonevs.eu\/?post_type=product&#038;p=11373"},"modified":"2025-05-15T14:34:56","modified_gmt":"2025-05-15T11:34:56","slug":"staketstolpe-80x80mm-2mm-hdg-varmzink","status":"publish","type":"product","link":"https:\/\/abpolar.ee\/sv\/produkt\/staketstolpe-80x80mm-2mm-hdg-varmzink\/","title":{"rendered":"Staketstolpe\u00a080x80mm 2mm HDG varmzink"},"content":{"rendered":"<h2>Staketstolpe 80x80mm 2mm HDG varmzink<\/h2>\n<p>Staketstolpen 80x80mm \u00e4r galvaniserad och pulverlackerad, idealisk f\u00f6r att bygga ett tr\u00e4staket.<\/p>\n<ul>\n<li><strong>Stolph\u00f6jd: 2000mm, 2500mm,<\/strong><\/li>\n<li><strong>Stolpstorlek: 80x80mm<\/strong><\/li>\n<li><strong>Stolpens v\u00e4ggtjocklek: 2 mm<\/strong><\/li>\n<li><strong>Material: metall + varmzink<\/strong><\/li>\n<\/ul>\n<p><strong>AB Polar O\u00dc \u00e4r ett f\u00f6retag med l\u00e5ng erfarenhet inom detalj- och partihandel av tr\u00e4dg\u00e5rds- och inredningsprodukter i Estland och Finland.<\/strong><\/p>\n<p>V\u00e5ra huvudmarknader \u00e4r Estland och Finland, d\u00e4r vi \u00e4r en etablerad akt\u00f6r och d\u00e4r v\u00e5ra produkter finns att hitta i de st\u00f6rsta byggvaruhusen.<\/p>\n<p>Sedan 2008 har vi f\u00f6rsett b\u00e5de privatkunder och \u00e5terf\u00f6rs\u00e4ljare med h\u00f6gkvalitativa och prisv\u00e4rda l\u00f6sningar f\u00f6r tr\u00e4dg\u00e5rdsbygge och heminredning.<\/p>\n<p>V\u00e5r filosofi \u00e4r enkel \u2013 vi kombinerar kvalitet, funktionalitet och konkurrenskraftiga priser med flexibel och kundanpassad service.<\/p>\n<p><strong>Under 2024 har vi ut\u00f6kat v\u00e5r verksamhet till Sverige.<\/strong><\/p>\n","protected":false},"excerpt":{"rendered":"<p>Staketstolpe 80x80mm 2mm HDG varmzink Staketstolpen 80x80mm \u00e4r galvaniserad och pulverlackerad, idealisk f\u00f6r att bygga&#8230;<\/p>\n","protected":false},"featured_media":10158,"template":"","meta":{"_acf_changed":false,"inline_featured_image":false},"product_brand":[],"product_cat":[463,371,474],"product_tag":[],"class_list":{"0":"post-11373","1":"product","2":"type-product","3":"status-publish","4":"has-post-thumbnail","6":"product_cat-fyndhorna","7":"product_cat-staket-och-tillbehor","8":"product_cat-staket-stolpe","9":"product_shipping_class-paket-upp-till-30kg","11":"first","12":"instock","13":"sale","14":"taxable","15":"shipping-taxable","16":"purchasable","17":"product-type-variable"},"acf":[],"_links":{"self":[{"href":"https:\/\/abpolar.ee\/sv\/wp-json\/wp\/v2\/product\/11373","targetHints":{"allow":["GET"]}}],"collection":[{"href":"https:\/\/abpolar.ee\/sv\/wp-json\/wp\/v2\/product"}],"about":[{"href":"https:\/\/abpolar.ee\/sv\/wp-json\/wp\/v2\/types\/product"}],"wp:featuredmedia":[{"embeddable":true,"href":"https:\/\/abpolar.ee\/sv\/wp-json\/wp\/v2\/media\/10158"}],"wp:attachment":[{"href":"https:\/\/abpolar.ee\/sv\/wp-json\/wp\/v2\/media?parent=11373"}],"wp:term":[{"taxonomy":"product_brand","embeddable":true,"href":"https:\/\/abpolar.ee\/sv\/wp-json\/wp\/v2\/product_brand?post=11373"},{"taxonomy":"product_cat","embeddable":true,"href":"https:\/\/abpolar.ee\/sv\/wp-json\/wp\/v2\/product_cat?post=11373"},{"taxonomy":"product_tag","embeddable":true,"href":"https:\/\/abpolar.ee\/sv\/wp-json\/wp\/v2\/product_tag?post=11373"}],"curies":[{"name":"wp","href":"https:\/\/api.w.org\/{rel}","templated":true}]}}