{"id":11428,"date":"2022-11-17T16:09:46","date_gmt":"2022-11-17T14:09:46","guid":{"rendered":"https:\/\/abpolar-ee.vserver.zonevs.eu\/?post_type=product&#038;p=11428"},"modified":"2023-12-04T14:49:27","modified_gmt":"2023-12-04T12:49:27","slug":"stenkorg-50x50x100-cm","status":"publish","type":"product","link":"https:\/\/abpolar.ee\/sv\/produkt\/stenkorg-50x50x100-cm\/","title":{"rendered":"Stenkorg 50x50x100 cm"},"content":{"rendered":"<h2 class=\"product_title entry-title elementor-heading-title elementor-size-default\">Stenkorg\u00a050x50x100 cm<\/h2>\n<p>Produkten levereras i delar f\u00f6r spiralmontering, inga verktyg beh\u00f6vs.<\/p>\n<p>Korgen kan monteras \u201di serie\u201d med en till\u00e4ggskorg. Man f\u00e5r d\u00e5 en kostnadseffektiv konstruktion samt snyggare utsida genom att undvika dubbla spiraler. Svetsat n\u00e4t av 5,0mm Aluzink tr\u00e5d, maskstorlek 75 x 75mm. L\u00e4mpligt fyllnadsmaterial 100-200mm kross eller natursten, ing\u00e5r ej i leveransen.<\/p>\n<ul>\n<li>F\u00e4rg: Silver<\/li>\n<li>Material: St\u00e5ltr\u00e5d<\/li>\n<li>M\u00e5tt: 50 x 50 x 100 cm<\/li>\n<li>Maskstorlek: 7,5 x 7,5 cm<\/li>\n<li>H\u00f6g lastkapacitet<\/li>\n<li>Montering kr\u00e4vs: Ja<\/li>\n<\/ul>\n","protected":false},"excerpt":{"rendered":"<p>Stenkorg\u00a050x50x100 cm Produkten levereras i delar f\u00f6r spiralmontering, inga verktyg beh\u00f6vs. Korgen kan monteras \u201di&#8230;<\/p>\n","protected":false},"featured_media":9875,"template":"","meta":{"_acf_changed":false,"inline_featured_image":false},"product_brand":[],"product_cat":[506,501],"product_tag":[],"class_list":{"0":"post-11428","1":"product","2":"type-product","3":"status-publish","4":"has-post-thumbnail","6":"product_cat-stenkorgar","7":"product_cat-tradgardsvaror","8":"product_shipping_class-litet-paket","10":"first","11":"instock","12":"taxable","13":"shipping-taxable","14":"purchasable","15":"product-type-simple"},"acf":[],"_links":{"self":[{"href":"https:\/\/abpolar.ee\/sv\/wp-json\/wp\/v2\/product\/11428","targetHints":{"allow":["GET"]}}],"collection":[{"href":"https:\/\/abpolar.ee\/sv\/wp-json\/wp\/v2\/product"}],"about":[{"href":"https:\/\/abpolar.ee\/sv\/wp-json\/wp\/v2\/types\/product"}],"wp:featuredmedia":[{"embeddable":true,"href":"https:\/\/abpolar.ee\/sv\/wp-json\/wp\/v2\/media\/9875"}],"wp:attachment":[{"href":"https:\/\/abpolar.ee\/sv\/wp-json\/wp\/v2\/media?parent=11428"}],"wp:term":[{"taxonomy":"product_brand","embeddable":true,"href":"https:\/\/abpolar.ee\/sv\/wp-json\/wp\/v2\/product_brand?post=11428"},{"taxonomy":"product_cat","embeddable":true,"href":"https:\/\/abpolar.ee\/sv\/wp-json\/wp\/v2\/product_cat?post=11428"},{"taxonomy":"product_tag","embeddable":true,"href":"https:\/\/abpolar.ee\/sv\/wp-json\/wp\/v2\/product_tag?post=11428"}],"curies":[{"name":"wp","href":"https:\/\/api.w.org\/{rel}","templated":true}]}}