{"id":11431,"date":"2022-11-16T09:17:29","date_gmt":"2022-11-16T07:17:29","guid":{"rendered":"https:\/\/abpolar-ee.vserver.zonevs.eu\/?post_type=product&#038;p=11431"},"modified":"2023-12-04T16:01:14","modified_gmt":"2023-12-04T14:01:14","slug":"natgrind-for-tradgard-bredd-100-cm-ral6005-gron","status":"publish","type":"product","link":"https:\/\/abpolar.ee\/sv\/produkt\/natgrind-for-tradgard-bredd-100-cm-ral6005-gron\/","title":{"rendered":"N\u00e4tgrind f\u00f6r tr\u00e4dg\u00e5rd, bredd 100 cm,\u00a0RAL6005\u00a0gr\u00f6n"},"content":{"rendered":"<h2>N\u00e4tgrind f\u00f6r tr\u00e4dg\u00e5rd, bredd 100 cm,\u00a0<strong>RAL6005\u00a0gr\u00f6n<\/strong><\/h2>\n<p>H\u00e5llbarhet kan denna staketgrind anv\u00e4ndas som en praktisk, modern entr\u00e9 f\u00f6r din tr\u00e4dg\u00e5rd, uteplats och terrass.<\/p>\n<p>Tr\u00e4dg\u00e5rdsgrinden har utformats med stor hantverksskicklighet och \u00e4r tillverkad i galvaniserat st\u00e5l med en pulverlackerad finish som\u00a0 och ger grinden en stadig konstruktion. Den har tv\u00e5 sidostolpar med bultg\u00e5ngj\u00e4rn f\u00f6r enkel montering. Grinden levereras med ett l\u00e5s och ett handtag.<\/p>\n<p>M\u00e5lets bredd \u00e4r 1000 mm (fr\u00e5n stolparnas mitt till mitten; bredden fr\u00e5n stolpe till stolpe \u00e4r ca 930 mm)<\/p>\n<p><strong>H\u00f6jd: 1000, 1250, 1500, 1750, 2000 mm<\/strong><br \/>\n<strong>M\u00e5lstolparna \u00e4r 70 cm h\u00f6gre \u00e4n m\u00e5let<\/strong><br \/>\n<strong>Galvaniserad och belagd med m\u00f6rkgr\u00f6n f\u00e4rg (RAL6005)<\/strong><br \/>\n<strong>M\u00e5lstolpens diameter \u00e4r 60 mm, stolpens v\u00e4ggtjocklek \u00e4r 2 mm<\/strong><br \/>\n<strong>Diametern p\u00e5 grindr\u00f6ret \u00e4r 40 mm och v\u00e4ggtjockleken \u00e4r 1,5 mm<\/strong><br \/>\n<strong>Tr\u00e5ddiameter 4 mm<\/strong><br \/>\n<strong>Maskstorlek 50 x 50 mm<\/strong><br \/>\n<strong>F\u00e4rg: RAL005\u00a0gr\u00f6n<\/strong><br \/>\n<strong>Material: Galvaniserat st\u00e5l med pulverlackerad yta<\/strong><\/p>\n<h3><strong>INNAN INSTALLATION, M\u00c4T AVST\u00c5NDET P\u00c5 GRINDSTOLPNA!<\/strong><\/h3>\n","protected":false},"excerpt":{"rendered":"<p>N\u00e4tgrind f\u00f6r tr\u00e4dg\u00e5rd, bredd 100 cm,\u00a0RAL6005\u00a0gr\u00f6n H\u00e5llbarhet kan denna staketgrind anv\u00e4ndas som en praktisk, modern&#8230;<\/p>\n","protected":false},"featured_media":10027,"template":"","meta":{"_acf_changed":false,"inline_featured_image":false},"product_brand":[],"product_cat":[490,492,371],"product_tag":[],"class_list":{"0":"post-11431","1":"product","2":"type-product","3":"status-publish","4":"has-post-thumbnail","6":"product_cat-grindar","7":"product_cat-grindar-for-fotgangare","8":"product_cat-staket-och-tillbehor","9":"product_shipping_class-stort-paket","11":"first","12":"instock","13":"taxable","14":"shipping-taxable","15":"purchasable","16":"product-type-variable"},"acf":[],"_links":{"self":[{"href":"https:\/\/abpolar.ee\/sv\/wp-json\/wp\/v2\/product\/11431","targetHints":{"allow":["GET"]}}],"collection":[{"href":"https:\/\/abpolar.ee\/sv\/wp-json\/wp\/v2\/product"}],"about":[{"href":"https:\/\/abpolar.ee\/sv\/wp-json\/wp\/v2\/types\/product"}],"wp:featuredmedia":[{"embeddable":true,"href":"https:\/\/abpolar.ee\/sv\/wp-json\/wp\/v2\/media\/10027"}],"wp:attachment":[{"href":"https:\/\/abpolar.ee\/sv\/wp-json\/wp\/v2\/media?parent=11431"}],"wp:term":[{"taxonomy":"product_brand","embeddable":true,"href":"https:\/\/abpolar.ee\/sv\/wp-json\/wp\/v2\/product_brand?post=11431"},{"taxonomy":"product_cat","embeddable":true,"href":"https:\/\/abpolar.ee\/sv\/wp-json\/wp\/v2\/product_cat?post=11431"},{"taxonomy":"product_tag","embeddable":true,"href":"https:\/\/abpolar.ee\/sv\/wp-json\/wp\/v2\/product_tag?post=11431"}],"curies":[{"name":"wp","href":"https:\/\/api.w.org\/{rel}","templated":true}]}}