{"id":11469,"date":"2022-11-16T09:18:18","date_gmt":"2022-11-16T07:18:18","guid":{"rendered":"https:\/\/abpolar-ee.vserver.zonevs.eu\/?post_type=product&#038;p=11469"},"modified":"2023-12-04T16:05:25","modified_gmt":"2023-12-04T14:05:25","slug":"tradgardsgrind-strong_bredd_150cm-ral7016gra","status":"publish","type":"product","link":"https:\/\/abpolar.ee\/sv\/produkt\/tradgardsgrind-strong_bredd_150cm-ral7016gra\/","title":{"rendered":"Tr\u00e4dg\u00e5rdsgrind STRONG, bredd 150 cm,\u00a0RAL7016\u00a0gr\u00e5"},"content":{"rendered":"<h2>Tr\u00e4dg\u00e5rdsgrind STRONG, bredd 150 cm,\u00a0RAL7016\u00a0gr\u00e5<\/h2>\n<p class=\"a1i hr s5\">Grinden \u00e4r en stilren och praktisk barri\u00e4r som skapar avskildhet i din tr\u00e4dg\u00e5rd. Den \u00e4r v\u00e4ldigt stabil och h\u00e5llbar vilket betyder ett bra skydd f\u00f6r din tr\u00e4dg\u00e5rd, uteplats, eller terrass. Grinden \u00e4r tillverkad av robust pulverlackerad st\u00e5l, vilket g\u00f6r den best\u00e4ndig mot rost och korrosion. Grinden har g\u00e5ngj\u00e4rn med bultar och stolpar f\u00f6r enkel montering. Tre matchande nycklar till l\u00e5set inkluderas \u00e4ven.<\/p>\n<p class=\"a1i hr s5\"><strong>Beskrivning: N\u00e4tgrind med fyrkantiga stolpar<\/strong><br \/>\n<strong>Material: Galvaniserat st\u00e5l<\/strong><br \/>\n<strong>F\u00e4rg:\u00a0RAL7016\u00a0gr\u00e5<br \/>\n<\/strong><strong>H\u00f6jd: 0,95m, 1,15m, 1,45m<\/strong><br \/>\n<strong>N\u00e4tsektion: 50x200mm (LxH) &#8211; \u00d8 Tr\u00e5d 4mm<br \/>\n4-kants-ram: 40 x 40 mm<\/strong><br \/>\n<strong>Stolpm\u00e5tt: 80x80x1,5mm<br \/>\n<\/strong><strong>M\u00e5lstolparna \u00e4r 70 cm l\u00e4ngre \u00e4n m\u00e5let<br \/>\nSetet inneh\u00e5ller: stolpar, grind, l\u00e5s svar, g\u00e5ngj\u00e4rn, handtag. (L\u00e5set, g\u00e5ngj\u00e4rnen, handtaget \u00e4r inuti grindstolpen)<\/strong><\/p>\n<h3><strong>INNAN INSTALLATION, M\u00c4T AVST\u00c5NDET P\u00c5 GRINDSTOLPNA!<\/strong><\/h3>\n","protected":false},"excerpt":{"rendered":"<p>Tr\u00e4dg\u00e5rdsgrind STRONG, bredd 150 cm,\u00a0RAL7016\u00a0gr\u00e5 Grinden \u00e4r en stilren och praktisk barri\u00e4r som skapar avskildhet&#8230;<\/p>\n","protected":false},"featured_media":10063,"template":"","meta":{"_acf_changed":false,"inline_featured_image":false},"product_brand":[],"product_cat":[490,492,371],"product_tag":[],"class_list":{"0":"post-11469","1":"product","2":"type-product","3":"status-publish","4":"has-post-thumbnail","6":"product_cat-grindar","7":"product_cat-grindar-for-fotgangare","8":"product_cat-staket-och-tillbehor","9":"product_shipping_class-stort-paket","11":"first","12":"instock","13":"taxable","14":"shipping-taxable","15":"purchasable","16":"product-type-variable"},"acf":[],"_links":{"self":[{"href":"https:\/\/abpolar.ee\/sv\/wp-json\/wp\/v2\/product\/11469","targetHints":{"allow":["GET"]}}],"collection":[{"href":"https:\/\/abpolar.ee\/sv\/wp-json\/wp\/v2\/product"}],"about":[{"href":"https:\/\/abpolar.ee\/sv\/wp-json\/wp\/v2\/types\/product"}],"wp:featuredmedia":[{"embeddable":true,"href":"https:\/\/abpolar.ee\/sv\/wp-json\/wp\/v2\/media\/10063"}],"wp:attachment":[{"href":"https:\/\/abpolar.ee\/sv\/wp-json\/wp\/v2\/media?parent=11469"}],"wp:term":[{"taxonomy":"product_brand","embeddable":true,"href":"https:\/\/abpolar.ee\/sv\/wp-json\/wp\/v2\/product_brand?post=11469"},{"taxonomy":"product_cat","embeddable":true,"href":"https:\/\/abpolar.ee\/sv\/wp-json\/wp\/v2\/product_cat?post=11469"},{"taxonomy":"product_tag","embeddable":true,"href":"https:\/\/abpolar.ee\/sv\/wp-json\/wp\/v2\/product_tag?post=11469"}],"curies":[{"name":"wp","href":"https:\/\/api.w.org\/{rel}","templated":true}]}}