{"id":11479,"date":"2022-11-16T09:17:45","date_gmt":"2022-11-16T07:17:45","guid":{"rendered":"https:\/\/abpolar-ee.vserver.zonevs.eu\/?post_type=product&#038;p=11479"},"modified":"2023-12-05T10:07:10","modified_gmt":"2023-12-05T08:07:10","slug":"fotgrindsram-1m-bred-ral6005-gron","status":"publish","type":"product","link":"https:\/\/abpolar.ee\/sv\/produkt\/fotgrindsram-1m-bred-ral6005-gron\/","title":{"rendered":"Fotgrindsram 1m bred RAL6005 gr\u00f6n"},"content":{"rendered":"<h2>Fotgrindsram 1m bred RAL6005 gr\u00f6n<\/h2>\n<p>Fotgrindens stomme med en bredd p\u00e5 ~1 m \u00e4r gjord av zinkr\u00f6r och pulverlackerad RAL6005 gr\u00f6n.<br \/>\nPortkarmen kan t\u00e4ckas med valt material (skiva, tr\u00e4, panel) Grinden kan \u00f6ppnas b\u00e5de ut\u00e5t och in\u00e5t beroende p\u00e5 hur du installerar grindl\u00e5set. Stolparna och ramen p\u00e5 m\u00e5let \u00e4r gjorda av fyrh\u00f6rnigt st\u00e5l.<\/p>\n<ul>\n<li><strong>H\u00f6jder: 1 m, 1,25 m, 1,5 m, 1,6 m, 1,75 m, 2 m<\/strong><\/li>\n<li><strong>M\u00e5lstolpen \u00e4r 70 cm l\u00e4ngre \u00e4n m\u00e5let<\/strong><\/li>\n<li><strong>M\u00e5tten p\u00e5 m\u00e5lstolpen \u00e4r 80 x 80 mm, stolpens v\u00e4ggtjocklek \u00e4r 2 mm<\/strong><\/li>\n<li><strong>M\u00e5tten p\u00e5 grindkarmen \u00e4r 60 x 40 mm och v\u00e4ggtjockleken \u00e4r 1,5 mm<\/strong><\/li>\n<li><strong>Setet inneh\u00e5ller: stolpar, grind, g\u00e5ngj\u00e4rn, handtag<\/strong><\/li>\n<\/ul>\n<h3>INNAN INSTALLATION M\u00c4T UT UTRYMMEN P\u00c5 GRINDSTOLPEN!<\/h3>\n","protected":false},"excerpt":{"rendered":"<p>Fotgrindsram 1m bred RAL6005 gr\u00f6n Fotgrindens stomme med en bredd p\u00e5 ~1 m \u00e4r gjord&#8230;<\/p>\n","protected":false},"featured_media":10114,"template":"","meta":{"_acf_changed":false,"inline_featured_image":false},"product_brand":[],"product_cat":[490,492,371],"product_tag":[],"class_list":{"0":"post-11479","1":"product","2":"type-product","3":"status-publish","4":"has-post-thumbnail","6":"product_cat-grindar","7":"product_cat-grindar-for-fotgangare","8":"product_cat-staket-och-tillbehor","9":"product_shipping_class-stort-paket","11":"first","12":"instock","13":"sale","14":"taxable","15":"shipping-taxable","16":"purchasable","17":"product-type-variable"},"acf":[],"_links":{"self":[{"href":"https:\/\/abpolar.ee\/sv\/wp-json\/wp\/v2\/product\/11479","targetHints":{"allow":["GET"]}}],"collection":[{"href":"https:\/\/abpolar.ee\/sv\/wp-json\/wp\/v2\/product"}],"about":[{"href":"https:\/\/abpolar.ee\/sv\/wp-json\/wp\/v2\/types\/product"}],"wp:featuredmedia":[{"embeddable":true,"href":"https:\/\/abpolar.ee\/sv\/wp-json\/wp\/v2\/media\/10114"}],"wp:attachment":[{"href":"https:\/\/abpolar.ee\/sv\/wp-json\/wp\/v2\/media?parent=11479"}],"wp:term":[{"taxonomy":"product_brand","embeddable":true,"href":"https:\/\/abpolar.ee\/sv\/wp-json\/wp\/v2\/product_brand?post=11479"},{"taxonomy":"product_cat","embeddable":true,"href":"https:\/\/abpolar.ee\/sv\/wp-json\/wp\/v2\/product_cat?post=11479"},{"taxonomy":"product_tag","embeddable":true,"href":"https:\/\/abpolar.ee\/sv\/wp-json\/wp\/v2\/product_tag?post=11479"}],"curies":[{"name":"wp","href":"https:\/\/api.w.org\/{rel}","templated":true}]}}