{"id":11493,"date":"2022-11-16T09:17:33","date_gmt":"2022-11-16T07:17:33","guid":{"rendered":"https:\/\/abpolar-ee.vserver.zonevs.eu\/?post_type=product&#038;p=11493"},"modified":"2023-12-05T12:33:18","modified_gmt":"2023-12-05T10:33:18","slug":"dubbel-slaggrind-3m-ral6005-gron","status":"publish","type":"product","link":"https:\/\/abpolar.ee\/sv\/produkt\/dubbel-slaggrind-3m-ral6005-gron\/","title":{"rendered":"Dubbel slaggrind 3m RAL6005 gr\u00f6n"},"content":{"rendered":"<h2>Dubbel slaggrind\u00a03m RAL6005 gr\u00f6n<\/h2>\n<p>Den ~3 m breda dubbel slaggrind \u00e4r galvaniserad och pulverlackerad (RAL6005, m\u00f6rkgr\u00f6n). Dubbel slaggrind inneh\u00e5ller tv\u00e5 vingar, bredden p\u00e5 en vinge \u00e4r 1,5 m.<br \/>\nPorten kan \u00f6ppnas b\u00e5de ut\u00e5t och in\u00e5t. M\u00e5lstolparna och ramen \u00e4r gjorda av runt r\u00f6r. Erk\u00e4nd f\u00f6r sin l\u00e4tthet och sin enkelhet att montera och installera, den h\u00e4r sv\u00e4nggrinden \u00e4r \u00e4nd\u00e5 robust och h\u00e5llbar. Staketgrind levereras som byggsats.<\/p>\n<p>&nbsp;<\/p>\n<ul>\n<li><strong>H\u00f6jder: 1m, 1,25m, 1,5m, 1,75m, 2m<\/strong><\/li>\n<li><strong>Beskrivning: 2-bladig grind med styvt n\u00e4t och runda stolpar<\/strong><\/li>\n<li><strong>Bredden p\u00e5 en vinge \u00e4r 1,5 m<\/strong><\/li>\n<li><strong>M\u00e5lstolparna \u00e4r 70 cm h\u00f6gre \u00e4n m\u00e5let<\/strong><\/li>\n<li><strong>Galvaniserad och belagd med m\u00f6rkgr\u00f6n f\u00e4rg (RAL6005)<\/strong><br \/>\n<strong>M\u00e5lstolpens diameter \u00e4r 60 mm, stolpens v\u00e4ggtjocklek \u00e4r 2 mm<\/strong><\/li>\n<li><strong>Diametern p\u00e5 grindr\u00f6ret \u00e4r 40 mm och v\u00e4ggtjockleken \u00e4r 1,5 mm<\/strong><\/li>\n<li><strong>N\u00e4tsektion: 50x50mm &#8211; \u00d8 Tr\u00e5d 4mm<\/strong><\/li>\n<li><strong>Setet inneh\u00e5ller: stolpar, grind, g\u00e5ngj\u00e4rn, l\u00e5s, l\u00e5ssvar, vindf\u00e5ngare, handtag.<\/strong><\/li>\n<\/ul>\n<p>&nbsp;<\/p>\n<h3>INNAN INSTALLATION M\u00c4T UT UTRYMMEN P\u00c5 GRINDSTOLPEN!<\/h3>\n","protected":false},"excerpt":{"rendered":"<p>Dubbel slaggrind\u00a03m RAL6005 gr\u00f6n Den ~3 m breda dubbel slaggrind \u00e4r galvaniserad och pulverlackerad (RAL6005,&#8230;<\/p>\n","protected":false},"featured_media":10064,"template":"","meta":{"_acf_changed":false,"inline_featured_image":false},"product_brand":[],"product_cat":[491,490,371],"product_tag":[],"class_list":{"0":"post-11493","1":"product","2":"type-product","3":"status-publish","4":"has-post-thumbnail","6":"product_cat-dubbelgrind","7":"product_cat-grindar","8":"product_cat-staket-och-tillbehor","9":"product_shipping_class-stort-paket","11":"first","12":"instock","13":"taxable","14":"shipping-taxable","15":"purchasable","16":"product-type-variable"},"acf":[],"_links":{"self":[{"href":"https:\/\/abpolar.ee\/sv\/wp-json\/wp\/v2\/product\/11493","targetHints":{"allow":["GET"]}}],"collection":[{"href":"https:\/\/abpolar.ee\/sv\/wp-json\/wp\/v2\/product"}],"about":[{"href":"https:\/\/abpolar.ee\/sv\/wp-json\/wp\/v2\/types\/product"}],"wp:featuredmedia":[{"embeddable":true,"href":"https:\/\/abpolar.ee\/sv\/wp-json\/wp\/v2\/media\/10064"}],"wp:attachment":[{"href":"https:\/\/abpolar.ee\/sv\/wp-json\/wp\/v2\/media?parent=11493"}],"wp:term":[{"taxonomy":"product_brand","embeddable":true,"href":"https:\/\/abpolar.ee\/sv\/wp-json\/wp\/v2\/product_brand?post=11493"},{"taxonomy":"product_cat","embeddable":true,"href":"https:\/\/abpolar.ee\/sv\/wp-json\/wp\/v2\/product_cat?post=11493"},{"taxonomy":"product_tag","embeddable":true,"href":"https:\/\/abpolar.ee\/sv\/wp-json\/wp\/v2\/product_tag?post=11493"}],"curies":[{"name":"wp","href":"https:\/\/api.w.org\/{rel}","templated":true}]}}