{"id":11516,"date":"2022-11-17T16:09:01","date_gmt":"2022-11-17T14:09:01","guid":{"rendered":"https:\/\/abpolar-ee.vserver.zonevs.eu\/?post_type=product&#038;p=11516"},"modified":"2023-12-05T12:14:31","modified_gmt":"2023-12-05T10:14:31","slug":"dubbel-slaggrind-strong-4m-ral7016-gra","status":"publish","type":"product","link":"https:\/\/abpolar.ee\/sv\/produkt\/dubbel-slaggrind-strong-4m-ral7016-gra\/","title":{"rendered":"Dubbel slaggrind STRONG 4m RAL7016\u00a0gr\u00e5"},"content":{"rendered":"<h2><strong>Dubbel slaggrind\u00a0STRONG 4m RAL7016 <\/strong>gr\u00e5<\/h2>\n<p class=\"product_title entry-title\">Dubbel slaggrind\u00a0STRONG RAL7016, med en bredd p\u00e5 ~4 m, fyrkantsgrinden \u00e4r galvaniserad och pulverlackerad RAL7016 gr\u00e5.<br \/>\nBilgrindsatsen inneh\u00e5ller tv\u00e5 vinggrindar, en vinge \u00e4r 2 m bred.<br \/>\nPorten kan \u00f6ppnas b\u00e5de ut\u00e5t och in\u00e5t. Stolparna och ramen p\u00e5 m\u00e5let \u00e4r gjorda av fyrh\u00f6rnigt st\u00e5l.<\/p>\n<p>Beskrivning: 2-bladig grind med styvt n\u00e4t och fyrkantiga stolpar<\/p>\n<ul>\n<li><strong>H\u00f6jder: 0,95 m, 1,15 m, 1,45 m, 1,75 m, 1,95 m<\/strong><\/li>\n<li><strong>M\u00e5lstolparna \u00e4r 70 cm h\u00f6gre \u00e4n m\u00e5let ,F\u00f6r en s\u00e4ker och solid installation rekommenderas att du b\u00e4ddar in dina stolpar mellan 61 och 64 cm djupa.<\/strong><\/li>\n<li><strong>Material: Galvaniserat st\u00e5l<\/strong><\/li>\n<li><strong>F\u00e4rger: Antracitgr\u00e5 &#8211; RAL 7016<\/strong><\/li>\n<li><strong>Diametern p\u00e5 m\u00e5lstolpen \u00e4r 80\u00d780 mm<\/strong><\/li>\n<li><strong>Storleken p\u00e5 grindramen \u00e4r 40x40mm<\/strong><\/li>\n<li><strong>Tjockleken p\u00e5 grindramen \u00e4r 1,5 mm<\/strong><\/li>\n<li><strong>N\u00e4tsektion:\u00a0 200x50mm<\/strong><\/li>\n<li><strong>Setet inneh\u00e5ller: stolpar, grind, g\u00e5ngj\u00e4rn, l\u00e5s, handtag och 1 vindklaff. (L\u00e5set, g\u00e5ngj\u00e4rnen, handtaget \u00e4r inuti grindstolpen)<\/strong><\/li>\n<\/ul>\n<p>&nbsp;<\/p>\n<h3>INNAN INSTALLATION M\u00c4T UT UTRYMMEN P\u00c5 GRINDSTOLPEN!<\/h3>\n","protected":false},"excerpt":{"rendered":"<p>Dubbel slaggrind\u00a0STRONG 4m RAL7016 gr\u00e5 Dubbel slaggrind\u00a0STRONG RAL7016, med en bredd p\u00e5 ~4 m, fyrkantsgrinden&#8230;<\/p>\n","protected":false},"featured_media":10087,"template":"","meta":{"_acf_changed":false,"inline_featured_image":false},"product_brand":[],"product_cat":[491,490,371],"product_tag":[],"class_list":{"0":"post-11516","1":"product","2":"type-product","3":"status-publish","4":"has-post-thumbnail","6":"product_cat-dubbelgrind","7":"product_cat-grindar","8":"product_cat-staket-och-tillbehor","10":"first","11":"instock","12":"taxable","13":"shipping-taxable","14":"purchasable","15":"product-type-variable"},"acf":[],"_links":{"self":[{"href":"https:\/\/abpolar.ee\/sv\/wp-json\/wp\/v2\/product\/11516","targetHints":{"allow":["GET"]}}],"collection":[{"href":"https:\/\/abpolar.ee\/sv\/wp-json\/wp\/v2\/product"}],"about":[{"href":"https:\/\/abpolar.ee\/sv\/wp-json\/wp\/v2\/types\/product"}],"wp:featuredmedia":[{"embeddable":true,"href":"https:\/\/abpolar.ee\/sv\/wp-json\/wp\/v2\/media\/10087"}],"wp:attachment":[{"href":"https:\/\/abpolar.ee\/sv\/wp-json\/wp\/v2\/media?parent=11516"}],"wp:term":[{"taxonomy":"product_brand","embeddable":true,"href":"https:\/\/abpolar.ee\/sv\/wp-json\/wp\/v2\/product_brand?post=11516"},{"taxonomy":"product_cat","embeddable":true,"href":"https:\/\/abpolar.ee\/sv\/wp-json\/wp\/v2\/product_cat?post=11516"},{"taxonomy":"product_tag","embeddable":true,"href":"https:\/\/abpolar.ee\/sv\/wp-json\/wp\/v2\/product_tag?post=11516"}],"curies":[{"name":"wp","href":"https:\/\/api.w.org\/{rel}","templated":true}]}}