{"id":11548,"date":"2022-11-16T09:17:42","date_gmt":"2022-11-16T07:17:42","guid":{"rendered":"https:\/\/abpolar-ee.vserver.zonevs.eu\/?post_type=product&#038;p=11548"},"modified":"2023-12-07T10:25:40","modified_gmt":"2023-12-07T08:25:40","slug":"dubbel-slaggrind-4-m-varmforzinkad","status":"publish","type":"product","link":"https:\/\/abpolar.ee\/sv\/produkt\/dubbel-slaggrind-4-m-varmforzinkad\/","title":{"rendered":"Dubbel slaggrind 4 m,\u00a0varmf\u00f6rzinkad"},"content":{"rendered":"<h2><strong>Dubbel slaggrind 4 m,\u00a0<\/strong>varmf\u00f6rzinkad<\/h2>\n<div class=\"ebT7ne sMVRZe\">\n<div class=\"F0pQVc\">\n<p>Ramen p\u00e5 bilporten med en bredd p\u00e5 ~4 m \u00e4r galvaniserad. Bilportsetet inneh\u00e5ller tv\u00e5 vingar, bredden p\u00e5 en vinge \u00e4r 2 m.<br \/>\nGrindramen kan t\u00e4ckas med det valda materialet (br\u00e4da, tr\u00e4, panel). Det \u00e4r m\u00f6jligt att f\u00e4sta automatik p\u00e5 slaggrinden.<br \/>\nPorten kan \u00f6ppnas b\u00e5de ut\u00e5t och in\u00e5t. Stolparna och ramen p\u00e5 m\u00e5let \u00e4r gjorda av fyrh\u00f6rnigt st\u00e5l.<\/p>\n<p>&nbsp;<\/p>\n<ul>\n<li><strong>H\u00f6jder: 1m, 1,25m, 1,5m, 1,75m, 2m<\/strong><\/li>\n<li><strong>Bredden p\u00e5 en vinge \u00e4r 2 m<\/strong><\/li>\n<li><strong>M\u00e5lstolpen \u00e4r 70 cm l\u00e4ngre \u00e4n m\u00e5let<\/strong><\/li>\n<li><strong>M\u00e5tten p\u00e5 m\u00e5lstolpen \u00e4r 80 x 80 mm, stolpens v\u00e4ggtjocklek \u00e4r 2 mm<\/strong><\/li>\n<li><strong>M\u00e5tten p\u00e5 grindkarmen \u00e4r 60 x 40 mm och v\u00e4ggtjockleken \u00e4r 1,5 mm<\/strong><\/li>\n<li><strong>Setet inneh\u00e5ller: stolpar, grind, g\u00e5ngj\u00e4rn, vindklaff.<\/strong><\/li>\n<\/ul>\n<p>&nbsp;<\/p>\n<h3>\nINNAN INSTALLATION M\u00c4T UT UTRYMMEN P\u00c5 GRINDSTOLPEN!<\/h3>\n<h3>\u200b<\/h3>\n<\/div>\n<\/div>\n<div class=\"FFpbKc\">\n<div>\n<div data-show-delay-ms=\"250\" data-append-to-body=\"false\" data-propagate-tooltip-mouseover-events=\"true\" data-anchor-corner=\"bottom-left\" data-enable-skip-handler=\"false\" data-popup-corner=\"top-left\">\n<div>\n<div class=\"VfPpkd-Bz112c-Jh9lGc\"><\/div>\n<div class=\"VfPpkd-Bz112c-RLmnJb\"><\/div>\n<\/div>\n<\/div>\n<\/div>\n<\/div>\n","protected":false},"excerpt":{"rendered":"<p>Dubbel slaggrind 4 m,\u00a0varmf\u00f6rzinkad Ramen p\u00e5 bilporten med en bredd p\u00e5 ~4 m \u00e4r galvaniserad&#8230;.<\/p>\n","protected":false},"featured_media":10070,"template":"","meta":{"_acf_changed":false,"inline_featured_image":false},"product_brand":[],"product_cat":[491,490,371],"product_tag":[],"class_list":{"0":"post-11548","1":"product","2":"type-product","3":"status-publish","4":"has-post-thumbnail","6":"product_cat-dubbelgrind","7":"product_cat-grindar","8":"product_cat-staket-och-tillbehor","9":"product_shipping_class-stort-paket","11":"first","12":"instock","13":"sale","14":"taxable","15":"shipping-taxable","16":"purchasable","17":"product-type-variable"},"acf":[],"_links":{"self":[{"href":"https:\/\/abpolar.ee\/sv\/wp-json\/wp\/v2\/product\/11548","targetHints":{"allow":["GET"]}}],"collection":[{"href":"https:\/\/abpolar.ee\/sv\/wp-json\/wp\/v2\/product"}],"about":[{"href":"https:\/\/abpolar.ee\/sv\/wp-json\/wp\/v2\/types\/product"}],"wp:featuredmedia":[{"embeddable":true,"href":"https:\/\/abpolar.ee\/sv\/wp-json\/wp\/v2\/media\/10070"}],"wp:attachment":[{"href":"https:\/\/abpolar.ee\/sv\/wp-json\/wp\/v2\/media?parent=11548"}],"wp:term":[{"taxonomy":"product_brand","embeddable":true,"href":"https:\/\/abpolar.ee\/sv\/wp-json\/wp\/v2\/product_brand?post=11548"},{"taxonomy":"product_cat","embeddable":true,"href":"https:\/\/abpolar.ee\/sv\/wp-json\/wp\/v2\/product_cat?post=11548"},{"taxonomy":"product_tag","embeddable":true,"href":"https:\/\/abpolar.ee\/sv\/wp-json\/wp\/v2\/product_tag?post=11548"}],"curies":[{"name":"wp","href":"https:\/\/api.w.org\/{rel}","templated":true}]}}