{"id":11555,"date":"2022-11-25T13:48:44","date_gmt":"2022-11-25T11:48:44","guid":{"rendered":"https:\/\/abpolar-ee.vserver.zonevs.eu\/?post_type=product&#038;p=11555"},"modified":"2026-03-13T15:25:34","modified_gmt":"2026-03-13T13:25:34","slug":"dubbel-slaggrind-5-m-varmforzinkad","status":"publish","type":"product","link":"https:\/\/abpolar.ee\/sv\/produkt\/dubbel-slaggrind-5-m-varmforzinkad\/","title":{"rendered":"Dubbel slaggrind 5 m, varmf\u00f6rzinkad"},"content":{"rendered":"<h2>Dubbel slaggrind 5 m, varmf\u00f6rzinkad<\/h2>\n<p>Ramen p\u00e5 bilporten med en bredd p\u00e5 ~5 m \u00e4r galvaniserad. Bilgrindsatsen inneh\u00e5ller tv\u00e5 vingar, bredden p\u00e5 en vinge \u00e4r 2,5 m. Grindramen kan t\u00e4ckas med det valda materialet (br\u00e4da, tr\u00e4, panel). Det \u00e4r m\u00f6jligt att f\u00e4sta automatik p\u00e5 slaggrinden. Porten kan \u00f6ppnas b\u00e5de ut\u00e5t och in\u00e5t. Stolparna och ramen p\u00e5 m\u00e5let \u00e4r gjorda av fyrh\u00f6rnigt st\u00e5l.<\/p>\n<ul>\n<li><strong>H\u00f6jder: 1,15 m, 1,45 m, 1,65 m, 1,95 m<\/strong><\/li>\n<li><strong>Bredden p\u00e5 en vinge \u00e4r 2,5 m<\/strong><\/li>\n<li><strong>M\u00e5lstolpen \u00e4r 70 cm l\u00e4ngre \u00e4n m\u00e5let<\/strong><\/li>\n<li><strong>M\u00e5tten p\u00e5 m\u00e5lstolpen \u00e4r 100 x 100 mm, stolpens v\u00e4ggtjocklek \u00e4r 3 mm<\/strong><\/li>\n<li><strong>M\u00e5tten p\u00e5 grindkarmen \u00e4r 60 x 40 mm och v\u00e4ggtjockleken \u00e4r 1,5 mm<\/strong><\/li>\n<li><strong>Setet inneh\u00e5ller: stolpar, grind, g\u00e5ngj\u00e4rn, vindklaff.<\/strong><\/li>\n<\/ul>\n<h3>INNAN INSTALLATION M\u00c4T UT UTRYMMEN P\u00c5 GRINDSTOLPEN!<\/h3>\n","protected":false},"excerpt":{"rendered":"<p>Dubbel slaggrind 5 m, varmf\u00f6rzinkad Ramen p\u00e5 bilporten med en bredd p\u00e5 ~5 m \u00e4r&#8230;<\/p>\n","protected":false},"featured_media":10070,"template":"","meta":{"_acf_changed":false,"inline_featured_image":false},"product_brand":[],"product_cat":[491,490,371],"product_tag":[],"class_list":{"0":"post-11555","1":"product","2":"type-product","3":"status-publish","4":"has-post-thumbnail","6":"product_cat-dubbelgrind","7":"product_cat-grindar","8":"product_cat-staket-och-tillbehor","10":"first","11":"instock","12":"taxable","13":"shipping-taxable","14":"purchasable","15":"product-type-variable"},"acf":[],"_links":{"self":[{"href":"https:\/\/abpolar.ee\/sv\/wp-json\/wp\/v2\/product\/11555","targetHints":{"allow":["GET"]}}],"collection":[{"href":"https:\/\/abpolar.ee\/sv\/wp-json\/wp\/v2\/product"}],"about":[{"href":"https:\/\/abpolar.ee\/sv\/wp-json\/wp\/v2\/types\/product"}],"wp:featuredmedia":[{"embeddable":true,"href":"https:\/\/abpolar.ee\/sv\/wp-json\/wp\/v2\/media\/10070"}],"wp:attachment":[{"href":"https:\/\/abpolar.ee\/sv\/wp-json\/wp\/v2\/media?parent=11555"}],"wp:term":[{"taxonomy":"product_brand","embeddable":true,"href":"https:\/\/abpolar.ee\/sv\/wp-json\/wp\/v2\/product_brand?post=11555"},{"taxonomy":"product_cat","embeddable":true,"href":"https:\/\/abpolar.ee\/sv\/wp-json\/wp\/v2\/product_cat?post=11555"},{"taxonomy":"product_tag","embeddable":true,"href":"https:\/\/abpolar.ee\/sv\/wp-json\/wp\/v2\/product_tag?post=11555"}],"curies":[{"name":"wp","href":"https:\/\/api.w.org\/{rel}","templated":true}]}}