{"id":11585,"date":"2023-01-30T16:15:21","date_gmt":"2023-01-30T14:15:21","guid":{"rendered":"https:\/\/abpolar-ee.vserver.zonevs.eu\/?post_type=product&#038;p=11585"},"modified":"2025-05-15T14:53:36","modified_gmt":"2025-05-15T11:53:36","slug":"tradgardsstaket-stal-elegant","status":"publish","type":"product","link":"https:\/\/abpolar.ee\/sv\/produkt\/tradgardsstaket-stal-elegant\/","title":{"rendered":"Tr\u00e4dg\u00e5rdsstaket st\u00e5l ELEGANT"},"content":{"rendered":"<h2>Tr\u00e4dg\u00e5rdsstaket st\u00e5l ELEGANT<\/h2>\n<p>Ett staket byggt med en st\u00e4ngselmodul i metall ger huset och g\u00e5rden ett f\u00e4rdigt och v\u00e4rdefullt intryck. Det uppst\u00e5r ofta situationer vid bostadsbyggande d\u00e4r ett tr\u00e5dst\u00e4ngsel inte \u00e4r en v\u00e4rdig l\u00f6sning f\u00f6r att omsluta fastigheten och ett dyrt st\u00e4ngsel i smide inte passar in i den planerade budgeten. Det b\u00e4sta alternativet i en s\u00e5dan situation \u00e4r ett t\u00e5fyllt metallst\u00e4ngsel som \u00e4r varmf\u00f6rzinkat och pulverlackerat. Ett metallst\u00e4ngsel av h\u00f6g kvalitet \u00e4r en bra investering som kommer att h\u00e5lla i \u00e5rtionden. Varbaia-modulen Elegant \u00e4r tillverkad i Estland.<\/p>\n<p><strong>Panelh\u00f6jd 0,93 m, 1,13 m, 1,43 m<\/strong><br \/>\n<strong>Modulens l\u00e4ngd \u00e4r 2.455 m<\/strong><br \/>\n<strong>Vertikala detaljer 15x15x1 mm<\/strong><br \/>\n<strong>Horisontella delar 25x40x2mm<\/strong><br \/>\n<strong>Avst\u00e5ndet mellan de horisontella st\u00e4ngerna \u00e4r 89 mm (+\/-3 mm)<\/strong><br \/>\n<strong>Ytbel\u00e4ggning: varmzink + Ral pulverf\u00e4rg (v\u00e4lj f\u00e4rg sj\u00e4lv)<\/strong><br \/>\n<strong>T\u00e5st\u00e5ngen Elegant monteringssats \u00e4r l\u00e4mplig f\u00f6r modulen<\/strong><\/p>\n<p>&nbsp;<\/p>\n<p>OBS! Inte en lagerprodukt. T\u00e5st\u00e4ngsel kan best\u00e4llas. Best\u00e4llningstid 3-4 veckor<br \/>\nVar noga med att ange f\u00e4rg vid best\u00e4llning.<\/p>\n<p>(Standardf\u00e4rger RAL 9005 (svart), RAL 7016 (m\u00f6rkgr\u00e5))<br \/>\n\u200b<\/p>\n<p><strong>AB Polar O\u00dc \u00e4r ett f\u00f6retag med l\u00e5ng erfarenhet inom detalj- och partihandel av tr\u00e4dg\u00e5rds- och inredningsprodukter i Estland och Finland.<\/strong><\/p>\n<p>V\u00e5ra huvudmarknader \u00e4r Estland och Finland, d\u00e4r vi \u00e4r en etablerad akt\u00f6r och d\u00e4r v\u00e5ra produkter finns att hitta i de st\u00f6rsta byggvaruhusen.<\/p>\n<p>Sedan 2008 har vi f\u00f6rsett b\u00e5de privatkunder och \u00e5terf\u00f6rs\u00e4ljare med h\u00f6gkvalitativa och prisv\u00e4rda l\u00f6sningar f\u00f6r tr\u00e4dg\u00e5rdsbygge och heminredning.<\/p>\n<p>V\u00e5r filosofi \u00e4r enkel \u2013 vi kombinerar kvalitet, funktionalitet och konkurrenskraftiga priser med flexibel och kundanpassad service.<\/p>\n<p><strong>Under 2024 har vi ut\u00f6kat v\u00e5r verksamhet till Sverige.<\/strong><\/p>\n","protected":false},"excerpt":{"rendered":"<p>Tr\u00e4dg\u00e5rdsstaket st\u00e5l ELEGANT Ett staket byggt med en st\u00e4ngselmodul i metall ger huset och g\u00e5rden&#8230;<\/p>\n","protected":false},"featured_media":10310,"template":"","meta":{"_acf_changed":false,"inline_featured_image":false},"product_brand":[],"product_cat":[371,500],"product_tag":[],"class_list":{"0":"post-11585","1":"product","2":"type-product","3":"status-publish","4":"has-post-thumbnail","6":"product_cat-staket-och-tillbehor","7":"product_cat-stalstaket","9":"first","10":"instock","11":"taxable","12":"shipping-taxable","13":"purchasable","14":"product-type-variable"},"acf":[],"_links":{"self":[{"href":"https:\/\/abpolar.ee\/sv\/wp-json\/wp\/v2\/product\/11585","targetHints":{"allow":["GET"]}}],"collection":[{"href":"https:\/\/abpolar.ee\/sv\/wp-json\/wp\/v2\/product"}],"about":[{"href":"https:\/\/abpolar.ee\/sv\/wp-json\/wp\/v2\/types\/product"}],"wp:featuredmedia":[{"embeddable":true,"href":"https:\/\/abpolar.ee\/sv\/wp-json\/wp\/v2\/media\/10310"}],"wp:attachment":[{"href":"https:\/\/abpolar.ee\/sv\/wp-json\/wp\/v2\/media?parent=11585"}],"wp:term":[{"taxonomy":"product_brand","embeddable":true,"href":"https:\/\/abpolar.ee\/sv\/wp-json\/wp\/v2\/product_brand?post=11585"},{"taxonomy":"product_cat","embeddable":true,"href":"https:\/\/abpolar.ee\/sv\/wp-json\/wp\/v2\/product_cat?post=11585"},{"taxonomy":"product_tag","embeddable":true,"href":"https:\/\/abpolar.ee\/sv\/wp-json\/wp\/v2\/product_tag?post=11585"}],"curies":[{"name":"wp","href":"https:\/\/api.w.org\/{rel}","templated":true}]}}