{"id":11593,"date":"2023-02-22T15:06:11","date_gmt":"2023-02-22T13:06:11","guid":{"rendered":"https:\/\/abpolar-ee.vserver.zonevs.eu\/?post_type=product&#038;p=11593"},"modified":"2025-05-15T14:50:26","modified_gmt":"2025-05-15T11:50:26","slug":"tradgardsgrind-stal-svart-lux","status":"publish","type":"product","link":"https:\/\/abpolar.ee\/sv\/produkt\/tradgardsgrind-stal-svart-lux\/","title":{"rendered":"Tr\u00e4dg\u00e5rdsgrind st\u00e5l svart LUX"},"content":{"rendered":"<h2>Tr\u00e4dg\u00e5rdsgrind st\u00e5l svart LUX<\/h2>\n<p>Det uppst\u00e5r ofta situationer vid bostadsbyggande d\u00e4r ett tr\u00e5dst\u00e4ngsel inte \u00e4r en v\u00e4rdig l\u00f6sning f\u00f6r att omsluta fastigheten och ett dyrt st\u00e4ngsel i smide inte passar in i den planerade budgeten. Det b\u00e4sta alternativet i en s\u00e5dan situation \u00e4r ett t\u00e5fyllt metallst\u00e4ngsel och grindar, som \u00e4r varmf\u00f6rzinkade och pulverlackerade. Ett metallst\u00e4ngsel av h\u00f6g kvalitet \u00e4r en bra investering som kommer att h\u00e5lla i \u00e5rtionden. M\u00e5lets h\u00f6jd fr\u00e5n marken \u00e4r 1m, 1,2m, 1,5m. Vi anv\u00e4nder ett h\u00f6gkvalitativt rostfritt Locinox Fiftyset l\u00e5sset f\u00f6r fotgrindl\u00e5sset (se ritning)<\/p>\n<p><strong>H\u00f6jden p\u00e5 fotporten Lux fr\u00e5n marken \u00e4r 1m, 1,2m, 1,5m<\/strong><br \/>\n<strong>M\u00e5lramens bredd \u00e4r 0,9 m. Avst\u00e5ndet mellan de installerade m\u00e5lstolparna m\u00e5ste vara 1 m<\/strong><br \/>\n<strong>De vertikala delarna \u00e4r gjorda av 15x15x1,0mm st\u00e5lr\u00f6r<\/strong><br \/>\n<strong>M\u00e5lramen \u00e4r gjord av 60x40x2 mm st\u00e5lr\u00f6r, vilket ger m\u00e5let styrka.<\/strong><br \/>\n<strong>Avst\u00e5ndet mellan de vertikala st\u00e4ngerna \u00e4r 89 mm (+\/-2 mm)<\/strong><br \/>\n<strong>Ytbel\u00e4ggning: varmzink + Ral pulverf\u00e4rg (v\u00e4lj f\u00e4rg sj\u00e4lv)<\/strong><br \/>\n<strong>Vi anv\u00e4nder ett h\u00f6gkvalitativt rostfritt Locinox Fiftyset l\u00e5sset f\u00f6r fotgrindl\u00e5sset (se ritning)<\/strong><br \/>\n<strong>I priset p\u00e5 fotgrinden ing\u00e5r: Fotgrind av metall, plastk\u00e5por f\u00f6r \u00e4ndarna av st\u00e4ngerna och r\u00f6rramen, Locinox Fiftyset l\u00e5ssats (l\u00e5skropp, l\u00e5s med tre nycklar, t\u00e4ckpl\u00e5tar med sj\u00e4lvborrande f\u00e4stskruvar, aluminium grindl\u00e4nk , stolpr\u00e4knare f\u00f6r l\u00e5set. Monteringsanvisning ing\u00e5r ocks\u00e5 i satsen)<\/strong><br \/>\n<strong>G\u00e5ngj\u00e4rnssetet till fotgrinden \u00e4r Locinox varmf\u00f6rzinkade g\u00e5ngj\u00e4rn.Det finns tv\u00e5 typer av g\u00e5ngj\u00e4rn (f\u00e4st p\u00e5 en metallstolpe och f\u00e4st p\u00e5 en stenstolpe) &#8211; K\u00d6P EXTRA<\/strong><br \/>\n<strong>Priset p\u00e5 m\u00e5let inkluderar inte: Fotm\u00e5lstolpar, m\u00e5lg\u00e5ngj\u00e4rn (antingen metall f\u00f6r stolpen eller stenstolpe) &#8211; K\u00d6P EXTRA<\/strong><\/p>\n<p>&nbsp;<\/p>\n<p>Vi rekommenderar att du installerar fotporten p\u00e5 grindstolparna efter gjutning.Detta tillv\u00e4gag\u00e5ngss\u00e4tt ger m\u00f6jlighet att \u00e4ndra placeringen av g\u00e5ngj\u00e4rnen p\u00e5 stolpen vid behov f\u00f6r att h\u00e5lla ca 70-80 mm mellan marken och grinden . Du m\u00e5ste dock mycket noggrant f\u00f6lja det givna m\u00e5ttet mellan m\u00e5lstolparna! Efter landskapsarkitektur eller montering av gatstenar kan porten placeras p\u00e5 en metallstolpe, som initialt inte har portens g\u00e5ngj\u00e4rnsh\u00e5l inuti, markera h\u00e5len f\u00f6r grindg\u00e5ngj\u00e4rns\u00f6ppning p\u00e5 r\u00e4tt plats utifr\u00e5n den situation som uppst\u00e5tt under byggnationen Borra sedan h\u00e5len f\u00f6r grindg\u00e5ngj\u00e4rnen enligt instruktionerna i stolpmonteringsmanualen Vid montering av grindstolparna kan de \u00e4ven l\u00e4mnas lite mer ur marken (ca 5-10 cm \u00f6ver erforderlig storlek) Om grindarna monteras p\u00e5 stolparna sk\u00e4rs stolparna efter portens \u00f6vre linje. Det skulle vara bra att applicera lite zinkf\u00e4rg p\u00e5 sk\u00e4rplatsen efter kapning, vilket kommer att f\u00f6rhindra att sk\u00e4rplatsen rostar.<\/p>\n<p>OBS! Inte en lagerprodukt. T\u00e5st\u00e4ngsel kan best\u00e4llas. Best\u00e4llningstid 3-4 veckor<br \/>\nVar noga med att ange f\u00e4rg vid best\u00e4llning.<\/p>\n<p>(Standardf\u00e4rger RAL 9005 (svart), RAL 7016 (m\u00f6rkgr\u00e5))<br \/>\n\u200b<\/p>\n<p><strong>AB Polar O\u00dc \u00e4r ett f\u00f6retag med l\u00e5ng erfarenhet inom detalj- och partihandel av tr\u00e4dg\u00e5rds- och inredningsprodukter i Estland och Finland.<\/strong><\/p>\n<p>V\u00e5ra huvudmarknader \u00e4r Estland och Finland, d\u00e4r vi \u00e4r en etablerad akt\u00f6r och d\u00e4r v\u00e5ra produkter finns att hitta i de st\u00f6rsta byggvaruhusen.<\/p>\n<p>Sedan 2008 har vi f\u00f6rsett b\u00e5de privatkunder och \u00e5terf\u00f6rs\u00e4ljare med h\u00f6gkvalitativa och prisv\u00e4rda l\u00f6sningar f\u00f6r tr\u00e4dg\u00e5rdsbygge och heminredning.<\/p>\n<p>V\u00e5r filosofi \u00e4r enkel \u2013 vi kombinerar kvalitet, funktionalitet och konkurrenskraftiga priser med flexibel och kundanpassad service.<\/p>\n<p><strong>Under 2024 har vi ut\u00f6kat v\u00e5r verksamhet till Sverige.<\/strong><\/p>\n","protected":false},"excerpt":{"rendered":"<p>Tr\u00e4dg\u00e5rdsgrind st\u00e5l svart LUX Det uppst\u00e5r ofta situationer vid bostadsbyggande d\u00e4r ett tr\u00e5dst\u00e4ngsel inte \u00e4r&#8230;<\/p>\n","protected":false},"featured_media":10417,"template":"","meta":{"_acf_changed":false,"inline_featured_image":false},"product_brand":[],"product_cat":[490,492,371,500],"product_tag":[],"class_list":{"0":"post-11593","1":"product","2":"type-product","3":"status-publish","4":"has-post-thumbnail","6":"product_cat-grindar","7":"product_cat-grindar-for-fotgangare","8":"product_cat-staket-och-tillbehor","9":"product_cat-stalstaket","11":"first","12":"instock","13":"taxable","14":"shipping-taxable","15":"purchasable","16":"product-type-variable"},"acf":[],"_links":{"self":[{"href":"https:\/\/abpolar.ee\/sv\/wp-json\/wp\/v2\/product\/11593","targetHints":{"allow":["GET"]}}],"collection":[{"href":"https:\/\/abpolar.ee\/sv\/wp-json\/wp\/v2\/product"}],"about":[{"href":"https:\/\/abpolar.ee\/sv\/wp-json\/wp\/v2\/types\/product"}],"wp:featuredmedia":[{"embeddable":true,"href":"https:\/\/abpolar.ee\/sv\/wp-json\/wp\/v2\/media\/10417"}],"wp:attachment":[{"href":"https:\/\/abpolar.ee\/sv\/wp-json\/wp\/v2\/media?parent=11593"}],"wp:term":[{"taxonomy":"product_brand","embeddable":true,"href":"https:\/\/abpolar.ee\/sv\/wp-json\/wp\/v2\/product_brand?post=11593"},{"taxonomy":"product_cat","embeddable":true,"href":"https:\/\/abpolar.ee\/sv\/wp-json\/wp\/v2\/product_cat?post=11593"},{"taxonomy":"product_tag","embeddable":true,"href":"https:\/\/abpolar.ee\/sv\/wp-json\/wp\/v2\/product_tag?post=11593"}],"curies":[{"name":"wp","href":"https:\/\/api.w.org\/{rel}","templated":true}]}}