{"id":11597,"date":"2023-01-30T16:15:22","date_gmt":"2023-01-30T14:15:22","guid":{"rendered":"https:\/\/abpolar-ee.vserver.zonevs.eu\/?post_type=product&#038;p=11597"},"modified":"2025-05-15T14:51:04","modified_gmt":"2025-05-15T11:51:04","slug":"dubbelgrind-med-stal-svart-elegant","status":"publish","type":"product","link":"https:\/\/abpolar.ee\/sv\/produkt\/dubbelgrind-med-stal-svart-elegant\/","title":{"rendered":"Dubbelgrind med st\u00e5l svart ELEGANT"},"content":{"rendered":"<h2>Dubbelgrind med st\u00e5l svart ELEGANT<\/h2>\n<p>Det uppst\u00e5r ofta situationer vid bostadsbyggande d\u00e4r ett tr\u00e5dst\u00e4ngsel inte \u00e4r en v\u00e4rdig l\u00f6sning f\u00f6r att omsluta fastigheten och ett dyrt st\u00e4ngsel i smide inte passar in i den planerade budgeten. Det b\u00e4sta alternativet i en s\u00e5dan situation \u00e4r ett t\u00e5fyllt metallst\u00e4ngsel och grindar som \u00e4r varmf\u00f6rzinkade och pulverlackerade. Ett metallst\u00e4ngsel av h\u00f6g kvalitet \u00e4r en bra investering som kommer att h\u00e5lla i \u00e5rtionden. M\u00e5lets h\u00f6jd fr\u00e5n marken \u00e4r 1m, 1,2m, 1,5m. Vi anv\u00e4nder ett h\u00f6gkvalitativt rostfritt Locinox Fiftyset l\u00e5sset f\u00f6r fotgrindl\u00e5sset (se ritning)<\/p>\n<p>&nbsp;<\/p>\n<p><strong>H\u00f6jder: 0,93 m, 1,13 m, 1,43 m<\/strong><br \/>\n<strong>Bredden p\u00e5 en grindvinge \u00e4r 1930 mm.<\/strong><br \/>\n<strong>Avst\u00e5ndet mellan de installerade m\u00e5lstolparna m\u00e5ste vara 4m<\/strong><br \/>\n<strong>Vertikala delar: 15x15x1,0 mm st\u00e5lr\u00f6r<\/strong><br \/>\n<strong>Grindram: 60x40x2 mm st\u00e5lr\u00f6r, som ger styrka till grinden.<\/strong><br \/>\n<strong>Avst\u00e5ndet mellan de vertikala st\u00e4ngerna \u00e4r 89 mm (+\/-2 mm)<\/strong><br \/>\n<strong>Ytbel\u00e4ggning: varmzink + Ral pulverf\u00e4rg (v\u00e4lj f\u00e4rg sj\u00e4lv)<\/strong><br \/>\n<strong>Grinden \u00e4r gjord p\u00e5 ett s\u00e5dant s\u00e4tt att grindautomatiken vid behov kan f\u00e4stas p\u00e5 den mellersta eller nedre horisontella linjen. Om automatisering inte anv\u00e4nds rekommenderar vi att du anv\u00e4nder Locinox rostfria marksp\u00e4rrar f\u00f6r att l\u00e5sa grindvingarna. Urvalet inkluderar b\u00e5de standard och l\u00e5sbara marksp\u00e4rrar.<\/strong><br \/>\n<strong>Bilportg\u00e5ngj\u00e4rnset \u00e4r Locinox varmf\u00f6rzinkade g\u00e5ngj\u00e4rn. Det finns tv\u00e5 typer av g\u00e5ngj\u00e4rn (f\u00e4st p\u00e5 en metallstolpe och f\u00e4st p\u00e5 en stenstolpe) &#8211; K\u00d6P EXTRA<\/strong><br \/>\n<strong>I grindpriset ing\u00e5r ej: Bilportstolpar 80x80x3 mm, grindg\u00e5ngj\u00e4rn (metall till grindstolpe eller stenstolpe), marksp\u00e4rrar till grinden &#8211; K\u00d6P EXTRA<\/strong><br \/>\n<strong>I priset p\u00e5 bilporten ing\u00e5r: Tv\u00e5 bilgrindvingar i metall, t\u00e4cklock av plast f\u00f6r \u00e4ndarna p\u00e5 st\u00e4ngerna och r\u00f6rramen,<\/strong><\/p>\n<p>&nbsp;<\/p>\n<p>Vi rekommenderar att bilporten monteras p\u00e5 grindstolparna efter gjutning. Detta tillv\u00e4gag\u00e5ngss\u00e4tt ger m\u00f6jlighet att vid behov \u00e4ndra placeringen av g\u00e5ngj\u00e4rnen p\u00e5 stolpen f\u00f6r att bibeh\u00e5lla ca 70-80 mm mellan marken och grinden. Du m\u00e5ste dock noggrant observera det givna m\u00e5ttet mellan m\u00e5lstolparna! Efter landskapsarbetet eller montering av gatstenar kan portens metallstolpe, som ursprungligen inte har h\u00e5l i portg\u00e5ngj\u00e4rnen, m\u00e4rkas med h\u00e5l f\u00f6r portg\u00e5ngj\u00e4rns\u00f6ppningen p\u00e5 r\u00e4tt st\u00e4lle utifr\u00e5n den situation som uppstod under bygget . Borra sedan h\u00e5len f\u00f6r grindens g\u00e5ngj\u00e4rn enligt instruktionerna i efterinstallationsmanualen. Vid montering av m\u00e5lstolparna kan de ocks\u00e5 l\u00e4mnas lite mer fr\u00e5n marken (ca 5-10 cm \u00f6ver \u00f6nskad storlek). N\u00e4r grindarna \u00e4r monterade p\u00e5 stolparna kapas stolparna till i storlek enligt portens \u00f6vre linje. Det skulle vara bra att applicera lite zinkf\u00e4rg p\u00e5 sk\u00e4romr\u00e5det efter kapningen, vilket f\u00f6rhindrar att sk\u00e4romr\u00e5det rostar. Stolplocket som g\u00e5r p\u00e5 stolpen f\u00f6rhindrar att regnvatten kommer in i klippomr\u00e5det senare.<\/p>\n<p>&nbsp;<\/p>\n<p>OBS! Inte en lagerprodukt. T\u00e5st\u00e4ngsel kan best\u00e4llas. Best\u00e4llningstid 3-4 veckor<br \/>\nVar noga med att ange f\u00e4rg vid best\u00e4llning.<\/p>\n<p>(Standardf\u00e4rger RAL 9005 (svart), RAL 7016 (m\u00f6rkgr\u00e5))<br \/>\n\u200b<\/p>\n<p><strong>AB Polar O\u00dc \u00e4r ett f\u00f6retag med l\u00e5ng erfarenhet inom detalj- och partihandel av tr\u00e4dg\u00e5rds- och inredningsprodukter i Estland och Finland.<\/strong><\/p>\n<p>V\u00e5ra huvudmarknader \u00e4r Estland och Finland, d\u00e4r vi \u00e4r en etablerad akt\u00f6r och d\u00e4r v\u00e5ra produkter finns att hitta i de st\u00f6rsta byggvaruhusen.<\/p>\n<p>Sedan 2008 har vi f\u00f6rsett b\u00e5de privatkunder och \u00e5terf\u00f6rs\u00e4ljare med h\u00f6gkvalitativa och prisv\u00e4rda l\u00f6sningar f\u00f6r tr\u00e4dg\u00e5rdsbygge och heminredning.<\/p>\n<p>V\u00e5r filosofi \u00e4r enkel \u2013 vi kombinerar kvalitet, funktionalitet och konkurrenskraftiga priser med flexibel och kundanpassad service.<\/p>\n<p><strong>Under 2024 har vi ut\u00f6kat v\u00e5r verksamhet till Sverige.<\/strong><\/p>\n","protected":false},"excerpt":{"rendered":"<p>Dubbelgrind med st\u00e5l svart ELEGANT Det uppst\u00e5r ofta situationer vid bostadsbyggande d\u00e4r ett tr\u00e5dst\u00e4ngsel inte&#8230;<\/p>\n","protected":false},"featured_media":10333,"template":"","meta":{"_acf_changed":false,"inline_featured_image":false},"product_brand":[],"product_cat":[491,490,371,500],"product_tag":[],"class_list":{"0":"post-11597","1":"product","2":"type-product","3":"status-publish","4":"has-post-thumbnail","6":"product_cat-dubbelgrind","7":"product_cat-grindar","8":"product_cat-staket-och-tillbehor","9":"product_cat-stalstaket","11":"first","12":"instock","13":"taxable","14":"shipping-taxable","15":"purchasable","16":"product-type-variable"},"acf":[],"_links":{"self":[{"href":"https:\/\/abpolar.ee\/sv\/wp-json\/wp\/v2\/product\/11597","targetHints":{"allow":["GET"]}}],"collection":[{"href":"https:\/\/abpolar.ee\/sv\/wp-json\/wp\/v2\/product"}],"about":[{"href":"https:\/\/abpolar.ee\/sv\/wp-json\/wp\/v2\/types\/product"}],"wp:featuredmedia":[{"embeddable":true,"href":"https:\/\/abpolar.ee\/sv\/wp-json\/wp\/v2\/media\/10333"}],"wp:attachment":[{"href":"https:\/\/abpolar.ee\/sv\/wp-json\/wp\/v2\/media?parent=11597"}],"wp:term":[{"taxonomy":"product_brand","embeddable":true,"href":"https:\/\/abpolar.ee\/sv\/wp-json\/wp\/v2\/product_brand?post=11597"},{"taxonomy":"product_cat","embeddable":true,"href":"https:\/\/abpolar.ee\/sv\/wp-json\/wp\/v2\/product_cat?post=11597"},{"taxonomy":"product_tag","embeddable":true,"href":"https:\/\/abpolar.ee\/sv\/wp-json\/wp\/v2\/product_tag?post=11597"}],"curies":[{"name":"wp","href":"https:\/\/api.w.org\/{rel}","templated":true}]}}