{"id":11607,"date":"2023-01-30T16:15:24","date_gmt":"2023-01-30T14:15:24","guid":{"rendered":"https:\/\/abpolar-ee.vserver.zonevs.eu\/?post_type=product&#038;p=11607"},"modified":"2025-05-15T14:50:03","modified_gmt":"2025-05-15T11:50:03","slug":"grindstolpe-for-metallstangsel-elegant-lux","status":"publish","type":"product","link":"https:\/\/abpolar.ee\/sv\/produkt\/grindstolpe-for-metallstangsel-elegant-lux\/","title":{"rendered":"Grindstolpe f\u00f6r metallst\u00e4ngsel ELEGANT\/LUX"},"content":{"rendered":"<h2>Grindstolpe f\u00f6r metallst\u00e4ngsel ELEGANT\/LUX<\/h2>\n<p>Portstolpen \u00e4r l\u00e4mplig f\u00f6r montering av Elegant- eller Lux-portar.<\/p>\n<p><strong>Storlek : 80x80x3mm<\/strong><br \/>\n<strong>H\u00f6jd: 2000 mm<\/strong><br \/>\n<strong>Ytbel\u00e4ggning: varmzink + Ral pulverf\u00e4rg (v\u00e4lj f\u00e4rg sj\u00e4lv)<\/strong><br \/>\n<strong>Inkluderar brevlock<\/strong><br \/>\n<strong>K\u00f6p en extra upps\u00e4ttning g\u00e5ngj\u00e4rn<\/strong><\/p>\n<p><strong>AB Polar O\u00dc \u00e4r ett f\u00f6retag med l\u00e5ng erfarenhet inom detalj- och partihandel av tr\u00e4dg\u00e5rds- och inredningsprodukter i Estland och Finland.<\/strong><\/p>\n<p>V\u00e5ra huvudmarknader \u00e4r Estland och Finland, d\u00e4r vi \u00e4r en etablerad akt\u00f6r och d\u00e4r v\u00e5ra produkter finns att hitta i de st\u00f6rsta byggvaruhusen.<\/p>\n<p>Sedan 2008 har vi f\u00f6rsett b\u00e5de privatkunder och \u00e5terf\u00f6rs\u00e4ljare med h\u00f6gkvalitativa och prisv\u00e4rda l\u00f6sningar f\u00f6r tr\u00e4dg\u00e5rdsbygge och heminredning.<\/p>\n<p>V\u00e5r filosofi \u00e4r enkel \u2013 vi kombinerar kvalitet, funktionalitet och konkurrenskraftiga priser med flexibel och kundanpassad service.<\/p>\n<p><strong>Under 2024 har vi ut\u00f6kat v\u00e5r verksamhet till Sverige.<\/strong><\/p>\n","protected":false},"excerpt":{"rendered":"<p>Grindstolpe f\u00f6r metallst\u00e4ngsel ELEGANT\/LUX Portstolpen \u00e4r l\u00e4mplig f\u00f6r montering av Elegant- eller Lux-portar. Storlek :&#8230;<\/p>\n","protected":false},"featured_media":10352,"template":"","meta":{"_acf_changed":false,"inline_featured_image":false},"product_brand":[],"product_cat":[371,474,500],"product_tag":[],"class_list":{"0":"post-11607","1":"product","2":"type-product","3":"status-publish","4":"has-post-thumbnail","6":"product_cat-staket-och-tillbehor","7":"product_cat-staket-stolpe","8":"product_cat-stalstaket","9":"product_shipping_class-litet-paket","11":"first","12":"instock","13":"taxable","14":"shipping-taxable","15":"purchasable","16":"product-type-simple"},"acf":[],"_links":{"self":[{"href":"https:\/\/abpolar.ee\/sv\/wp-json\/wp\/v2\/product\/11607","targetHints":{"allow":["GET"]}}],"collection":[{"href":"https:\/\/abpolar.ee\/sv\/wp-json\/wp\/v2\/product"}],"about":[{"href":"https:\/\/abpolar.ee\/sv\/wp-json\/wp\/v2\/types\/product"}],"wp:featuredmedia":[{"embeddable":true,"href":"https:\/\/abpolar.ee\/sv\/wp-json\/wp\/v2\/media\/10352"}],"wp:attachment":[{"href":"https:\/\/abpolar.ee\/sv\/wp-json\/wp\/v2\/media?parent=11607"}],"wp:term":[{"taxonomy":"product_brand","embeddable":true,"href":"https:\/\/abpolar.ee\/sv\/wp-json\/wp\/v2\/product_brand?post=11607"},{"taxonomy":"product_cat","embeddable":true,"href":"https:\/\/abpolar.ee\/sv\/wp-json\/wp\/v2\/product_cat?post=11607"},{"taxonomy":"product_tag","embeddable":true,"href":"https:\/\/abpolar.ee\/sv\/wp-json\/wp\/v2\/product_tag?post=11607"}],"curies":[{"name":"wp","href":"https:\/\/api.w.org\/{rel}","templated":true}]}}