{"id":11611,"date":"2023-01-30T16:15:24","date_gmt":"2023-01-30T14:15:24","guid":{"rendered":"https:\/\/abpolar-ee.vserver.zonevs.eu\/?post_type=product&#038;p=11611"},"modified":"2025-05-15T14:49:51","modified_gmt":"2025-05-15T11:49:51","slug":"tradgardsport-i-metall-elegant-lux-monteringssats-for-stenstolpe","status":"publish","type":"product","link":"https:\/\/abpolar.ee\/sv\/produkt\/tradgardsport-i-metall-elegant-lux-monteringssats-for-stenstolpe\/","title":{"rendered":"Tr\u00e4dg\u00e5rdsport i metall ELEGANT\/LUX monteringssats f\u00f6r stenstolpe"},"content":{"rendered":"<h2>Tr\u00e4dg\u00e5rdsport i metall ELEGANT\/LUX monteringssats f\u00f6r stenstolpe<\/h2>\n<p>N\u00e4r du k\u00f6per en tr\u00e4dg\u00e5rdsgrind i metall ELEGANT eller LUX, k\u00f6p ett extra f\u00e4stsats. K\u00f6p detta set om du vill installera grinden p\u00e5 en stenstolpe.<\/p>\n<p>&nbsp;<\/p>\n<p><strong>Setet inneh\u00e5ller:<\/strong><br \/>\n<strong>Justerbara andningsf\u00e4llor 2 st.<\/strong><br \/>\n<strong>g\u00e5ngj\u00e4rnsf\u00e4ste tillbeh\u00f6r f\u00f6r stenstolpe 2 st.,<\/strong><br \/>\n<strong>15x15mm plastlock. 16 st.,<\/strong><br \/>\n<strong>40&#215;60 kapslar plast 2 st<\/strong><\/p>\n<p><strong>AB Polar O\u00dc \u00e4r ett f\u00f6retag med l\u00e5ng erfarenhet inom detalj- och partihandel av tr\u00e4dg\u00e5rds- och inredningsprodukter i Estland och Finland.<\/strong><\/p>\n<p>V\u00e5ra huvudmarknader \u00e4r Estland och Finland, d\u00e4r vi \u00e4r en etablerad akt\u00f6r och d\u00e4r v\u00e5ra produkter finns att hitta i de st\u00f6rsta byggvaruhusen.<\/p>\n<p>Sedan 2008 har vi f\u00f6rsett b\u00e5de privatkunder och \u00e5terf\u00f6rs\u00e4ljare med h\u00f6gkvalitativa och prisv\u00e4rda l\u00f6sningar f\u00f6r tr\u00e4dg\u00e5rdsbygge och heminredning.<\/p>\n<p>V\u00e5r filosofi \u00e4r enkel \u2013 vi kombinerar kvalitet, funktionalitet och konkurrenskraftiga priser med flexibel och kundanpassad service.<\/p>\n<p><strong>Under 2024 har vi ut\u00f6kat v\u00e5r verksamhet till Sverige.<\/strong><\/p>\n","protected":false},"excerpt":{"rendered":"<p>Tr\u00e4dg\u00e5rdsport i metall ELEGANT\/LUX monteringssats f\u00f6r stenstolpe N\u00e4r du k\u00f6per en tr\u00e4dg\u00e5rdsgrind i metall ELEGANT&#8230;<\/p>\n","protected":false},"featured_media":10406,"template":"","meta":{"_acf_changed":false,"inline_featured_image":false},"product_brand":[],"product_cat":[371,500],"product_tag":[],"class_list":{"0":"post-11611","1":"product","2":"type-product","3":"status-publish","4":"has-post-thumbnail","6":"product_cat-staket-och-tillbehor","7":"product_cat-stalstaket","8":"product_shipping_class-litet-paket","10":"first","11":"instock","12":"taxable","13":"shipping-taxable","14":"purchasable","15":"product-type-simple"},"acf":[],"_links":{"self":[{"href":"https:\/\/abpolar.ee\/sv\/wp-json\/wp\/v2\/product\/11611","targetHints":{"allow":["GET"]}}],"collection":[{"href":"https:\/\/abpolar.ee\/sv\/wp-json\/wp\/v2\/product"}],"about":[{"href":"https:\/\/abpolar.ee\/sv\/wp-json\/wp\/v2\/types\/product"}],"wp:featuredmedia":[{"embeddable":true,"href":"https:\/\/abpolar.ee\/sv\/wp-json\/wp\/v2\/media\/10406"}],"wp:attachment":[{"href":"https:\/\/abpolar.ee\/sv\/wp-json\/wp\/v2\/media?parent=11611"}],"wp:term":[{"taxonomy":"product_brand","embeddable":true,"href":"https:\/\/abpolar.ee\/sv\/wp-json\/wp\/v2\/product_brand?post=11611"},{"taxonomy":"product_cat","embeddable":true,"href":"https:\/\/abpolar.ee\/sv\/wp-json\/wp\/v2\/product_cat?post=11611"},{"taxonomy":"product_tag","embeddable":true,"href":"https:\/\/abpolar.ee\/sv\/wp-json\/wp\/v2\/product_tag?post=11611"}],"curies":[{"name":"wp","href":"https:\/\/api.w.org\/{rel}","templated":true}]}}