{"id":11614,"date":"2022-11-17T16:08:09","date_gmt":"2022-11-17T14:08:09","guid":{"rendered":"https:\/\/abpolar-ee.vserver.zonevs.eu\/?post_type=product&#038;p=11614"},"modified":"2025-05-15T15:05:10","modified_gmt":"2025-05-15T12:05:10","slug":"u-koppling-for-staketstolpe-60x40-mm","status":"publish","type":"product","link":"https:\/\/abpolar.ee\/sv\/produkt\/u-koppling-for-staketstolpe-60x40-mm\/","title":{"rendered":"U-koppling f\u00f6r staketstolpe 60&#215;40 mm"},"content":{"rendered":"<h2>U-koppling f\u00f6r staketstolpe 60&#215;40 mm<\/h2>\n<p>Du kan enkelt och effektivt f\u00e4sta dina n\u00e4tgaller till en standard 60&#215;40 mm staketstolpe med v\u00e5r U-koppling!<\/p>\n<p>U-kopplingen \u00e4r tillverkad i h\u00f6gkvalitativt rostfritt st\u00e5l och plast och \u00e4r rostbest\u00e4ndig och s\u00e4kerst\u00e4ller m\u00e5nga \u00e5rs p\u00e5litlig anv\u00e4ndning.<\/p>\n<p>F\u00e4rg: Svart och silver<br \/>\nMaterial: Rostfritt st\u00e5l och plast<br \/>\nL\u00e4mplig f\u00f6r standard 60&#215;40 mm staketstolpe<\/p>\n<p><strong>AB Polar O\u00dc \u00e4r ett f\u00f6retag med l\u00e5ng erfarenhet inom detalj- och partihandel av tr\u00e4dg\u00e5rds- och inredningsprodukter i Estland och Finland.<\/strong><\/p>\n<p>V\u00e5ra huvudmarknader \u00e4r Estland och Finland, d\u00e4r vi \u00e4r en etablerad akt\u00f6r och d\u00e4r v\u00e5ra produkter finns att hitta i de st\u00f6rsta byggvaruhusen.<\/p>\n<p>Sedan 2008 har vi f\u00f6rsett b\u00e5de privatkunder och \u00e5terf\u00f6rs\u00e4ljare med h\u00f6gkvalitativa och prisv\u00e4rda l\u00f6sningar f\u00f6r tr\u00e4dg\u00e5rdsbygge och heminredning.<\/p>\n<p>V\u00e5r filosofi \u00e4r enkel \u2013 vi kombinerar kvalitet, funktionalitet och konkurrenskraftiga priser med flexibel och kundanpassad service.<\/p>\n<p><strong>Under 2024 har vi ut\u00f6kat v\u00e5r verksamhet till Sverige.<\/strong><\/p>\n","protected":false},"excerpt":{"rendered":"<p>U-koppling f\u00f6r staketstolpe 60&#215;40 mm Du kan enkelt och effektivt f\u00e4sta dina n\u00e4tgaller till en&#8230;<\/p>\n","protected":false},"featured_media":9281,"template":"","meta":{"_acf_changed":false,"inline_featured_image":false},"product_brand":[],"product_cat":[475],"product_tag":[],"class_list":{"0":"post-11614","1":"product","2":"type-product","3":"status-publish","4":"has-post-thumbnail","6":"product_cat-tillbehor-till-staket","7":"product_shipping_class-paket-upp-till-30kg","9":"first","10":"instock","11":"taxable","12":"shipping-taxable","13":"purchasable","14":"product-type-simple"},"acf":[],"_links":{"self":[{"href":"https:\/\/abpolar.ee\/sv\/wp-json\/wp\/v2\/product\/11614","targetHints":{"allow":["GET"]}}],"collection":[{"href":"https:\/\/abpolar.ee\/sv\/wp-json\/wp\/v2\/product"}],"about":[{"href":"https:\/\/abpolar.ee\/sv\/wp-json\/wp\/v2\/types\/product"}],"wp:featuredmedia":[{"embeddable":true,"href":"https:\/\/abpolar.ee\/sv\/wp-json\/wp\/v2\/media\/9281"}],"wp:attachment":[{"href":"https:\/\/abpolar.ee\/sv\/wp-json\/wp\/v2\/media?parent=11614"}],"wp:term":[{"taxonomy":"product_brand","embeddable":true,"href":"https:\/\/abpolar.ee\/sv\/wp-json\/wp\/v2\/product_brand?post=11614"},{"taxonomy":"product_cat","embeddable":true,"href":"https:\/\/abpolar.ee\/sv\/wp-json\/wp\/v2\/product_cat?post=11614"},{"taxonomy":"product_tag","embeddable":true,"href":"https:\/\/abpolar.ee\/sv\/wp-json\/wp\/v2\/product_tag?post=11614"}],"curies":[{"name":"wp","href":"https:\/\/api.w.org\/{rel}","templated":true}]}}