{"id":11615,"date":"2022-11-17T16:08:13","date_gmt":"2022-11-17T14:08:13","guid":{"rendered":"https:\/\/abpolar-ee.vserver.zonevs.eu\/?post_type=product&#038;p=11615"},"modified":"2023-12-07T13:56:19","modified_gmt":"2023-12-07T11:56:19","slug":"stolpnedslagare-med-handtag-stal","status":"publish","type":"product","link":"https:\/\/abpolar.ee\/sv\/produkt\/stolpnedslagare-med-handtag-stal\/","title":{"rendered":"Stolpnedslagare med handtag st\u00e5l"},"content":{"rendered":"<h2 class=\"product-name hidden-md-down h2\">Stolpnedslagare med handtag st\u00e5l<\/h2>\n<p>Den h\u00f6gkvalitativa stolpnedslagaren i st\u00e5l \u00e4r perfekt n\u00e4r du m\u00e5ste driva stolpar i marken.<\/p>\n<p>Stolpnedslagaren har en f\u00f6rsluten sida. Den har tv\u00e5 handtag med ett r\u00f6r 16 cm i diameter, en total l\u00e4ngd p\u00e5 60 cm och en total vikt p\u00e5 13 kg. Tack vare dess inre diameter p\u00e5 15 cm \u00e4r den optimal f\u00f6r stolpar 9-14,5 cm i diameter. Med handtagen kan du b\u00e4ttre greppa stolpen till korrekt position.<\/p>\n<p>Specifikationer<br \/>\nMaterial: St\u00e5l<br \/>\nVikt: 12 kg<br \/>\nH\u00f6jd: 80 cm<br \/>\nR\u00f6rdiameter: 8,9 cm<br \/>\nInre diameter: 8,5 cm<br \/>\nHandtag f\u00f6r bekv\u00e4m placering<\/p>\n","protected":false},"excerpt":{"rendered":"<p>Stolpnedslagare med handtag st\u00e5l Den h\u00f6gkvalitativa stolpnedslagaren i st\u00e5l \u00e4r perfekt n\u00e4r du m\u00e5ste driva&#8230;<\/p>\n","protected":false},"featured_media":10013,"template":"","meta":{"_acf_changed":false,"inline_featured_image":false},"product_brand":[],"product_cat":[475],"product_tag":[],"class_list":{"0":"post-11615","1":"product","2":"type-product","3":"status-publish","4":"has-post-thumbnail","6":"product_cat-tillbehor-till-staket","7":"product_shipping_class-paket-upp-till-30kg","9":"first","10":"instock","11":"taxable","12":"shipping-taxable","13":"purchasable","14":"product-type-simple"},"acf":[],"_links":{"self":[{"href":"https:\/\/abpolar.ee\/sv\/wp-json\/wp\/v2\/product\/11615","targetHints":{"allow":["GET"]}}],"collection":[{"href":"https:\/\/abpolar.ee\/sv\/wp-json\/wp\/v2\/product"}],"about":[{"href":"https:\/\/abpolar.ee\/sv\/wp-json\/wp\/v2\/types\/product"}],"wp:featuredmedia":[{"embeddable":true,"href":"https:\/\/abpolar.ee\/sv\/wp-json\/wp\/v2\/media\/10013"}],"wp:attachment":[{"href":"https:\/\/abpolar.ee\/sv\/wp-json\/wp\/v2\/media?parent=11615"}],"wp:term":[{"taxonomy":"product_brand","embeddable":true,"href":"https:\/\/abpolar.ee\/sv\/wp-json\/wp\/v2\/product_brand?post=11615"},{"taxonomy":"product_cat","embeddable":true,"href":"https:\/\/abpolar.ee\/sv\/wp-json\/wp\/v2\/product_cat?post=11615"},{"taxonomy":"product_tag","embeddable":true,"href":"https:\/\/abpolar.ee\/sv\/wp-json\/wp\/v2\/product_tag?post=11615"}],"curies":[{"name":"wp","href":"https:\/\/api.w.org\/{rel}","templated":true}]}}