{"id":11620,"date":"2022-11-16T09:18:12","date_gmt":"2022-11-16T07:18:12","guid":{"rendered":"https:\/\/abpolar-ee.vserver.zonevs.eu\/?post_type=product&#038;p=11620"},"modified":"2023-12-07T15:07:09","modified_gmt":"2023-12-07T13:07:09","slug":"flugnat-ringvav-nsh-galvad-h100cm-x-5m","status":"publish","type":"product","link":"https:\/\/abpolar.ee\/sv\/produkt\/flugnat-ringvav-nsh-galvad-h100cm-x-5m\/","title":{"rendered":"Flugn\u00e4t\/Ringv\u00e4v NSH Galvad H100cm x 5m"},"content":{"rendered":"<div class=\"classic-editor\">\n<h2>Flugn\u00e4t\/Ringv\u00e4v NSH Galvad H100cm x 5m<\/h2>\n<p>Ringv\u00e4v gjord med kvadratiska maskor och v\u00e4vd av galvaniserat tr\u00e5d \u00d80,6 mm.<br \/>\nGnagarn\u00e4tet 6,3 x 6,3 mm \u00e4r tillverkat av t\u00e4t varmf\u00f6rzinkad tr\u00e5d, som \u00e4ven kan anv\u00e4ndas som skyddsn\u00e4t, till exempel:<\/p>\n<p>-f\u00f6r att t\u00e4cka \u00f6ppningar<br \/>\n\u2013 framf\u00f6r ventilations\u00f6ppningarna<br \/>\n\u2013 att bek\u00e4mpa gnagare i landskapsarbeten<\/p>\n<p>\u00d6ga 6,3 x 6,3 mm.<br \/>\nTr\u00e5ddiameter 0,6 mm<\/p>\n<\/div>\n","protected":false},"excerpt":{"rendered":"<p>Flugn\u00e4t\/Ringv\u00e4v NSH Galvad H100cm x 5m Ringv\u00e4v gjord med kvadratiska maskor och v\u00e4vd av galvaniserat&#8230;<\/p>\n","protected":false},"featured_media":9241,"template":"","meta":{"_acf_changed":false,"inline_featured_image":false},"product_brand":[],"product_cat":[532],"product_tag":[],"class_list":{"0":"post-11620","1":"product","2":"type-product","3":"status-publish","4":"has-post-thumbnail","6":"product_cat-gnagarnat","7":"product_shipping_class-litet-paket","9":"first","10":"instock","11":"taxable","12":"shipping-taxable","13":"purchasable","14":"product-type-simple"},"acf":[],"_links":{"self":[{"href":"https:\/\/abpolar.ee\/sv\/wp-json\/wp\/v2\/product\/11620","targetHints":{"allow":["GET"]}}],"collection":[{"href":"https:\/\/abpolar.ee\/sv\/wp-json\/wp\/v2\/product"}],"about":[{"href":"https:\/\/abpolar.ee\/sv\/wp-json\/wp\/v2\/types\/product"}],"wp:featuredmedia":[{"embeddable":true,"href":"https:\/\/abpolar.ee\/sv\/wp-json\/wp\/v2\/media\/9241"}],"wp:attachment":[{"href":"https:\/\/abpolar.ee\/sv\/wp-json\/wp\/v2\/media?parent=11620"}],"wp:term":[{"taxonomy":"product_brand","embeddable":true,"href":"https:\/\/abpolar.ee\/sv\/wp-json\/wp\/v2\/product_brand?post=11620"},{"taxonomy":"product_cat","embeddable":true,"href":"https:\/\/abpolar.ee\/sv\/wp-json\/wp\/v2\/product_cat?post=11620"},{"taxonomy":"product_tag","embeddable":true,"href":"https:\/\/abpolar.ee\/sv\/wp-json\/wp\/v2\/product_tag?post=11620"}],"curies":[{"name":"wp","href":"https:\/\/api.w.org\/{rel}","templated":true}]}}