{"id":11623,"date":"2022-11-16T09:17:44","date_gmt":"2022-11-16T07:17:44","guid":{"rendered":"https:\/\/abpolar-ee.vserver.zonevs.eu\/?post_type=product&#038;p=11623"},"modified":"2023-12-07T15:23:43","modified_gmt":"2023-12-07T13:23:43","slug":"flugnat-ringvav-8x8mm-nsh-galvad-h100cm-x-25m","status":"publish","type":"product","link":"https:\/\/abpolar.ee\/sv\/produkt\/flugnat-ringvav-8x8mm-nsh-galvad-h100cm-x-25m\/","title":{"rendered":"Flugn\u00e4t\/Ringv\u00e4v 8x8mm NSH Galvad H100cm x 25m"},"content":{"rendered":"<h2>Flugn\u00e4t\/Ringv\u00e4v 8x8mm NSH Galvad H100cm x 25m<\/h2>\n<p>Ringv\u00e4v gjord med kvadratiska maskor och v\u00e4vd av galvaniserat tr\u00e5d \u00d80,6 mm.<br \/>\nGnagarn\u00e4tet 8 x 8 mm \u00e4r tillverkat av t\u00e4t varmf\u00f6rzinkad tr\u00e5d, som \u00e4ven kan anv\u00e4ndas som skyddsn\u00e4t, till exempel:<\/p>\n<p>-f\u00f6r att t\u00e4cka \u00f6ppningar<br \/>\n\u2013 framf\u00f6r ventilations\u00f6ppningarna<br \/>\n\u2013 att bek\u00e4mpa gnagare i landskapsarbeten<\/p>\n<p>\u00d6ga 8 x 8 mm.<br \/>\nTr\u00e5ddiameter 0,55 mm<br \/>\nH\u00f6jd: 100 cm<br \/>\nL\u00e4ngd: 25 m<\/p>\n","protected":false},"excerpt":{"rendered":"<p>Flugn\u00e4t\/Ringv\u00e4v 8x8mm NSH Galvad H100cm x 25m Ringv\u00e4v gjord med kvadratiska maskor och v\u00e4vd av&#8230;<\/p>\n","protected":false},"featured_media":9242,"template":"","meta":{"_acf_changed":false,"inline_featured_image":false},"product_brand":[],"product_cat":[532],"product_tag":[],"class_list":{"0":"post-11623","1":"product","2":"type-product","3":"status-publish","4":"has-post-thumbnail","6":"product_cat-gnagarnat","7":"product_shipping_class-paket-upp-till-30kg","9":"first","10":"instock","11":"taxable","12":"shipping-taxable","13":"purchasable","14":"product-type-simple"},"acf":[],"_links":{"self":[{"href":"https:\/\/abpolar.ee\/sv\/wp-json\/wp\/v2\/product\/11623","targetHints":{"allow":["GET"]}}],"collection":[{"href":"https:\/\/abpolar.ee\/sv\/wp-json\/wp\/v2\/product"}],"about":[{"href":"https:\/\/abpolar.ee\/sv\/wp-json\/wp\/v2\/types\/product"}],"wp:featuredmedia":[{"embeddable":true,"href":"https:\/\/abpolar.ee\/sv\/wp-json\/wp\/v2\/media\/9242"}],"wp:attachment":[{"href":"https:\/\/abpolar.ee\/sv\/wp-json\/wp\/v2\/media?parent=11623"}],"wp:term":[{"taxonomy":"product_brand","embeddable":true,"href":"https:\/\/abpolar.ee\/sv\/wp-json\/wp\/v2\/product_brand?post=11623"},{"taxonomy":"product_cat","embeddable":true,"href":"https:\/\/abpolar.ee\/sv\/wp-json\/wp\/v2\/product_cat?post=11623"},{"taxonomy":"product_tag","embeddable":true,"href":"https:\/\/abpolar.ee\/sv\/wp-json\/wp\/v2\/product_tag?post=11623"}],"curies":[{"name":"wp","href":"https:\/\/api.w.org\/{rel}","templated":true}]}}