{"id":11640,"date":"2022-11-16T09:18:14","date_gmt":"2022-11-16T07:18:14","guid":{"rendered":"https:\/\/abpolar-ee.vserver.zonevs.eu\/?post_type=product&#038;p=11640"},"modified":"2023-12-07T16:26:44","modified_gmt":"2023-12-07T14:26:44","slug":"putsnat-19x19x145mm-1x25m-galvaniserat","status":"publish","type":"product","link":"https:\/\/abpolar.ee\/sv\/produkt\/putsnat-19x19x145mm-1x25m-galvaniserat\/","title":{"rendered":"Putsn\u00e4t, 19x19x1,45mm 1x25m, galvaniserat"},"content":{"rendered":"<h2>Putsn\u00e4t, 19x19x1,45mm 1x25m, galvaniserat<\/h2>\n<p>Svetsat putsn\u00e4t tillverkat av \u00d81,45 mm j\u00e4rntr\u00e5d. Varmgalvaniserat efter svetsning. Ej l\u00e4mpligt som staket.<\/p>\n<p>Anv\u00e4ndning:<br \/>\nAnv\u00e4nds prim\u00e4rt till armering av utv\u00e4ndig puts, t.ex. putsning av fundament eller blockstensv\u00e4ggar.<\/p>\n<p>Teknisk information<br \/>\nH\u00f6jd: 100 cm<br \/>\nMaskstorlek: 19&#215;19 mm<br \/>\nTr\u00e5dtjocklek: 1,45 mm<br \/>\n25m\/rulle<br \/>\nYta: Galvaniserat<\/p>\n","protected":false},"excerpt":{"rendered":"<p>Putsn\u00e4t, 19x19x1,45mm 1x25m, galvaniserat Svetsat putsn\u00e4t tillverkat av \u00d81,45 mm j\u00e4rntr\u00e5d. Varmgalvaniserat efter svetsning. Ej&#8230;<\/p>\n","protected":false},"featured_media":9208,"template":"","meta":{"_acf_changed":false,"inline_featured_image":false},"product_brand":[],"product_cat":[537],"product_tag":[],"class_list":{"0":"post-11640","1":"product","2":"type-product","3":"status-publish","4":"has-post-thumbnail","6":"product_cat-putsnat","7":"product_shipping_class-paket-upp-till-30kg","9":"first","10":"instock","11":"taxable","12":"shipping-taxable","13":"purchasable","14":"product-type-simple"},"acf":[],"_links":{"self":[{"href":"https:\/\/abpolar.ee\/sv\/wp-json\/wp\/v2\/product\/11640","targetHints":{"allow":["GET"]}}],"collection":[{"href":"https:\/\/abpolar.ee\/sv\/wp-json\/wp\/v2\/product"}],"about":[{"href":"https:\/\/abpolar.ee\/sv\/wp-json\/wp\/v2\/types\/product"}],"wp:featuredmedia":[{"embeddable":true,"href":"https:\/\/abpolar.ee\/sv\/wp-json\/wp\/v2\/media\/9208"}],"wp:attachment":[{"href":"https:\/\/abpolar.ee\/sv\/wp-json\/wp\/v2\/media?parent=11640"}],"wp:term":[{"taxonomy":"product_brand","embeddable":true,"href":"https:\/\/abpolar.ee\/sv\/wp-json\/wp\/v2\/product_brand?post=11640"},{"taxonomy":"product_cat","embeddable":true,"href":"https:\/\/abpolar.ee\/sv\/wp-json\/wp\/v2\/product_cat?post=11640"},{"taxonomy":"product_tag","embeddable":true,"href":"https:\/\/abpolar.ee\/sv\/wp-json\/wp\/v2\/product_tag?post=11640"}],"curies":[{"name":"wp","href":"https:\/\/api.w.org\/{rel}","templated":true}]}}