{"id":11644,"date":"2022-11-16T09:17:43","date_gmt":"2022-11-16T07:17:43","guid":{"rendered":"https:\/\/abpolar-ee.vserver.zonevs.eu\/?post_type=product&#038;p=11644"},"modified":"2023-12-07T16:46:30","modified_gmt":"2023-12-07T14:46:30","slug":"honsnat","status":"publish","type":"product","link":"https:\/\/abpolar.ee\/sv\/produkt\/honsnat\/","title":{"rendered":"H\u00f6nsn\u00e4t"},"content":{"rendered":"<h2>H\u00f6nsn\u00e4t<\/h2>\n<p>H\u00f6nsn\u00e4t (sexkantn\u00e4t) \u00e4r tillverkat i j\u00e4rntr\u00e5d, som \u00e4r sammantvinnade. Varmgalvaniserat efter v\u00e4vning. Anv\u00e4nds som st\u00e4ngsel, h\u00f6nsg\u00e5rd, dekoration, avsk\u00e4rmning av tr\u00e4d med mera.<\/p>\n","protected":false},"excerpt":{"rendered":"<p>H\u00f6nsn\u00e4t H\u00f6nsn\u00e4t (sexkantn\u00e4t) \u00e4r tillverkat i j\u00e4rntr\u00e5d, som \u00e4r sammantvinnade. Varmgalvaniserat efter v\u00e4vning. Anv\u00e4nds som&#8230;<\/p>\n","protected":false},"featured_media":10083,"template":"","meta":{"_acf_changed":false,"inline_featured_image":false},"product_brand":[],"product_cat":[533],"product_tag":[],"class_list":{"0":"post-11644","1":"product","2":"type-product","3":"status-publish","4":"has-post-thumbnail","6":"product_cat-fagelnat","7":"product_shipping_class-litet-paket","9":"first","10":"instock","11":"taxable","12":"shipping-taxable","13":"purchasable","14":"product-type-variable"},"acf":[],"_links":{"self":[{"href":"https:\/\/abpolar.ee\/sv\/wp-json\/wp\/v2\/product\/11644","targetHints":{"allow":["GET"]}}],"collection":[{"href":"https:\/\/abpolar.ee\/sv\/wp-json\/wp\/v2\/product"}],"about":[{"href":"https:\/\/abpolar.ee\/sv\/wp-json\/wp\/v2\/types\/product"}],"wp:featuredmedia":[{"embeddable":true,"href":"https:\/\/abpolar.ee\/sv\/wp-json\/wp\/v2\/media\/10083"}],"wp:attachment":[{"href":"https:\/\/abpolar.ee\/sv\/wp-json\/wp\/v2\/media?parent=11644"}],"wp:term":[{"taxonomy":"product_brand","embeddable":true,"href":"https:\/\/abpolar.ee\/sv\/wp-json\/wp\/v2\/product_brand?post=11644"},{"taxonomy":"product_cat","embeddable":true,"href":"https:\/\/abpolar.ee\/sv\/wp-json\/wp\/v2\/product_cat?post=11644"},{"taxonomy":"product_tag","embeddable":true,"href":"https:\/\/abpolar.ee\/sv\/wp-json\/wp\/v2\/product_tag?post=11644"}],"curies":[{"name":"wp","href":"https:\/\/api.w.org\/{rel}","templated":true}]}}