{"id":11693,"date":"2023-09-04T17:00:55","date_gmt":"2023-09-04T14:00:55","guid":{"rendered":"https:\/\/abpolar-ee.vserver.zonevs.eu\/?post_type=product&#038;p=11693"},"modified":"2023-12-11T12:46:07","modified_gmt":"2023-12-11T10:46:07","slug":"stolphatt-40x40mm","status":"publish","type":"product","link":"https:\/\/abpolar.ee\/sv\/produkt\/stolphatt-40x40mm\/","title":{"rendered":"Stolphatt 40x40mm"},"content":{"rendered":"<h2>Stolphatt 40x40mm<\/h2>\n<p>Anv\u00e4nds som avslutning p\u00e5 st\u00e4ngselstolpar, f\u00f6r att f\u00f6rhindra r\u00f6ta och svampangrepp p\u00e5 stolp\u00e4ndarna.<\/p>\n","protected":false},"excerpt":{"rendered":"<p>Stolphatt 40x40mm Anv\u00e4nds som avslutning p\u00e5 st\u00e4ngselstolpar, f\u00f6r att f\u00f6rhindra r\u00f6ta och svampangrepp p\u00e5 stolp\u00e4ndarna.<\/p>\n","protected":false},"featured_media":10857,"template":"","meta":{"_acf_changed":false,"inline_featured_image":false},"product_brand":[],"product_cat":[475],"product_tag":[],"class_list":{"0":"post-11693","1":"product","2":"type-product","3":"status-publish","4":"has-post-thumbnail","6":"product_cat-tillbehor-till-staket","7":"product_shipping_class-litet-paket","9":"first","10":"instock","11":"taxable","12":"shipping-taxable","13":"purchasable","14":"product-type-simple"},"acf":[],"_links":{"self":[{"href":"https:\/\/abpolar.ee\/sv\/wp-json\/wp\/v2\/product\/11693","targetHints":{"allow":["GET"]}}],"collection":[{"href":"https:\/\/abpolar.ee\/sv\/wp-json\/wp\/v2\/product"}],"about":[{"href":"https:\/\/abpolar.ee\/sv\/wp-json\/wp\/v2\/types\/product"}],"wp:featuredmedia":[{"embeddable":true,"href":"https:\/\/abpolar.ee\/sv\/wp-json\/wp\/v2\/media\/10857"}],"wp:attachment":[{"href":"https:\/\/abpolar.ee\/sv\/wp-json\/wp\/v2\/media?parent=11693"}],"wp:term":[{"taxonomy":"product_brand","embeddable":true,"href":"https:\/\/abpolar.ee\/sv\/wp-json\/wp\/v2\/product_brand?post=11693"},{"taxonomy":"product_cat","embeddable":true,"href":"https:\/\/abpolar.ee\/sv\/wp-json\/wp\/v2\/product_cat?post=11693"},{"taxonomy":"product_tag","embeddable":true,"href":"https:\/\/abpolar.ee\/sv\/wp-json\/wp\/v2\/product_tag?post=11693"}],"curies":[{"name":"wp","href":"https:\/\/api.w.org\/{rel}","templated":true}]}}