{"id":11694,"date":"2022-11-17T16:08:54","date_gmt":"2022-11-17T14:08:54","guid":{"rendered":"https:\/\/abpolar-ee.vserver.zonevs.eu\/?post_type=product&#038;p=11694"},"modified":"2023-12-11T12:20:51","modified_gmt":"2023-12-11T10:20:51","slug":"stolphatt-80x80mm","status":"publish","type":"product","link":"https:\/\/abpolar.ee\/sv\/produkt\/stolphatt-80x80mm\/","title":{"rendered":"Stolphatt 80x80mm"},"content":{"rendered":"<h2>Stolphatt 80x80mm<\/h2>\n<p>Anv\u00e4nds som avslutning p\u00e5 st\u00e4ngselstolpar, f\u00f6r att f\u00f6rhindra r\u00f6ta och svampangrepp p\u00e5 stolp\u00e4ndarna.<\/p>\n","protected":false},"excerpt":{"rendered":"<p>Stolphatt 80x80mm Anv\u00e4nds som avslutning p\u00e5 st\u00e4ngselstolpar, f\u00f6r att f\u00f6rhindra r\u00f6ta och svampangrepp p\u00e5 stolp\u00e4ndarna.<\/p>\n","protected":false},"featured_media":9993,"template":"","meta":{"_acf_changed":false,"inline_featured_image":false},"product_brand":[],"product_cat":[475],"product_tag":[],"class_list":{"0":"post-11694","1":"product","2":"type-product","3":"status-publish","4":"has-post-thumbnail","6":"product_cat-tillbehor-till-staket","7":"product_shipping_class-litet-paket","9":"first","10":"instock","11":"taxable","12":"shipping-taxable","13":"purchasable","14":"product-type-simple"},"acf":[],"_links":{"self":[{"href":"https:\/\/abpolar.ee\/sv\/wp-json\/wp\/v2\/product\/11694","targetHints":{"allow":["GET"]}}],"collection":[{"href":"https:\/\/abpolar.ee\/sv\/wp-json\/wp\/v2\/product"}],"about":[{"href":"https:\/\/abpolar.ee\/sv\/wp-json\/wp\/v2\/types\/product"}],"wp:featuredmedia":[{"embeddable":true,"href":"https:\/\/abpolar.ee\/sv\/wp-json\/wp\/v2\/media\/9993"}],"wp:attachment":[{"href":"https:\/\/abpolar.ee\/sv\/wp-json\/wp\/v2\/media?parent=11694"}],"wp:term":[{"taxonomy":"product_brand","embeddable":true,"href":"https:\/\/abpolar.ee\/sv\/wp-json\/wp\/v2\/product_brand?post=11694"},{"taxonomy":"product_cat","embeddable":true,"href":"https:\/\/abpolar.ee\/sv\/wp-json\/wp\/v2\/product_cat?post=11694"},{"taxonomy":"product_tag","embeddable":true,"href":"https:\/\/abpolar.ee\/sv\/wp-json\/wp\/v2\/product_tag?post=11694"}],"curies":[{"name":"wp","href":"https:\/\/api.w.org\/{rel}","templated":true}]}}