{"id":11700,"date":"2022-11-17T16:09:28","date_gmt":"2022-11-17T14:09:28","guid":{"rendered":"https:\/\/abpolar-ee.vserver.zonevs.eu\/?post_type=product&#038;p=11700"},"modified":"2023-12-12T10:23:53","modified_gmt":"2023-12-12T08:23:53","slug":"vindskydd-utdragbart-160x300cm","status":"publish","type":"product","link":"https:\/\/abpolar.ee\/sv\/produkt\/vindskydd-utdragbart-160x300cm\/","title":{"rendered":"Vindskydd utdragbart\u00a0160x300cm"},"content":{"rendered":"<h2>Vindskydd utdragbart\u00a0160x300cm<\/h2>\n<p>Utdragbara vindskydd \u00e4r en smart och flexibel l\u00f6sning f\u00f6r att skapa l\u00e4 och avsk\u00e4rmning i tr\u00e4dg\u00e5rden eller terassen. Settet best\u00e5r av kassett med enkelt utdragbart vindskydd med v\u00e4ggbeslag och \u00e4ndstolpe med fot. Kassett, stolpe och f\u00f6tter \u00e4r gjorda av pulverlackerad antracitgr\u00e5 aluminium. Vindskyddet \u00e4r tillverkat av 180 g\/m2 PU-behandlad polyester, vilket garanterar l\u00e5ng h\u00e5llbarhet.<\/p>\n<p>Teknisk information<br \/>\nMaterial: Aluminium\/PU-behandlad polyester<br \/>\nF\u00e4rg: Antracitgr\u00e5<br \/>\nH\u00f6jd: 160 cm<br \/>\nBredd: 300 cm<\/p>\n","protected":false},"excerpt":{"rendered":"<p>Vindskydd utdragbart\u00a0160x300cm Utdragbara vindskydd \u00e4r en smart och flexibel l\u00f6sning f\u00f6r att skapa l\u00e4 och&#8230;<\/p>\n","protected":false},"featured_media":9562,"template":"","meta":{"_acf_changed":false,"inline_featured_image":false},"product_brand":[],"product_cat":[478,543],"product_tag":[],"class_list":{"0":"post-11700","1":"product","2":"type-product","3":"status-publish","4":"has-post-thumbnail","6":"product_cat-markiser","7":"product_cat-utemiljo","8":"product_shipping_class-paket-upp-till-30kg","10":"first","11":"instock","12":"sale","13":"taxable","14":"shipping-taxable","15":"purchasable","16":"product-type-simple"},"acf":[],"_links":{"self":[{"href":"https:\/\/abpolar.ee\/sv\/wp-json\/wp\/v2\/product\/11700","targetHints":{"allow":["GET"]}}],"collection":[{"href":"https:\/\/abpolar.ee\/sv\/wp-json\/wp\/v2\/product"}],"about":[{"href":"https:\/\/abpolar.ee\/sv\/wp-json\/wp\/v2\/types\/product"}],"wp:featuredmedia":[{"embeddable":true,"href":"https:\/\/abpolar.ee\/sv\/wp-json\/wp\/v2\/media\/9562"}],"wp:attachment":[{"href":"https:\/\/abpolar.ee\/sv\/wp-json\/wp\/v2\/media?parent=11700"}],"wp:term":[{"taxonomy":"product_brand","embeddable":true,"href":"https:\/\/abpolar.ee\/sv\/wp-json\/wp\/v2\/product_brand?post=11700"},{"taxonomy":"product_cat","embeddable":true,"href":"https:\/\/abpolar.ee\/sv\/wp-json\/wp\/v2\/product_cat?post=11700"},{"taxonomy":"product_tag","embeddable":true,"href":"https:\/\/abpolar.ee\/sv\/wp-json\/wp\/v2\/product_tag?post=11700"}],"curies":[{"name":"wp","href":"https:\/\/api.w.org\/{rel}","templated":true}]}}