{"id":11718,"date":"2022-11-17T16:08:46","date_gmt":"2022-11-17T14:08:46","guid":{"rendered":"https:\/\/abpolar-ee.vserver.zonevs.eu\/?post_type=product&#038;p=11718"},"modified":"2025-07-25T13:50:50","modified_gmt":"2025-07-25T10:50:50","slug":"tradspannare-zinkad","status":"publish","type":"product","link":"https:\/\/abpolar.ee\/sv\/produkt\/tradspannare-zinkad\/","title":{"rendered":"Tr\u00e5dsp\u00e4nnare zinkad"},"content":{"rendered":"<h2>Tr\u00e5dsp\u00e4nnare zinkad<\/h2>\n<p>Selle traadipinguti abil saate h\u00f5lpsalt venitada nii traati kui ka traati. F\u00f6r sk\u00e4rpning av sn\u00e4v tr\u00e5d. Passar ej Medium och High Tensile tr\u00e5d.<\/p>\n","protected":false},"excerpt":{"rendered":"<p>Tr\u00e5dsp\u00e4nnare zinkad Selle traadipinguti abil saate h\u00f5lpsalt venitada nii traati kui ka traati. F\u00f6r sk\u00e4rpning&#8230;<\/p>\n","protected":false},"featured_media":9944,"template":"","meta":{"_acf_changed":false,"inline_featured_image":false},"product_brand":[],"product_cat":[475],"product_tag":[],"class_list":{"0":"post-11718","1":"product","2":"type-product","3":"status-publish","4":"has-post-thumbnail","6":"product_cat-tillbehor-till-staket","7":"product_shipping_class-litet-paket","9":"first","10":"instock","11":"taxable","12":"shipping-taxable","13":"purchasable","14":"product-type-simple"},"acf":[],"_links":{"self":[{"href":"https:\/\/abpolar.ee\/sv\/wp-json\/wp\/v2\/product\/11718","targetHints":{"allow":["GET"]}}],"collection":[{"href":"https:\/\/abpolar.ee\/sv\/wp-json\/wp\/v2\/product"}],"about":[{"href":"https:\/\/abpolar.ee\/sv\/wp-json\/wp\/v2\/types\/product"}],"wp:featuredmedia":[{"embeddable":true,"href":"https:\/\/abpolar.ee\/sv\/wp-json\/wp\/v2\/media\/9944"}],"wp:attachment":[{"href":"https:\/\/abpolar.ee\/sv\/wp-json\/wp\/v2\/media?parent=11718"}],"wp:term":[{"taxonomy":"product_brand","embeddable":true,"href":"https:\/\/abpolar.ee\/sv\/wp-json\/wp\/v2\/product_brand?post=11718"},{"taxonomy":"product_cat","embeddable":true,"href":"https:\/\/abpolar.ee\/sv\/wp-json\/wp\/v2\/product_cat?post=11718"},{"taxonomy":"product_tag","embeddable":true,"href":"https:\/\/abpolar.ee\/sv\/wp-json\/wp\/v2\/product_tag?post=11718"}],"curies":[{"name":"wp","href":"https:\/\/api.w.org\/{rel}","templated":true}]}}