{"id":11719,"date":"2022-11-17T16:08:25","date_gmt":"2022-11-17T14:08:25","guid":{"rendered":"https:\/\/abpolar-ee.vserver.zonevs.eu\/?post_type=product&#038;p=11719"},"modified":"2023-12-12T10:51:31","modified_gmt":"2023-12-12T08:51:31","slug":"spanntrad-o3-mm-100-m-galvaniserat","status":"publish","type":"product","link":"https:\/\/abpolar.ee\/sv\/produkt\/spanntrad-o3-mm-100-m-galvaniserat\/","title":{"rendered":"Sp\u00e4nntr\u00e5d \u00d83 mm 100 m galvaniserat"},"content":{"rendered":"<h1 class=\"font-alt text-2xl mb-2 break-words\">Sp\u00e4nntr\u00e5d\u00a0\u00d83 mm 100 m galvaniserat<\/h1>\n<p>Kan anv\u00e4ndas p\u00e5 m\u00e5nga s\u00e4tt, bl.a. vid s\u00f6mnad av tr\u00e4dg\u00e5rdsst\u00e4ngel p\u00e5 sp\u00e4nntr\u00e5dar eller bara som uppbindningstr\u00e5d till plantor.<\/p>\n<p>Teknisk information<br \/>\nH\u00f6jd: 100 m<br \/>\nDiameter: \u00d8 3 mm<\/p>\n","protected":false},"excerpt":{"rendered":"<p>Sp\u00e4nntr\u00e5d\u00a0\u00d83 mm 100 m galvaniserat Kan anv\u00e4ndas p\u00e5 m\u00e5nga s\u00e4tt, bl.a. vid s\u00f6mnad av tr\u00e4dg\u00e5rdsst\u00e4ngel&#8230;<\/p>\n","protected":false},"featured_media":9951,"template":"","meta":{"_acf_changed":false,"inline_featured_image":false},"product_brand":[],"product_cat":[475],"product_tag":[],"class_list":{"0":"post-11719","1":"product","2":"type-product","3":"status-publish","4":"has-post-thumbnail","6":"product_cat-tillbehor-till-staket","7":"product_shipping_class-litet-paket","9":"first","10":"instock","11":"taxable","12":"shipping-taxable","13":"purchasable","14":"product-type-simple"},"acf":[],"_links":{"self":[{"href":"https:\/\/abpolar.ee\/sv\/wp-json\/wp\/v2\/product\/11719","targetHints":{"allow":["GET"]}}],"collection":[{"href":"https:\/\/abpolar.ee\/sv\/wp-json\/wp\/v2\/product"}],"about":[{"href":"https:\/\/abpolar.ee\/sv\/wp-json\/wp\/v2\/types\/product"}],"wp:featuredmedia":[{"embeddable":true,"href":"https:\/\/abpolar.ee\/sv\/wp-json\/wp\/v2\/media\/9951"}],"wp:attachment":[{"href":"https:\/\/abpolar.ee\/sv\/wp-json\/wp\/v2\/media?parent=11719"}],"wp:term":[{"taxonomy":"product_brand","embeddable":true,"href":"https:\/\/abpolar.ee\/sv\/wp-json\/wp\/v2\/product_brand?post=11719"},{"taxonomy":"product_cat","embeddable":true,"href":"https:\/\/abpolar.ee\/sv\/wp-json\/wp\/v2\/product_cat?post=11719"},{"taxonomy":"product_tag","embeddable":true,"href":"https:\/\/abpolar.ee\/sv\/wp-json\/wp\/v2\/product_tag?post=11719"}],"curies":[{"name":"wp","href":"https:\/\/api.w.org\/{rel}","templated":true}]}}