{"id":11724,"date":"2022-11-17T16:09:00","date_gmt":"2022-11-17T14:09:00","guid":{"rendered":"https:\/\/abpolar-ee.vserver.zonevs.eu\/?post_type=product&#038;p=11724"},"modified":"2023-12-12T10:59:21","modified_gmt":"2023-12-12T08:59:21","slug":"stangseltrad-o-18mm-100m-pvc-ral6005","status":"publish","type":"product","link":"https:\/\/abpolar.ee\/sv\/produkt\/stangseltrad-o-18mm-100m-pvc-ral6005\/","title":{"rendered":"St\u00e4ngseltr\u00e5d \u00d8 1,8mm 100m PVC RAL6005"},"content":{"rendered":"<h2 class=\"font-alt text-2xl mb-2 break-words\">St\u00e4ngseltr\u00e5d \u00d8 1,8mm 100m PVC RAL6005<\/h2>\n<p>Kan anv\u00e4ndas p\u00e5 m\u00e5nga s\u00e4tt, bl.a. vid s\u00f6mnad av tr\u00e4dg\u00e5rdsst\u00e4ngel p\u00e5 sp\u00e4nntr\u00e5dar eller bara som uppbindningstr\u00e5d till plantor.<\/p>\n<p>F\u00e4rg: gr\u00f6n<br \/>\nMaterial: plastbelagd st\u00e5l<br \/>\nM\u00e5tt: 100 m<br \/>\nDiameter: \u00d81,80 mm<\/p>\n","protected":false},"excerpt":{"rendered":"<p>St\u00e4ngseltr\u00e5d \u00d8 1,8mm 100m PVC RAL6005 Kan anv\u00e4ndas p\u00e5 m\u00e5nga s\u00e4tt, bl.a. vid s\u00f6mnad av&#8230;<\/p>\n","protected":false},"featured_media":10017,"template":"","meta":{"_acf_changed":false,"inline_featured_image":false},"product_brand":[],"product_cat":[475],"product_tag":[],"class_list":{"0":"post-11724","1":"product","2":"type-product","3":"status-publish","4":"has-post-thumbnail","6":"product_cat-tillbehor-till-staket","7":"product_shipping_class-litet-paket","9":"first","10":"instock","11":"taxable","12":"shipping-taxable","13":"purchasable","14":"product-type-simple"},"acf":[],"_links":{"self":[{"href":"https:\/\/abpolar.ee\/sv\/wp-json\/wp\/v2\/product\/11724","targetHints":{"allow":["GET"]}}],"collection":[{"href":"https:\/\/abpolar.ee\/sv\/wp-json\/wp\/v2\/product"}],"about":[{"href":"https:\/\/abpolar.ee\/sv\/wp-json\/wp\/v2\/types\/product"}],"wp:featuredmedia":[{"embeddable":true,"href":"https:\/\/abpolar.ee\/sv\/wp-json\/wp\/v2\/media\/10017"}],"wp:attachment":[{"href":"https:\/\/abpolar.ee\/sv\/wp-json\/wp\/v2\/media?parent=11724"}],"wp:term":[{"taxonomy":"product_brand","embeddable":true,"href":"https:\/\/abpolar.ee\/sv\/wp-json\/wp\/v2\/product_brand?post=11724"},{"taxonomy":"product_cat","embeddable":true,"href":"https:\/\/abpolar.ee\/sv\/wp-json\/wp\/v2\/product_cat?post=11724"},{"taxonomy":"product_tag","embeddable":true,"href":"https:\/\/abpolar.ee\/sv\/wp-json\/wp\/v2\/product_tag?post=11724"}],"curies":[{"name":"wp","href":"https:\/\/api.w.org\/{rel}","templated":true}]}}