{"id":11726,"date":"2022-11-17T16:08:45","date_gmt":"2022-11-17T14:08:45","guid":{"rendered":"https:\/\/abpolar-ee.vserver.zonevs.eu\/?post_type=product&#038;p=11726"},"modified":"2023-12-12T11:16:18","modified_gmt":"2023-12-12T09:16:18","slug":"tradbeslag-gron","status":"publish","type":"product","link":"https:\/\/abpolar.ee\/sv\/produkt\/tradbeslag-gron\/","title":{"rendered":"Tr\u00e5dbeslag gr\u00f6n"},"content":{"rendered":"<p>Tr\u00e5dbeslag gr\u00f6n<\/p>\n<p>F\u00f6r fasts\u00e4ttning av st\u00e4ngseltr\u00e5d.<\/p>\n","protected":false},"excerpt":{"rendered":"<p>Tr\u00e5dbeslag gr\u00f6n F\u00f6r fasts\u00e4ttning av st\u00e4ngseltr\u00e5d.<\/p>\n","protected":false},"featured_media":9995,"template":"","meta":{"_acf_changed":false,"inline_featured_image":false},"product_brand":[],"product_cat":[475],"product_tag":[],"class_list":{"0":"post-11726","1":"product","2":"type-product","3":"status-publish","4":"has-post-thumbnail","6":"product_cat-tillbehor-till-staket","7":"product_shipping_class-litet-paket","9":"first","10":"instock","11":"taxable","12":"shipping-taxable","13":"purchasable","14":"product-type-simple"},"acf":[],"_links":{"self":[{"href":"https:\/\/abpolar.ee\/sv\/wp-json\/wp\/v2\/product\/11726","targetHints":{"allow":["GET"]}}],"collection":[{"href":"https:\/\/abpolar.ee\/sv\/wp-json\/wp\/v2\/product"}],"about":[{"href":"https:\/\/abpolar.ee\/sv\/wp-json\/wp\/v2\/types\/product"}],"wp:featuredmedia":[{"embeddable":true,"href":"https:\/\/abpolar.ee\/sv\/wp-json\/wp\/v2\/media\/9995"}],"wp:attachment":[{"href":"https:\/\/abpolar.ee\/sv\/wp-json\/wp\/v2\/media?parent=11726"}],"wp:term":[{"taxonomy":"product_brand","embeddable":true,"href":"https:\/\/abpolar.ee\/sv\/wp-json\/wp\/v2\/product_brand?post=11726"},{"taxonomy":"product_cat","embeddable":true,"href":"https:\/\/abpolar.ee\/sv\/wp-json\/wp\/v2\/product_cat?post=11726"},{"taxonomy":"product_tag","embeddable":true,"href":"https:\/\/abpolar.ee\/sv\/wp-json\/wp\/v2\/product_tag?post=11726"}],"curies":[{"name":"wp","href":"https:\/\/api.w.org\/{rel}","templated":true}]}}