{"id":11729,"date":"2022-11-11T14:32:34","date_gmt":"2022-11-11T12:32:34","guid":{"rendered":"https:\/\/abpolar-ee.vserver.zonevs.eu\/?post_type=product&#038;p=11729"},"modified":"2025-05-08T17:40:42","modified_gmt":"2025-05-08T14:40:42","slug":"tradgard-fence-040x10m","status":"publish","type":"product","link":"https:\/\/abpolar.ee\/sv\/produkt\/tradgard-fence-040x10m\/","title":{"rendered":"Tr\u00e4dg\u00e5rd Fence 0,40x10m"},"content":{"rendered":"<h2>Tr\u00e4dg\u00e5rdsst\u00e4ngsel \u2013 0,40 x 10m<\/h2>\n<p>Ett plastbelagt, v\u00e4vt n\u00e4t som \u00e4r perfekt f\u00f6r att skydda planteringar.<\/p>\n<p>N\u00e4tet \u00e4r l\u00e4tt att trycka ner i marken tack vare de spikar som finns p\u00e5 botten.<\/p>\n<h3>Produktinformation<\/h3>\n<p><strong>H\u00f6jd:<\/strong> 40 cm<\/p>\n<p><strong>L\u00e4ngd:<\/strong> 10 m per rulle<\/p>\n<p>L\u00e4tt att sk\u00e4ra till \u00f6nskad storlek<\/p>\n","protected":false},"excerpt":{"rendered":"<p>Tr\u00e4dg\u00e5rdsst\u00e4ngsel \u2013 0,40 x 10m Ett plastbelagt, v\u00e4vt n\u00e4t som \u00e4r perfekt f\u00f6r att skydda&#8230;<\/p>\n","protected":false},"featured_media":9624,"template":"","meta":{"_acf_changed":false,"inline_featured_image":false},"product_brand":[],"product_cat":[531,371,495,494],"product_tag":[],"class_list":{"0":"post-11729","1":"product","2":"type-product","3":"status-publish","4":"has-post-thumbnail","6":"product_cat-rabattkanter","7":"product_cat-staket-och-tillbehor","8":"product_cat-svetsade-nat","9":"product_cat-tradgardsnat","10":"product_shipping_class-litet-paket","12":"first","13":"instock","14":"taxable","15":"shipping-taxable","16":"purchasable","17":"product-type-simple"},"acf":[],"_links":{"self":[{"href":"https:\/\/abpolar.ee\/sv\/wp-json\/wp\/v2\/product\/11729","targetHints":{"allow":["GET"]}}],"collection":[{"href":"https:\/\/abpolar.ee\/sv\/wp-json\/wp\/v2\/product"}],"about":[{"href":"https:\/\/abpolar.ee\/sv\/wp-json\/wp\/v2\/types\/product"}],"wp:featuredmedia":[{"embeddable":true,"href":"https:\/\/abpolar.ee\/sv\/wp-json\/wp\/v2\/media\/9624"}],"wp:attachment":[{"href":"https:\/\/abpolar.ee\/sv\/wp-json\/wp\/v2\/media?parent=11729"}],"wp:term":[{"taxonomy":"product_brand","embeddable":true,"href":"https:\/\/abpolar.ee\/sv\/wp-json\/wp\/v2\/product_brand?post=11729"},{"taxonomy":"product_cat","embeddable":true,"href":"https:\/\/abpolar.ee\/sv\/wp-json\/wp\/v2\/product_cat?post=11729"},{"taxonomy":"product_tag","embeddable":true,"href":"https:\/\/abpolar.ee\/sv\/wp-json\/wp\/v2\/product_tag?post=11729"}],"curies":[{"name":"wp","href":"https:\/\/api.w.org\/{rel}","templated":true}]}}