{"id":11734,"date":"2022-11-17T16:08:31","date_gmt":"2022-11-17T14:08:31","guid":{"rendered":"https:\/\/abpolar-ee.vserver.zonevs.eu\/?post_type=product&#038;p=11734"},"modified":"2023-12-12T11:35:52","modified_gmt":"2023-12-12T09:35:52","slug":"klamma-for-spannstang-zinkad","status":"publish","type":"product","link":"https:\/\/abpolar.ee\/sv\/produkt\/klamma-for-spannstang-zinkad\/","title":{"rendered":"Kl\u00e4mma f\u00f6r sp\u00e4nnst\u00e5ng\u00a0zinkad"},"content":{"rendered":"<h2>Kl\u00e4mma f\u00f6r sp\u00e4nnst\u00e5ng\u00a0zinkad<\/h2>\n<p>L\u00e4mplig f\u00f6r att f\u00e4sta sp\u00e4nnkl\u00e4mman och sp\u00e4nnst\u00e5ngen p\u00e5 olika stolpar.<\/p>\n<p>M\u00e5tt: 38mm, 48mm, 60mm<\/p>\n","protected":false},"excerpt":{"rendered":"<p>Kl\u00e4mma f\u00f6r sp\u00e4nnst\u00e5ng\u00a0zinkad L\u00e4mplig f\u00f6r att f\u00e4sta sp\u00e4nnkl\u00e4mman och sp\u00e4nnst\u00e5ngen p\u00e5 olika stolpar. M\u00e5tt: 38mm,&#8230;<\/p>\n","protected":false},"featured_media":9965,"template":"","meta":{"_acf_changed":false,"inline_featured_image":false},"product_brand":[],"product_cat":[475],"product_tag":[],"class_list":{"0":"post-11734","1":"product","2":"type-product","3":"status-publish","4":"has-post-thumbnail","6":"product_cat-tillbehor-till-staket","7":"product_shipping_class-litet-paket","9":"first","10":"instock","11":"taxable","12":"shipping-taxable","13":"purchasable","14":"product-type-variable"},"acf":[],"_links":{"self":[{"href":"https:\/\/abpolar.ee\/sv\/wp-json\/wp\/v2\/product\/11734","targetHints":{"allow":["GET"]}}],"collection":[{"href":"https:\/\/abpolar.ee\/sv\/wp-json\/wp\/v2\/product"}],"about":[{"href":"https:\/\/abpolar.ee\/sv\/wp-json\/wp\/v2\/types\/product"}],"wp:featuredmedia":[{"embeddable":true,"href":"https:\/\/abpolar.ee\/sv\/wp-json\/wp\/v2\/media\/9965"}],"wp:attachment":[{"href":"https:\/\/abpolar.ee\/sv\/wp-json\/wp\/v2\/media?parent=11734"}],"wp:term":[{"taxonomy":"product_brand","embeddable":true,"href":"https:\/\/abpolar.ee\/sv\/wp-json\/wp\/v2\/product_brand?post=11734"},{"taxonomy":"product_cat","embeddable":true,"href":"https:\/\/abpolar.ee\/sv\/wp-json\/wp\/v2\/product_cat?post=11734"},{"taxonomy":"product_tag","embeddable":true,"href":"https:\/\/abpolar.ee\/sv\/wp-json\/wp\/v2\/product_tag?post=11734"}],"curies":[{"name":"wp","href":"https:\/\/api.w.org\/{rel}","templated":true}]}}