{"id":11748,"date":"2022-11-17T16:09:58","date_gmt":"2022-11-17T14:09:58","guid":{"rendered":"https:\/\/abpolar-ee.vserver.zonevs.eu\/?post_type=product&#038;p=11748"},"modified":"2023-12-12T14:18:35","modified_gmt":"2023-12-12T12:18:35","slug":"natogla-1000-st-gron","status":"publish","type":"product","link":"https:\/\/abpolar.ee\/sv\/produkt\/natogla-1000-st-gron\/","title":{"rendered":"N\u00e4t\u00f6gla, 1000 St. gr\u00f6n"},"content":{"rendered":"<h2>N\u00e4t\u00f6gla, 1000 St. gr\u00f6n<\/h2>\n<p>N\u00e4t\u00f6glans tjocklek \u00e4r 2 mm. Gr\u00f6n. 1000 st<\/p>\n","protected":false},"excerpt":{"rendered":"<p>N\u00e4t\u00f6gla, 1000 St. gr\u00f6n N\u00e4t\u00f6glans tjocklek \u00e4r 2 mm. Gr\u00f6n. 1000 st<\/p>\n","protected":false},"featured_media":9309,"template":"","meta":{"_acf_changed":false,"inline_featured_image":false},"product_brand":[],"product_cat":[475],"product_tag":[],"class_list":{"0":"post-11748","1":"product","2":"type-product","3":"status-publish","4":"has-post-thumbnail","6":"product_cat-tillbehor-till-staket","7":"product_shipping_class-litet-paket","9":"first","10":"instock","11":"taxable","12":"shipping-taxable","13":"purchasable","14":"product-type-simple"},"acf":[],"_links":{"self":[{"href":"https:\/\/abpolar.ee\/sv\/wp-json\/wp\/v2\/product\/11748","targetHints":{"allow":["GET"]}}],"collection":[{"href":"https:\/\/abpolar.ee\/sv\/wp-json\/wp\/v2\/product"}],"about":[{"href":"https:\/\/abpolar.ee\/sv\/wp-json\/wp\/v2\/types\/product"}],"wp:featuredmedia":[{"embeddable":true,"href":"https:\/\/abpolar.ee\/sv\/wp-json\/wp\/v2\/media\/9309"}],"wp:attachment":[{"href":"https:\/\/abpolar.ee\/sv\/wp-json\/wp\/v2\/media?parent=11748"}],"wp:term":[{"taxonomy":"product_brand","embeddable":true,"href":"https:\/\/abpolar.ee\/sv\/wp-json\/wp\/v2\/product_brand?post=11748"},{"taxonomy":"product_cat","embeddable":true,"href":"https:\/\/abpolar.ee\/sv\/wp-json\/wp\/v2\/product_cat?post=11748"},{"taxonomy":"product_tag","embeddable":true,"href":"https:\/\/abpolar.ee\/sv\/wp-json\/wp\/v2\/product_tag?post=11748"}],"curies":[{"name":"wp","href":"https:\/\/api.w.org\/{rel}","templated":true}]}}