{"id":11754,"date":"2022-11-17T16:09:30","date_gmt":"2022-11-17T14:09:30","guid":{"rendered":"https:\/\/abpolar-ee.vserver.zonevs.eu\/?post_type=product&#038;p=11754"},"modified":"2023-12-12T14:24:14","modified_gmt":"2023-12-12T12:24:14","slug":"nattang","status":"publish","type":"product","link":"https:\/\/abpolar.ee\/sv\/produkt\/nattang\/","title":{"rendered":"N\u00e4tt\u00e5ng"},"content":{"rendered":"<h2>N\u00e4tt\u00e5ng<\/h2>\n<p>T\u00e5ng f\u00f6r att f\u00e4sta n\u00e4t \u00f6glor p\u00e5 p\u00e5lar, stolpar eller n\u00e4t.<\/p>\n","protected":false},"excerpt":{"rendered":"<p>N\u00e4tt\u00e5ng T\u00e5ng f\u00f6r att f\u00e4sta n\u00e4t \u00f6glor p\u00e5 p\u00e5lar, stolpar eller n\u00e4t.<\/p>\n","protected":false},"featured_media":17830,"template":"","meta":{"_acf_changed":false,"inline_featured_image":false},"product_brand":[],"product_cat":[475],"product_tag":[],"class_list":{"0":"post-11754","1":"product","2":"type-product","3":"status-publish","4":"has-post-thumbnail","6":"product_cat-tillbehor-till-staket","7":"product_shipping_class-litet-paket","9":"first","10":"instock","11":"taxable","12":"shipping-taxable","13":"purchasable","14":"product-type-simple"},"acf":[],"_links":{"self":[{"href":"https:\/\/abpolar.ee\/sv\/wp-json\/wp\/v2\/product\/11754","targetHints":{"allow":["GET"]}}],"collection":[{"href":"https:\/\/abpolar.ee\/sv\/wp-json\/wp\/v2\/product"}],"about":[{"href":"https:\/\/abpolar.ee\/sv\/wp-json\/wp\/v2\/types\/product"}],"wp:featuredmedia":[{"embeddable":true,"href":"https:\/\/abpolar.ee\/sv\/wp-json\/wp\/v2\/media\/17830"}],"wp:attachment":[{"href":"https:\/\/abpolar.ee\/sv\/wp-json\/wp\/v2\/media?parent=11754"}],"wp:term":[{"taxonomy":"product_brand","embeddable":true,"href":"https:\/\/abpolar.ee\/sv\/wp-json\/wp\/v2\/product_brand?post=11754"},{"taxonomy":"product_cat","embeddable":true,"href":"https:\/\/abpolar.ee\/sv\/wp-json\/wp\/v2\/product_cat?post=11754"},{"taxonomy":"product_tag","embeddable":true,"href":"https:\/\/abpolar.ee\/sv\/wp-json\/wp\/v2\/product_tag?post=11754"}],"curies":[{"name":"wp","href":"https:\/\/api.w.org\/{rel}","templated":true}]}}