{"id":11755,"date":"2022-11-17T16:08:45","date_gmt":"2022-11-17T14:08:45","guid":{"rendered":"https:\/\/abpolar-ee.vserver.zonevs.eu\/?post_type=product&#038;p=11755"},"modified":"2023-12-12T14:33:07","modified_gmt":"2023-12-12T12:33:07","slug":"spanningskam-for-tradgardsnat","status":"publish","type":"product","link":"https:\/\/abpolar.ee\/sv\/produkt\/spanningskam-for-tradgardsnat\/","title":{"rendered":"Sp\u00e4nningskam f\u00f6r tr\u00e4dg\u00e5rdsn\u00e4t"},"content":{"rendered":"<h2>Sp\u00e4nningskam f\u00f6r tr\u00e4dg\u00e5rdsn\u00e4t<\/h2>\n<p>Sp\u00e4nnkam kr\u00e4vs f\u00f6r installation av svetsn\u00e4t f\u00f6r att sp\u00e4nna n\u00e4tet innan det f\u00e4sts p\u00e5 stolparna.<\/p>\n","protected":false},"excerpt":{"rendered":"<p>Sp\u00e4nningskam f\u00f6r tr\u00e4dg\u00e5rdsn\u00e4t Sp\u00e4nnkam kr\u00e4vs f\u00f6r installation av svetsn\u00e4t f\u00f6r att sp\u00e4nna n\u00e4tet innan det&#8230;<\/p>\n","protected":false},"featured_media":9960,"template":"","meta":{"_acf_changed":false,"inline_featured_image":false},"product_brand":[],"product_cat":[475],"product_tag":[],"class_list":{"0":"post-11755","1":"product","2":"type-product","3":"status-publish","4":"has-post-thumbnail","6":"product_cat-tillbehor-till-staket","7":"product_shipping_class-litet-paket","9":"first","10":"instock","11":"taxable","12":"shipping-taxable","13":"purchasable","14":"product-type-simple"},"acf":[],"_links":{"self":[{"href":"https:\/\/abpolar.ee\/sv\/wp-json\/wp\/v2\/product\/11755","targetHints":{"allow":["GET"]}}],"collection":[{"href":"https:\/\/abpolar.ee\/sv\/wp-json\/wp\/v2\/product"}],"about":[{"href":"https:\/\/abpolar.ee\/sv\/wp-json\/wp\/v2\/types\/product"}],"wp:featuredmedia":[{"embeddable":true,"href":"https:\/\/abpolar.ee\/sv\/wp-json\/wp\/v2\/media\/9960"}],"wp:attachment":[{"href":"https:\/\/abpolar.ee\/sv\/wp-json\/wp\/v2\/media?parent=11755"}],"wp:term":[{"taxonomy":"product_brand","embeddable":true,"href":"https:\/\/abpolar.ee\/sv\/wp-json\/wp\/v2\/product_brand?post=11755"},{"taxonomy":"product_cat","embeddable":true,"href":"https:\/\/abpolar.ee\/sv\/wp-json\/wp\/v2\/product_cat?post=11755"},{"taxonomy":"product_tag","embeddable":true,"href":"https:\/\/abpolar.ee\/sv\/wp-json\/wp\/v2\/product_tag?post=11755"}],"curies":[{"name":"wp","href":"https:\/\/api.w.org\/{rel}","templated":true}]}}