{"id":11759,"date":"2022-11-17T16:08:46","date_gmt":"2022-11-17T14:08:46","guid":{"rendered":"https:\/\/abpolar-ee.vserver.zonevs.eu\/?post_type=product&#038;p=11759"},"modified":"2025-05-15T15:01:50","modified_gmt":"2025-05-15T12:01:50","slug":"tradklammaskruv-zinkad","status":"publish","type":"product","link":"https:\/\/abpolar.ee\/sv\/produkt\/tradklammaskruv-zinkad\/","title":{"rendered":"Tr\u00e5dkl\u00e4mma+skruv zinkad"},"content":{"rendered":"<h2>Tr\u00e5dkl\u00e4mma+skruv zinkad<\/h2>\n<p>Anv\u00e4nds f\u00f6r att f\u00e4sta sp\u00e4nntr\u00e5d till staketstolpar<br \/>\nsamt f\u00f6r att f\u00e4sta staketpaneler-svetsade paneler p\u00e5 grindkarmar, olika staketstolpar. Sj\u00e4lvborrande skruv ing\u00e5r.<\/p>\n<p><strong>AB Polar O\u00dc \u00e4r ett f\u00f6retag med l\u00e5ng erfarenhet inom detalj- och partihandel av tr\u00e4dg\u00e5rds- och inredningsprodukter i Estland och Finland.<\/strong><\/p>\n<p>V\u00e5ra huvudmarknader \u00e4r Estland och Finland, d\u00e4r vi \u00e4r en etablerad akt\u00f6r och d\u00e4r v\u00e5ra produkter finns att hitta i de st\u00f6rsta byggvaruhusen.<\/p>\n<p>Sedan 2008 har vi f\u00f6rsett b\u00e5de privatkunder och \u00e5terf\u00f6rs\u00e4ljare med h\u00f6gkvalitativa och prisv\u00e4rda l\u00f6sningar f\u00f6r tr\u00e4dg\u00e5rdsbygge och heminredning.<\/p>\n<p>V\u00e5r filosofi \u00e4r enkel \u2013 vi kombinerar kvalitet, funktionalitet och konkurrenskraftiga priser med flexibel och kundanpassad service.<\/p>\n<p><strong>Under 2024 har vi ut\u00f6kat v\u00e5r verksamhet till Sverige.<\/strong><\/p>\n","protected":false},"excerpt":{"rendered":"<p>Tr\u00e5dkl\u00e4mma+skruv zinkad Anv\u00e4nds f\u00f6r att f\u00e4sta sp\u00e4nntr\u00e5d till staketstolpar samt f\u00f6r att f\u00e4sta staketpaneler-svetsade paneler&#8230;<\/p>\n","protected":false},"featured_media":17961,"template":"","meta":{"_acf_changed":false,"inline_featured_image":false},"product_brand":[],"product_cat":[475],"product_tag":[],"class_list":{"0":"post-11759","1":"product","2":"type-product","3":"status-publish","4":"has-post-thumbnail","6":"product_cat-tillbehor-till-staket","7":"product_shipping_class-litet-paket","9":"first","10":"instock","11":"taxable","12":"shipping-taxable","13":"purchasable","14":"product-type-simple"},"acf":[],"_links":{"self":[{"href":"https:\/\/abpolar.ee\/sv\/wp-json\/wp\/v2\/product\/11759","targetHints":{"allow":["GET"]}}],"collection":[{"href":"https:\/\/abpolar.ee\/sv\/wp-json\/wp\/v2\/product"}],"about":[{"href":"https:\/\/abpolar.ee\/sv\/wp-json\/wp\/v2\/types\/product"}],"wp:featuredmedia":[{"embeddable":true,"href":"https:\/\/abpolar.ee\/sv\/wp-json\/wp\/v2\/media\/17961"}],"wp:attachment":[{"href":"https:\/\/abpolar.ee\/sv\/wp-json\/wp\/v2\/media?parent=11759"}],"wp:term":[{"taxonomy":"product_brand","embeddable":true,"href":"https:\/\/abpolar.ee\/sv\/wp-json\/wp\/v2\/product_brand?post=11759"},{"taxonomy":"product_cat","embeddable":true,"href":"https:\/\/abpolar.ee\/sv\/wp-json\/wp\/v2\/product_cat?post=11759"},{"taxonomy":"product_tag","embeddable":true,"href":"https:\/\/abpolar.ee\/sv\/wp-json\/wp\/v2\/product_tag?post=11759"}],"curies":[{"name":"wp","href":"https:\/\/api.w.org\/{rel}","templated":true}]}}