{"id":11764,"date":"2022-11-17T16:08:24","date_gmt":"2022-11-17T14:08:24","guid":{"rendered":"https:\/\/abpolar-ee.vserver.zonevs.eu\/?post_type=product&#038;p=11764"},"modified":"2023-12-12T15:05:43","modified_gmt":"2023-12-12T13:05:43","slug":"stolpfot-60mm-for-rund-stolpe","status":"publish","type":"product","link":"https:\/\/abpolar.ee\/sv\/produkt\/stolpfot-60mm-for-rund-stolpe\/","title":{"rendered":"Stolpfot 60mm, f\u00f6r rund stolpe\u00a0"},"content":{"rendered":"<h2 class=\"product_title entry-title\">Stolpfot 60mm, f\u00f6r rund stolpe<\/h2>\n<p>Benet \u00e4r utformat f\u00f6r att installera staketstolpar p\u00e5 en betongyta.<br \/>\nL\u00e4mplig f\u00f6r en rund stolpe med en diameter p\u00e5 60 mm. Benet g\u00e5r in i staketstolpen.<br \/>\nPlattstorlek 200x200mm<\/p>\n","protected":false},"excerpt":{"rendered":"<p>Stolpfot 60mm, f\u00f6r rund stolpe Benet \u00e4r utformat f\u00f6r att installera staketstolpar p\u00e5 en betongyta&#8230;.<\/p>\n","protected":false},"featured_media":10235,"template":"","meta":{"_acf_changed":false,"inline_featured_image":false},"product_brand":[],"product_cat":[475],"product_tag":[],"class_list":{"0":"post-11764","1":"product","2":"type-product","3":"status-publish","4":"has-post-thumbnail","6":"product_cat-tillbehor-till-staket","7":"product_shipping_class-litet-paket","9":"first","10":"instock","11":"taxable","12":"shipping-taxable","13":"purchasable","14":"product-type-simple"},"acf":[],"_links":{"self":[{"href":"https:\/\/abpolar.ee\/sv\/wp-json\/wp\/v2\/product\/11764","targetHints":{"allow":["GET"]}}],"collection":[{"href":"https:\/\/abpolar.ee\/sv\/wp-json\/wp\/v2\/product"}],"about":[{"href":"https:\/\/abpolar.ee\/sv\/wp-json\/wp\/v2\/types\/product"}],"wp:featuredmedia":[{"embeddable":true,"href":"https:\/\/abpolar.ee\/sv\/wp-json\/wp\/v2\/media\/10235"}],"wp:attachment":[{"href":"https:\/\/abpolar.ee\/sv\/wp-json\/wp\/v2\/media?parent=11764"}],"wp:term":[{"taxonomy":"product_brand","embeddable":true,"href":"https:\/\/abpolar.ee\/sv\/wp-json\/wp\/v2\/product_brand?post=11764"},{"taxonomy":"product_cat","embeddable":true,"href":"https:\/\/abpolar.ee\/sv\/wp-json\/wp\/v2\/product_cat?post=11764"},{"taxonomy":"product_tag","embeddable":true,"href":"https:\/\/abpolar.ee\/sv\/wp-json\/wp\/v2\/product_tag?post=11764"}],"curies":[{"name":"wp","href":"https:\/\/api.w.org\/{rel}","templated":true}]}}