{"id":11769,"date":"2022-11-17T16:09:30","date_gmt":"2022-11-17T14:09:30","guid":{"rendered":"https:\/\/abpolar-ee.vserver.zonevs.eu\/?post_type=product&#038;p=11769"},"modified":"2023-12-12T15:31:03","modified_gmt":"2023-12-12T13:31:03","slug":"trastaket-fastora-till-staketstolpen","status":"publish","type":"product","link":"https:\/\/abpolar.ee\/sv\/produkt\/trastaket-fastora-till-staketstolpen\/","title":{"rendered":"Tr\u00e4staket f\u00e4st\u00f6ra till staketstolpen"},"content":{"rendered":"<h2>Tr\u00e4staket f\u00e4st\u00f6ra till staketstolpen<\/h2>\n<p>F\u00e4st\u00f6rat \u00e4r avsett f\u00f6r att f\u00e4sta tr\u00e4staketets horisontella st\u00e4nger p\u00e5 staketstolparna.<\/p>\n<p>Bel\u00e4ggningen \u00e4r varmf\u00f6rzinkad.<\/p>\n<p>Materialets tjocklek \u00e4r 4 mm.<br \/>\nStorlek 50x100mm\/30x100mm<\/p>\n","protected":false},"excerpt":{"rendered":"<p>Tr\u00e4staket f\u00e4st\u00f6ra till staketstolpen F\u00e4st\u00f6rat \u00e4r avsett f\u00f6r att f\u00e4sta tr\u00e4staketets horisontella st\u00e4nger p\u00e5 staketstolparna&#8230;.<\/p>\n","protected":false},"featured_media":10137,"template":"","meta":{"_acf_changed":false,"inline_featured_image":false},"product_brand":[],"product_cat":[475],"product_tag":[],"class_list":{"0":"post-11769","1":"product","2":"type-product","3":"status-publish","4":"has-post-thumbnail","6":"product_cat-tillbehor-till-staket","7":"product_shipping_class-litet-paket","9":"first","10":"instock","11":"taxable","12":"shipping-taxable","13":"purchasable","14":"product-type-simple"},"acf":[],"_links":{"self":[{"href":"https:\/\/abpolar.ee\/sv\/wp-json\/wp\/v2\/product\/11769","targetHints":{"allow":["GET"]}}],"collection":[{"href":"https:\/\/abpolar.ee\/sv\/wp-json\/wp\/v2\/product"}],"about":[{"href":"https:\/\/abpolar.ee\/sv\/wp-json\/wp\/v2\/types\/product"}],"wp:featuredmedia":[{"embeddable":true,"href":"https:\/\/abpolar.ee\/sv\/wp-json\/wp\/v2\/media\/10137"}],"wp:attachment":[{"href":"https:\/\/abpolar.ee\/sv\/wp-json\/wp\/v2\/media?parent=11769"}],"wp:term":[{"taxonomy":"product_brand","embeddable":true,"href":"https:\/\/abpolar.ee\/sv\/wp-json\/wp\/v2\/product_brand?post=11769"},{"taxonomy":"product_cat","embeddable":true,"href":"https:\/\/abpolar.ee\/sv\/wp-json\/wp\/v2\/product_cat?post=11769"},{"taxonomy":"product_tag","embeddable":true,"href":"https:\/\/abpolar.ee\/sv\/wp-json\/wp\/v2\/product_tag?post=11769"}],"curies":[{"name":"wp","href":"https:\/\/api.w.org\/{rel}","templated":true}]}}