{"id":11773,"date":"2022-11-17T16:08:11","date_gmt":"2022-11-17T14:08:11","guid":{"rendered":"https:\/\/abpolar-ee.vserver.zonevs.eu\/?post_type=product&#038;p=11773"},"modified":"2023-12-12T15:42:06","modified_gmt":"2023-12-12T13:42:06","slug":"spannstang-zn","status":"publish","type":"product","link":"https:\/\/abpolar.ee\/sv\/produkt\/spannstang-zn\/","title":{"rendered":"Sp\u00e4nnst\u00e5ng ZN"},"content":{"rendered":"<h2>Sp\u00e4nnst\u00e5ng ZN<\/h2>\n<p>Sp\u00e4nnst\u00e5ng f\u00f6r fl\u00e4tat n\u00e4t. 2 sp\u00f6n ska r\u00e4knas i varje h\u00f6rn av staketet och 1 i varje \u00e4nde av staketet<\/p>\n<p>M\u00e5tt: 1,5m, 2m<br \/>\nSp\u00e4nnst\u00e5ngens diameter \u00e4r 7,2 mm<br \/>\nMaterial: Galvaniserad<\/p>\n","protected":false},"excerpt":{"rendered":"<p>Sp\u00e4nnst\u00e5ng ZN Sp\u00e4nnst\u00e5ng f\u00f6r fl\u00e4tat n\u00e4t. 2 sp\u00f6n ska r\u00e4knas i varje h\u00f6rn av staketet&#8230;<\/p>\n","protected":false},"featured_media":10131,"template":"","meta":{"_acf_changed":false,"inline_featured_image":false},"product_brand":[],"product_cat":[475],"product_tag":[],"class_list":{"0":"post-11773","1":"product","2":"type-product","3":"status-publish","4":"has-post-thumbnail","6":"product_cat-tillbehor-till-staket","7":"product_shipping_class-paket-upp-till-30kg","9":"first","10":"instock","11":"taxable","12":"shipping-taxable","13":"purchasable","14":"product-type-variable"},"acf":[],"_links":{"self":[{"href":"https:\/\/abpolar.ee\/sv\/wp-json\/wp\/v2\/product\/11773","targetHints":{"allow":["GET"]}}],"collection":[{"href":"https:\/\/abpolar.ee\/sv\/wp-json\/wp\/v2\/product"}],"about":[{"href":"https:\/\/abpolar.ee\/sv\/wp-json\/wp\/v2\/types\/product"}],"wp:featuredmedia":[{"embeddable":true,"href":"https:\/\/abpolar.ee\/sv\/wp-json\/wp\/v2\/media\/10131"}],"wp:attachment":[{"href":"https:\/\/abpolar.ee\/sv\/wp-json\/wp\/v2\/media?parent=11773"}],"wp:term":[{"taxonomy":"product_brand","embeddable":true,"href":"https:\/\/abpolar.ee\/sv\/wp-json\/wp\/v2\/product_brand?post=11773"},{"taxonomy":"product_cat","embeddable":true,"href":"https:\/\/abpolar.ee\/sv\/wp-json\/wp\/v2\/product_cat?post=11773"},{"taxonomy":"product_tag","embeddable":true,"href":"https:\/\/abpolar.ee\/sv\/wp-json\/wp\/v2\/product_tag?post=11773"}],"curies":[{"name":"wp","href":"https:\/\/api.w.org\/{rel}","templated":true}]}}