{"id":11776,"date":"2022-11-17T16:08:45","date_gmt":"2022-11-17T14:08:45","guid":{"rendered":"https:\/\/abpolar-ee.vserver.zonevs.eu\/?post_type=product&#038;p=11776"},"modified":"2023-12-12T16:06:59","modified_gmt":"2023-12-12T14:06:59","slug":"spanntangen-for-svetsnat","status":"publish","type":"product","link":"https:\/\/abpolar.ee\/sv\/produkt\/spanntangen-for-svetsnat\/","title":{"rendered":"Sp\u00e4nnt\u00e5ngen f\u00f6r svetsn\u00e4t"},"content":{"rendered":"<h2 class=\"product_title entry-title\">Sp\u00e4nnt\u00e5ngen f\u00f6r svetsn\u00e4t<\/h2>\n<p>Sp\u00e4nnt\u00e5ngen \u00e4r avsedd f\u00f6r eftersp\u00e4nning och senare korrigering av det svetsade n\u00e4tst\u00e4ngslet.<br \/>\nL\u00e4mplig f\u00f6r \u00e5tdragning av alla svetsade n\u00e4t i produktsortimentet.<br \/>\nS\u00e4kerst\u00e4ller enhetliga resultat och estetiskt utseende.<\/p>\n","protected":false},"excerpt":{"rendered":"<p>Sp\u00e4nnt\u00e5ngen f\u00f6r svetsn\u00e4t Sp\u00e4nnt\u00e5ngen \u00e4r avsedd f\u00f6r eftersp\u00e4nning och senare korrigering av det svetsade n\u00e4tst\u00e4ngslet&#8230;.<\/p>\n","protected":false},"featured_media":9957,"template":"","meta":{"_acf_changed":false,"inline_featured_image":false},"product_brand":[],"product_cat":[475],"product_tag":[],"class_list":{"0":"post-11776","1":"product","2":"type-product","3":"status-publish","4":"has-post-thumbnail","6":"product_cat-tillbehor-till-staket","7":"product_shipping_class-litet-paket","9":"first","10":"instock","11":"taxable","12":"shipping-taxable","13":"purchasable","14":"product-type-simple"},"acf":[],"_links":{"self":[{"href":"https:\/\/abpolar.ee\/sv\/wp-json\/wp\/v2\/product\/11776","targetHints":{"allow":["GET"]}}],"collection":[{"href":"https:\/\/abpolar.ee\/sv\/wp-json\/wp\/v2\/product"}],"about":[{"href":"https:\/\/abpolar.ee\/sv\/wp-json\/wp\/v2\/types\/product"}],"wp:featuredmedia":[{"embeddable":true,"href":"https:\/\/abpolar.ee\/sv\/wp-json\/wp\/v2\/media\/9957"}],"wp:attachment":[{"href":"https:\/\/abpolar.ee\/sv\/wp-json\/wp\/v2\/media?parent=11776"}],"wp:term":[{"taxonomy":"product_brand","embeddable":true,"href":"https:\/\/abpolar.ee\/sv\/wp-json\/wp\/v2\/product_brand?post=11776"},{"taxonomy":"product_cat","embeddable":true,"href":"https:\/\/abpolar.ee\/sv\/wp-json\/wp\/v2\/product_cat?post=11776"},{"taxonomy":"product_tag","embeddable":true,"href":"https:\/\/abpolar.ee\/sv\/wp-json\/wp\/v2\/product_tag?post=11776"}],"curies":[{"name":"wp","href":"https:\/\/api.w.org\/{rel}","templated":true}]}}