{"id":11778,"date":"2022-11-17T16:09:57","date_gmt":"2022-11-17T14:09:57","guid":{"rendered":"https:\/\/abpolar-ee.vserver.zonevs.eu\/?post_type=product&#038;p=11778"},"modified":"2025-05-15T14:07:36","modified_gmt":"2025-05-15T11:07:36","slug":"betongsockel-248x30x6cm","status":"publish","type":"product","link":"https:\/\/abpolar.ee\/sv\/produkt\/betongsockel-248x30x6cm\/","title":{"rendered":"Betongsockel 248x30x6cm"},"content":{"rendered":"<h2>Betongsockel 248x30x6cm<\/h2>\n<p>En tr\u00e4dg\u00e5rdssockel i betong kan anv\u00e4ndas som underlag f\u00f6r olika tr\u00e4dg\u00e5rdar. Kompatibel med panelst\u00e4ngsel av tr\u00e4, metall och mesh. Universalbetongsockel hj\u00e4lper till att spara tid och pengar.<\/p>\n<p>L\u00e4ngd 248 cm<br \/>\nH\u00f6jd 30 cm<br \/>\nTjocklek 6 cm<br \/>\nVikt 97 kg<\/p>\n<p><strong>AB Polar O\u00dc \u00e4r ett f\u00f6retag med l\u00e5ng erfarenhet inom detalj- och partihandel av tr\u00e4dg\u00e5rds- och inredningsprodukter i Estland och Finland.<\/strong><\/p>\n<p>V\u00e5ra huvudmarknader \u00e4r Estland och Finland, d\u00e4r vi \u00e4r en etablerad akt\u00f6r och d\u00e4r v\u00e5ra produkter finns att hitta i de st\u00f6rsta byggvaruhusen.<\/p>\n<p>Sedan 2008 har vi f\u00f6rsett b\u00e5de privatkunder och \u00e5terf\u00f6rs\u00e4ljare med h\u00f6gkvalitativa och prisv\u00e4rda l\u00f6sningar f\u00f6r tr\u00e4dg\u00e5rdsbygge och heminredning.<\/p>\n<p>V\u00e5r filosofi \u00e4r enkel \u2013 vi kombinerar kvalitet, funktionalitet och konkurrenskraftiga priser med flexibel och kundanpassad service.<\/p>\n<p><strong>Under 2024 har vi ut\u00f6kat v\u00e5r verksamhet till Sverige.<\/strong><\/p>\n","protected":false},"excerpt":{"rendered":"<p>Betongsockel 248x30x6cm En tr\u00e4dg\u00e5rdssockel i betong kan anv\u00e4ndas som underlag f\u00f6r olika tr\u00e4dg\u00e5rdar. Kompatibel med&#8230;<\/p>\n","protected":false},"featured_media":9854,"template":"","meta":{"_acf_changed":false,"inline_featured_image":false},"product_brand":[],"product_cat":[499,371],"product_tag":[],"class_list":{"0":"post-11778","1":"product","2":"type-product","3":"status-publish","4":"has-post-thumbnail","6":"product_cat-betongsocklar","7":"product_cat-staket-och-tillbehor","9":"first","10":"instock","11":"taxable","12":"shipping-taxable","13":"purchasable","14":"product-type-simple"},"acf":[],"_links":{"self":[{"href":"https:\/\/abpolar.ee\/sv\/wp-json\/wp\/v2\/product\/11778","targetHints":{"allow":["GET"]}}],"collection":[{"href":"https:\/\/abpolar.ee\/sv\/wp-json\/wp\/v2\/product"}],"about":[{"href":"https:\/\/abpolar.ee\/sv\/wp-json\/wp\/v2\/types\/product"}],"wp:featuredmedia":[{"embeddable":true,"href":"https:\/\/abpolar.ee\/sv\/wp-json\/wp\/v2\/media\/9854"}],"wp:attachment":[{"href":"https:\/\/abpolar.ee\/sv\/wp-json\/wp\/v2\/media?parent=11778"}],"wp:term":[{"taxonomy":"product_brand","embeddable":true,"href":"https:\/\/abpolar.ee\/sv\/wp-json\/wp\/v2\/product_brand?post=11778"},{"taxonomy":"product_cat","embeddable":true,"href":"https:\/\/abpolar.ee\/sv\/wp-json\/wp\/v2\/product_cat?post=11778"},{"taxonomy":"product_tag","embeddable":true,"href":"https:\/\/abpolar.ee\/sv\/wp-json\/wp\/v2\/product_tag?post=11778"}],"curies":[{"name":"wp","href":"https:\/\/api.w.org\/{rel}","templated":true}]}}