{"id":11779,"date":"2022-11-17T16:09:58","date_gmt":"2022-11-17T14:09:58","guid":{"rendered":"https:\/\/abpolar-ee.vserver.zonevs.eu\/?post_type=product&#038;p=11779"},"modified":"2025-05-15T14:07:29","modified_gmt":"2025-05-15T11:07:29","slug":"betongsockelfaste-20x6cm","status":"publish","type":"product","link":"https:\/\/abpolar.ee\/sv\/produkt\/betongsockelfaste-20x6cm\/","title":{"rendered":"Betongsockelf\u00e4ste 20x6cm"},"content":{"rendered":"<h2>Betongsockelf\u00e4ste 20x6cm<\/h2>\n<p>L\u00e4mplig f\u00f6r en 20 cm h\u00f6g betongsockel.<br \/>\nInga skruvar ing\u00e5r.<\/p>\n<p>&nbsp;<\/p>\n<p><strong>M\u00e5tt: 20\u00d76 cm<\/strong><br \/>\n<strong>RAL6005 gr\u00f6n,<\/strong><br \/>\n<strong>RAL8017 brun,<\/strong><br \/>\n<strong>RAL9005 svart,<\/strong><br \/>\n<strong>zink<\/strong><\/p>\n<p><strong>AB Polar O\u00dc \u00e4r ett f\u00f6retag med l\u00e5ng erfarenhet inom detalj- och partihandel av tr\u00e4dg\u00e5rds- och inredningsprodukter i Estland och Finland.<\/strong><\/p>\n<p>V\u00e5ra huvudmarknader \u00e4r Estland och Finland, d\u00e4r vi \u00e4r en etablerad akt\u00f6r och d\u00e4r v\u00e5ra produkter finns att hitta i de st\u00f6rsta byggvaruhusen.<\/p>\n<p>Sedan 2008 har vi f\u00f6rsett b\u00e5de privatkunder och \u00e5terf\u00f6rs\u00e4ljare med h\u00f6gkvalitativa och prisv\u00e4rda l\u00f6sningar f\u00f6r tr\u00e4dg\u00e5rdsbygge och heminredning.<\/p>\n<p>V\u00e5r filosofi \u00e4r enkel \u2013 vi kombinerar kvalitet, funktionalitet och konkurrenskraftiga priser med flexibel och kundanpassad service.<\/p>\n<p><strong>Under 2024 har vi ut\u00f6kat v\u00e5r verksamhet till Sverige.<\/strong><\/p>\n","protected":false},"excerpt":{"rendered":"<p>Betongsockelf\u00e4ste 20x6cm L\u00e4mplig f\u00f6r en 20 cm h\u00f6g betongsockel. Inga skruvar ing\u00e5r. &nbsp; M\u00e5tt: 20\u00d76&#8230;<\/p>\n","protected":false},"featured_media":9927,"template":"","meta":{"_acf_changed":false,"inline_featured_image":false},"product_brand":[],"product_cat":[499,475],"product_tag":[],"class_list":{"0":"post-11779","1":"product","2":"type-product","3":"status-publish","4":"has-post-thumbnail","6":"product_cat-betongsocklar","7":"product_cat-tillbehor-till-staket","8":"product_shipping_class-litet-paket","10":"first","11":"instock","12":"taxable","13":"shipping-taxable","14":"purchasable","15":"product-type-variable"},"acf":[],"_links":{"self":[{"href":"https:\/\/abpolar.ee\/sv\/wp-json\/wp\/v2\/product\/11779","targetHints":{"allow":["GET"]}}],"collection":[{"href":"https:\/\/abpolar.ee\/sv\/wp-json\/wp\/v2\/product"}],"about":[{"href":"https:\/\/abpolar.ee\/sv\/wp-json\/wp\/v2\/types\/product"}],"wp:featuredmedia":[{"embeddable":true,"href":"https:\/\/abpolar.ee\/sv\/wp-json\/wp\/v2\/media\/9927"}],"wp:attachment":[{"href":"https:\/\/abpolar.ee\/sv\/wp-json\/wp\/v2\/media?parent=11779"}],"wp:term":[{"taxonomy":"product_brand","embeddable":true,"href":"https:\/\/abpolar.ee\/sv\/wp-json\/wp\/v2\/product_brand?post=11779"},{"taxonomy":"product_cat","embeddable":true,"href":"https:\/\/abpolar.ee\/sv\/wp-json\/wp\/v2\/product_cat?post=11779"},{"taxonomy":"product_tag","embeddable":true,"href":"https:\/\/abpolar.ee\/sv\/wp-json\/wp\/v2\/product_tag?post=11779"}],"curies":[{"name":"wp","href":"https:\/\/api.w.org\/{rel}","templated":true}]}}