{"id":11789,"date":"2022-11-16T09:17:26","date_gmt":"2022-11-16T07:17:26","guid":{"rendered":"https:\/\/abpolar-ee.vserver.zonevs.eu\/?post_type=product&#038;p=11789"},"modified":"2025-05-15T14:27:55","modified_gmt":"2025-05-15T11:27:55","slug":"byggram-35x20m","status":"publish","type":"product","link":"https:\/\/abpolar.ee\/sv\/produkt\/byggram-35x20m\/","title":{"rendered":"Byggram 3,5&#215;2,0m"},"content":{"rendered":"<h2>Byggram 3,5&#215;2,0m<\/h2>\n<p>Byggram enligt standard. Levereras utan fot och koppling. Byggram som anv\u00e4nds f\u00f6r tillf\u00e4llig kontroll och skydd av m\u00e4nniskor, transportmedel eller varor.<br \/>\nPanelerna \u00e4r svetsade av galvaniserade r\u00f6r och tr\u00e5dar och sedan galvaniserade f\u00f6r att s\u00e4kerst\u00e4lla deras l\u00e5ngtidsh\u00e5llbarhet i alla v\u00e4derf\u00f6rh\u00e5llanden.<br \/>\nN\u00e4tmaskorna \u00e4r 100&#215;275 mm<br \/>\nTjockleken p\u00e5 tr\u00e5den \u00e4r 2,35 mm<\/p>\n<p><strong>AB Polar O\u00dc \u00e4r ett f\u00f6retag med l\u00e5ng erfarenhet inom detalj- och partihandel av tr\u00e4dg\u00e5rds- och inredningsprodukter i Estland och Finland.<\/strong><\/p>\n<p>V\u00e5ra huvudmarknader \u00e4r Estland och Finland, d\u00e4r vi \u00e4r en etablerad akt\u00f6r och d\u00e4r v\u00e5ra produkter finns att hitta i de st\u00f6rsta byggvaruhusen.<\/p>\n<p>Sedan 2008 har vi f\u00f6rsett b\u00e5de privatkunder och \u00e5terf\u00f6rs\u00e4ljare med h\u00f6gkvalitativa och prisv\u00e4rda l\u00f6sningar f\u00f6r tr\u00e4dg\u00e5rdsbygge och heminredning.<\/p>\n<p>V\u00e5r filosofi \u00e4r enkel \u2013 vi kombinerar kvalitet, funktionalitet och konkurrenskraftiga priser med flexibel och kundanpassad service.<\/p>\n<p><strong>Under 2024 har vi ut\u00f6kat v\u00e5r verksamhet till Sverige.<\/strong><\/p>\n","protected":false},"excerpt":{"rendered":"<p>Byggram 3,5&#215;2,0m Byggram enligt standard. Levereras utan fot och koppling. Byggram som anv\u00e4nds f\u00f6r tillf\u00e4llig&#8230;<\/p>\n","protected":false},"featured_media":10026,"template":"","meta":{"_acf_changed":false,"inline_featured_image":false},"product_brand":[],"product_cat":[524],"product_tag":[],"class_list":{"0":"post-11789","1":"product","2":"type-product","3":"status-publish","4":"has-post-thumbnail","6":"product_cat-mobila-staket","7":"product_shipping_class-eur-sv","9":"first","10":"instock","11":"taxable","12":"shipping-taxable","13":"purchasable","14":"product-type-simple"},"acf":[],"_links":{"self":[{"href":"https:\/\/abpolar.ee\/sv\/wp-json\/wp\/v2\/product\/11789","targetHints":{"allow":["GET"]}}],"collection":[{"href":"https:\/\/abpolar.ee\/sv\/wp-json\/wp\/v2\/product"}],"about":[{"href":"https:\/\/abpolar.ee\/sv\/wp-json\/wp\/v2\/types\/product"}],"wp:featuredmedia":[{"embeddable":true,"href":"https:\/\/abpolar.ee\/sv\/wp-json\/wp\/v2\/media\/10026"}],"wp:attachment":[{"href":"https:\/\/abpolar.ee\/sv\/wp-json\/wp\/v2\/media?parent=11789"}],"wp:term":[{"taxonomy":"product_brand","embeddable":true,"href":"https:\/\/abpolar.ee\/sv\/wp-json\/wp\/v2\/product_brand?post=11789"},{"taxonomy":"product_cat","embeddable":true,"href":"https:\/\/abpolar.ee\/sv\/wp-json\/wp\/v2\/product_cat?post=11789"},{"taxonomy":"product_tag","embeddable":true,"href":"https:\/\/abpolar.ee\/sv\/wp-json\/wp\/v2\/product_tag?post=11789"}],"curies":[{"name":"wp","href":"https:\/\/api.w.org\/{rel}","templated":true}]}}