{"id":11804,"date":"2022-11-17T16:09:06","date_gmt":"2022-11-17T14:09:06","guid":{"rendered":"https:\/\/abpolar-ee.vserver.zonevs.eu\/?post_type=product&#038;p=11804"},"modified":"2023-12-13T11:49:45","modified_gmt":"2023-12-13T09:49:45","slug":"vaxthus-hybrid-7-88-m","status":"publish","type":"product","link":"https:\/\/abpolar.ee\/sv\/produkt\/vaxthus-hybrid-7-88-m\/","title":{"rendered":"V\u00e4xthus Hybrid 7,88 m\u00b2"},"content":{"rendered":"<h2 class=\"product_title entry-title\">V\u00e4xthus Hybrid 7,88 m\u00b2<\/h2>\n<p>F\u00f6r ett vackert, v\u00e4ldesignat och rymligt till\u00e4gg till din tr\u00e4dg\u00e5rdsupplevelse, skaffa ett Balance v\u00e4xthus idag!<br \/>\nCanopia by Palram Hybrid v\u00e4xthuspaket ger dina v\u00e4xter optimala f\u00f6rh\u00e5llanden f\u00f6r v\u00e5rd och tillv\u00e4xt. Med tv\u00e5 typer av glasrutor f\u00e5r du ett balanserat g\u00f6r-det-sj\u00e4lv-v\u00e4xthus som kombinerar skyddet fr\u00e5n de dubbla takpanelerna med ljusgenomsl\u00e4ppet hos de kristallklara v\u00e4ggpanelerna f\u00f6r idealiska odlingsf\u00f6rh\u00e5llanden.<\/p>\n<p><strong>Area: 7,88m2<\/strong><br \/>\n<strong>L\u00e4ngd: 424 cm<\/strong><br \/>\n<strong>Bredd: 185 cm<\/strong><br \/>\n<strong>H\u00f6jd: 208\/124 cm<br \/>\n2 takf\u00f6nster<\/strong><br \/>\n<strong>F\u00f6nstertyp : Polykarbonat<\/strong><br \/>\n<strong>F\u00e4rg : Silver<\/strong><br \/>\n<strong>Varum\u00e4rke : Canopia by Palram<\/strong><\/p>\n<p><strong>Specifikationer<\/strong><br \/>\n&#8211; Material: 100 % UV-skyddat polykarbonat.<br \/>\n&#8211; Dubbla takpaneler p\u00e5 4 mm som skyddar v\u00e4xterna fr\u00e5n h\u00f6stfrost.<br \/>\n&#8211; V\u00e4ggpaneler av kristallklart polykarbonat. Sidopaneler ger \u00f6ver 90 % ljusgenomsl\u00e4pp.<br \/>\n&#8211; Pulverlackerad aluminiumram i rostbest\u00e4ndig metall med st\u00f6dbalkar och bas av galvaniserat st\u00e5l.<br \/>\n&#8211; Vind- och sn\u00f6belastning: Motst\u00e5r vindar upp till 90 km\/h och 75 kg\/m\u00b2 sn\u00f6.<br \/>\n&#8211; Funktioner: Inbyggt r\u00e4nndalssystem &amp; manuella ventilationsf\u00f6nster.<br \/>\n&#8211; Enkel \u00e5tkomst: L\u00e5g tr\u00f6skelramp och stora l\u00e5sbara dubbla g\u00e5ngj\u00e4rnsd\u00f6rrar (h\u00e4ngl\u00e5s ing\u00e5r inte).<br \/>\n&#8211; Sj\u00e4lvmontering: Skjutpl\u00e5tsystemet inneh\u00e5ller f\u00f6rborrade profiler och f\u00f6rskurna skjutpaneler f\u00f6r enkel montering.<\/p>\n","protected":false},"excerpt":{"rendered":"<p>V\u00e4xthus Hybrid 7,88 m\u00b2 F\u00f6r ett vackert, v\u00e4ldesignat och rymligt till\u00e4gg till din tr\u00e4dg\u00e5rdsupplevelse, skaffa&#8230;<\/p>\n","protected":false},"featured_media":9743,"template":"","meta":{"_acf_changed":false,"inline_featured_image":false},"product_brand":[],"product_cat":[472,520],"product_tag":[],"class_list":{"0":"post-11804","1":"product","2":"type-product","3":"status-publish","4":"has-post-thumbnail","6":"product_cat-vaxthus","7":"product_cat-vaxthus-med-snedtak","8":"product_shipping_class-eur-sv","10":"first","11":"instock","12":"sale","13":"taxable","14":"shipping-taxable","15":"purchasable","16":"product-type-simple"},"acf":[],"_links":{"self":[{"href":"https:\/\/abpolar.ee\/sv\/wp-json\/wp\/v2\/product\/11804","targetHints":{"allow":["GET"]}}],"collection":[{"href":"https:\/\/abpolar.ee\/sv\/wp-json\/wp\/v2\/product"}],"about":[{"href":"https:\/\/abpolar.ee\/sv\/wp-json\/wp\/v2\/types\/product"}],"wp:featuredmedia":[{"embeddable":true,"href":"https:\/\/abpolar.ee\/sv\/wp-json\/wp\/v2\/media\/9743"}],"wp:attachment":[{"href":"https:\/\/abpolar.ee\/sv\/wp-json\/wp\/v2\/media?parent=11804"}],"wp:term":[{"taxonomy":"product_brand","embeddable":true,"href":"https:\/\/abpolar.ee\/sv\/wp-json\/wp\/v2\/product_brand?post=11804"},{"taxonomy":"product_cat","embeddable":true,"href":"https:\/\/abpolar.ee\/sv\/wp-json\/wp\/v2\/product_cat?post=11804"},{"taxonomy":"product_tag","embeddable":true,"href":"https:\/\/abpolar.ee\/sv\/wp-json\/wp\/v2\/product_tag?post=11804"}],"curies":[{"name":"wp","href":"https:\/\/api.w.org\/{rel}","templated":true}]}}