{"id":11807,"date":"2022-11-17T16:09:05","date_gmt":"2022-11-17T14:09:05","guid":{"rendered":"https:\/\/abpolar-ee.vserver.zonevs.eu\/?post_type=product&#038;p=11807"},"modified":"2023-12-13T12:27:23","modified_gmt":"2023-12-13T10:27:23","slug":"vaggvaxthus-polar-2-3m2","status":"publish","type":"product","link":"https:\/\/abpolar.ee\/sv\/produkt\/vaggvaxthus-polar-2-3m2\/","title":{"rendered":"V\u00e4ggv\u00e4xthus POLAR 2,3m2"},"content":{"rendered":"<h2>V\u00e4ggv\u00e4xthus POLAR 2,3m2<\/h2>\n<p>V\u00e4ggv\u00e4xthuset POLAR 2,3 m2 \u00e4r l\u00e4tt att installera p\u00e5 sidan av ett hus, garage eller friggebod.<br \/>\nV\u00e4xthuset har ett takf\u00f6nster och en skjutd\u00f6rr som s\u00e4kerst\u00e4ller god ventilation.<br \/>\nRegnr\u00e4nnor installeras i v\u00e4xthuset.<br \/>\nGod v\u00e4rmeh\u00e5llning garanteras av 4 mm dubbelskiktiga UV-best\u00e4ndiga polykarbonatplattor.<br \/>\nSn\u00f6last 25kg\/m2<br \/>\nM\u00e5tt: 190x122xH130\/195<\/p>\n<p>P\u00e5 vintern, ta bort sn\u00f6n fr\u00e5n taket p\u00e5 v\u00e4xthuset!<\/p>\n","protected":false},"excerpt":{"rendered":"<p>V\u00e4ggv\u00e4xthus POLAR 2,3m2 V\u00e4ggv\u00e4xthuset POLAR 2,3 m2 \u00e4r l\u00e4tt att installera p\u00e5 sidan av ett&#8230;<\/p>\n","protected":false},"featured_media":9761,"template":"","meta":{"_acf_changed":false,"inline_featured_image":false},"product_brand":[],"product_cat":[472,520],"product_tag":[],"class_list":{"0":"post-11807","1":"product","2":"type-product","3":"status-publish","4":"has-post-thumbnail","6":"product_cat-vaxthus","7":"product_cat-vaxthus-med-snedtak","8":"product_shipping_class-eur-sv","10":"first","11":"instock","12":"sale","13":"taxable","14":"shipping-taxable","15":"purchasable","16":"product-type-simple"},"acf":[],"_links":{"self":[{"href":"https:\/\/abpolar.ee\/sv\/wp-json\/wp\/v2\/product\/11807","targetHints":{"allow":["GET"]}}],"collection":[{"href":"https:\/\/abpolar.ee\/sv\/wp-json\/wp\/v2\/product"}],"about":[{"href":"https:\/\/abpolar.ee\/sv\/wp-json\/wp\/v2\/types\/product"}],"wp:featuredmedia":[{"embeddable":true,"href":"https:\/\/abpolar.ee\/sv\/wp-json\/wp\/v2\/media\/9761"}],"wp:attachment":[{"href":"https:\/\/abpolar.ee\/sv\/wp-json\/wp\/v2\/media?parent=11807"}],"wp:term":[{"taxonomy":"product_brand","embeddable":true,"href":"https:\/\/abpolar.ee\/sv\/wp-json\/wp\/v2\/product_brand?post=11807"},{"taxonomy":"product_cat","embeddable":true,"href":"https:\/\/abpolar.ee\/sv\/wp-json\/wp\/v2\/product_cat?post=11807"},{"taxonomy":"product_tag","embeddable":true,"href":"https:\/\/abpolar.ee\/sv\/wp-json\/wp\/v2\/product_tag?post=11807"}],"curies":[{"name":"wp","href":"https:\/\/api.w.org\/{rel}","templated":true}]}}