{"id":11810,"date":"2022-11-16T09:17:37","date_gmt":"2022-11-16T07:17:37","guid":{"rendered":"https:\/\/abpolar-ee.vserver.zonevs.eu\/?post_type=product&#038;p=11810"},"modified":"2023-12-13T13:42:05","modified_gmt":"2023-12-13T11:42:05","slug":"vaxthushylla-med-2-hyllor","status":"publish","type":"product","link":"https:\/\/abpolar.ee\/sv\/produkt\/vaxthushylla-med-2-hyllor\/","title":{"rendered":"V\u00e4xthushylla med 2 Hyllor"},"content":{"rendered":"<h2 class=\"font-alt text-2xl mb-2 break-words\">V\u00e4xthushylla med 2 Hyllor<\/h2>\n<p>Detta miniv\u00e4xthus fr\u00e5n passar dig som inte har plats f\u00f6r ett v\u00e4xthus eller dig vill b\u00f6rja odla i mindre skala.<br \/>\nHyllan fungerar som ett perfekt komplement till tr\u00e4dg\u00e5rdslandet eller liknande d\u00e5 den kan anv\u00e4ndas f\u00f6r att snabbt driva upp plantor.<\/p>\n<p>St\u00e5lr\u00f6rskonstruktion med PVC-\u00f6verdrag<br \/>\nKonstruktionen av pulverlackerade st\u00e5lr\u00f6r g\u00f6r hyllan enkel att montera och plocka is\u00e4r. Det genomskinliga \u00f6verdraget \u00e4r tillverkat av PVC och har dragkedjest\u00e4ngning.<\/p>\n<p>H\u00f6jd: 95 cm<br \/>\nL\u00e4ngd: 69 cm<br \/>\nBredd: 49 cm<\/p>\n","protected":false},"excerpt":{"rendered":"<p>V\u00e4xthushylla med 2 Hyllor Detta miniv\u00e4xthus fr\u00e5n passar dig som inte har plats f\u00f6r ett&#8230;<\/p>\n","protected":false},"featured_media":9220,"template":"","meta":{"_acf_changed":false,"inline_featured_image":false},"product_brand":[],"product_cat":[472,517],"product_tag":[],"class_list":{"0":"post-11810","1":"product","2":"type-product","3":"status-publish","4":"has-post-thumbnail","6":"product_cat-vaxthus","7":"product_cat-vaxthus-mini","8":"product_shipping_class-litet-paket","10":"first","11":"instock","12":"taxable","13":"shipping-taxable","14":"purchasable","15":"product-type-simple"},"acf":[],"_links":{"self":[{"href":"https:\/\/abpolar.ee\/sv\/wp-json\/wp\/v2\/product\/11810","targetHints":{"allow":["GET"]}}],"collection":[{"href":"https:\/\/abpolar.ee\/sv\/wp-json\/wp\/v2\/product"}],"about":[{"href":"https:\/\/abpolar.ee\/sv\/wp-json\/wp\/v2\/types\/product"}],"wp:featuredmedia":[{"embeddable":true,"href":"https:\/\/abpolar.ee\/sv\/wp-json\/wp\/v2\/media\/9220"}],"wp:attachment":[{"href":"https:\/\/abpolar.ee\/sv\/wp-json\/wp\/v2\/media?parent=11810"}],"wp:term":[{"taxonomy":"product_brand","embeddable":true,"href":"https:\/\/abpolar.ee\/sv\/wp-json\/wp\/v2\/product_brand?post=11810"},{"taxonomy":"product_cat","embeddable":true,"href":"https:\/\/abpolar.ee\/sv\/wp-json\/wp\/v2\/product_cat?post=11810"},{"taxonomy":"product_tag","embeddable":true,"href":"https:\/\/abpolar.ee\/sv\/wp-json\/wp\/v2\/product_tag?post=11810"}],"curies":[{"name":"wp","href":"https:\/\/api.w.org\/{rel}","templated":true}]}}