{"id":11816,"date":"2022-11-16T09:18:12","date_gmt":"2022-11-16T07:18:12","guid":{"rendered":"https:\/\/abpolar-ee.vserver.zonevs.eu\/?post_type=product&#038;p=11816"},"modified":"2023-12-13T13:59:49","modified_gmt":"2023-12-13T11:59:49","slug":"odlingsbord-stor","status":"publish","type":"product","link":"https:\/\/abpolar.ee\/sv\/produkt\/odlingsbord-stor\/","title":{"rendered":"Odlingsbord, stor"},"content":{"rendered":"<h2 class=\"productitem__title--large\">Odlingsbord, stor<\/h2>\n<p>Praktiskt odlingsbord som skapar ett perfekt mikroklimat f\u00f6r k\u00e4nsliga v\u00e4xter\u00a0eller n\u00e4r du ska driva upp plantor. Skyddar plantorna mot vind, insekter och \u00f6verhettning. Lock med\u00a0inbyggd ventilation.<br \/>\nStabil konstruktion med en behaglig antracitgr\u00e5 f\u00e4rg som sm\u00e4lter in i tr\u00e4dg\u00e5rdsmilj\u00f6n.<\/p>\n<p>Bredd: 77 cm<br \/>\nH\u00f6jd: 96,3 cm<br \/>\nDjup: 37cm<\/p>\n","protected":false},"excerpt":{"rendered":"<p>Odlingsbord, stor Praktiskt odlingsbord som skapar ett perfekt mikroklimat f\u00f6r k\u00e4nsliga v\u00e4xter\u00a0eller n\u00e4r du ska&#8230;<\/p>\n","protected":false},"featured_media":9227,"template":"","meta":{"_acf_changed":false,"inline_featured_image":false},"product_brand":[],"product_cat":[472,517],"product_tag":[],"class_list":{"0":"post-11816","1":"product","2":"type-product","3":"status-publish","4":"has-post-thumbnail","6":"product_cat-vaxthus","7":"product_cat-vaxthus-mini","8":"product_shipping_class-paket-upp-till-30kg","10":"first","11":"instock","12":"taxable","13":"shipping-taxable","14":"purchasable","15":"product-type-simple"},"acf":[],"_links":{"self":[{"href":"https:\/\/abpolar.ee\/sv\/wp-json\/wp\/v2\/product\/11816","targetHints":{"allow":["GET"]}}],"collection":[{"href":"https:\/\/abpolar.ee\/sv\/wp-json\/wp\/v2\/product"}],"about":[{"href":"https:\/\/abpolar.ee\/sv\/wp-json\/wp\/v2\/types\/product"}],"wp:featuredmedia":[{"embeddable":true,"href":"https:\/\/abpolar.ee\/sv\/wp-json\/wp\/v2\/media\/9227"}],"wp:attachment":[{"href":"https:\/\/abpolar.ee\/sv\/wp-json\/wp\/v2\/media?parent=11816"}],"wp:term":[{"taxonomy":"product_brand","embeddable":true,"href":"https:\/\/abpolar.ee\/sv\/wp-json\/wp\/v2\/product_brand?post=11816"},{"taxonomy":"product_cat","embeddable":true,"href":"https:\/\/abpolar.ee\/sv\/wp-json\/wp\/v2\/product_cat?post=11816"},{"taxonomy":"product_tag","embeddable":true,"href":"https:\/\/abpolar.ee\/sv\/wp-json\/wp\/v2\/product_tag?post=11816"}],"curies":[{"name":"wp","href":"https:\/\/api.w.org\/{rel}","templated":true}]}}