{"id":11817,"date":"2022-11-17T16:08:29","date_gmt":"2022-11-17T14:08:29","guid":{"rendered":"https:\/\/abpolar-ee.vserver.zonevs.eu\/?post_type=product&#038;p=11817"},"modified":"2023-12-13T14:02:43","modified_gmt":"2023-12-13T12:02:43","slug":"minivaxthus","status":"publish","type":"product","link":"https:\/\/abpolar.ee\/sv\/produkt\/minivaxthus\/","title":{"rendered":"Miniv\u00e4xthus"},"content":{"rendered":"<h2>Miniv\u00e4xthus 100x60x40\/30cm<\/h2>\n<p>Miniv\u00e4xthuset \u00e4r idealiskt f\u00f6r att odla sm\u00e5 v\u00e4xter.<br \/>\nL\u00e4mplig f\u00f6r balkonger.<br \/>\nM\u00e5tt: 100X60X40\/30cm<br \/>\n4 mm UV-best\u00e4ndiga polykarbonatplattor, aluminiumram<br \/>\nL\u00e4tt att installera.<\/p>\n","protected":false},"excerpt":{"rendered":"<p>Miniv\u00e4xthus 100x60x40\/30cm Miniv\u00e4xthuset \u00e4r idealiskt f\u00f6r att odla sm\u00e5 v\u00e4xter. L\u00e4mplig f\u00f6r balkonger. M\u00e5tt: 100X60X40\/30cm&#8230;<\/p>\n","protected":false},"featured_media":9998,"template":"","meta":{"_acf_changed":false,"inline_featured_image":false},"product_brand":[],"product_cat":[472,517],"product_tag":[],"class_list":{"0":"post-11817","1":"product","2":"type-product","3":"status-publish","4":"has-post-thumbnail","6":"product_cat-vaxthus","7":"product_cat-vaxthus-mini","8":"product_shipping_class-litet-paket","10":"first","11":"instock","12":"taxable","13":"shipping-taxable","14":"purchasable","15":"product-type-simple"},"acf":[],"_links":{"self":[{"href":"https:\/\/abpolar.ee\/sv\/wp-json\/wp\/v2\/product\/11817","targetHints":{"allow":["GET"]}}],"collection":[{"href":"https:\/\/abpolar.ee\/sv\/wp-json\/wp\/v2\/product"}],"about":[{"href":"https:\/\/abpolar.ee\/sv\/wp-json\/wp\/v2\/types\/product"}],"wp:featuredmedia":[{"embeddable":true,"href":"https:\/\/abpolar.ee\/sv\/wp-json\/wp\/v2\/media\/9998"}],"wp:attachment":[{"href":"https:\/\/abpolar.ee\/sv\/wp-json\/wp\/v2\/media?parent=11817"}],"wp:term":[{"taxonomy":"product_brand","embeddable":true,"href":"https:\/\/abpolar.ee\/sv\/wp-json\/wp\/v2\/product_brand?post=11817"},{"taxonomy":"product_cat","embeddable":true,"href":"https:\/\/abpolar.ee\/sv\/wp-json\/wp\/v2\/product_cat?post=11817"},{"taxonomy":"product_tag","embeddable":true,"href":"https:\/\/abpolar.ee\/sv\/wp-json\/wp\/v2\/product_tag?post=11817"}],"curies":[{"name":"wp","href":"https:\/\/api.w.org\/{rel}","templated":true}]}}