{"id":11835,"date":"2023-01-30T16:15:21","date_gmt":"2023-01-30T14:15:21","guid":{"rendered":"https:\/\/abpolar-ee.vserver.zonevs.eu\/?post_type=product&#038;p=11835"},"modified":"2023-12-15T10:46:57","modified_gmt":"2023-12-15T08:46:57","slug":"hyllor-for-palram-vaxthus","status":"publish","type":"product","link":"https:\/\/abpolar.ee\/sv\/produkt\/hyllor-for-palram-vaxthus\/","title":{"rendered":"Hyllor f\u00f6r Palram-v\u00e4xthus"},"content":{"rendered":"<h2>Hyllor f\u00f6r Palram-v\u00e4xthus<\/h2>\n<p>Skapa mer utrymme och organisation i ditt v\u00e4xthus med Palram Shelving Set.<br \/>\nL\u00e4mplig f\u00f6r hybrid- och balansv\u00e4xthus.<br \/>\nSetet inneh\u00e5ller 2 hyllplan.<br \/>\nTillverkad av slitstark polypropenplast kan varje hylla rymma upp till 20 kg j\u00e4mnt f\u00f6rdelad vikt och levereras med f\u00e4sten och f\u00e4sten som beh\u00f6vs f\u00f6r att enkelt kunna f\u00e4stas p\u00e5 en v\u00e4gg eller ett h\u00f6rn av v\u00e4xthus. V\u00e4xthushyllorna har dr\u00e4neringsh\u00e5l f\u00f6r att samla upp \u00f6verfl\u00f6diga v\u00e4xt-, jord- och vattenrester, och var och en har tv\u00e5 sk\u00e5ror f\u00f6r f\u00f6rvaring av tr\u00e4dg\u00e5rdsredskap. F\u00e4sts p\u00e5 v\u00e4xthusets ram och kan enkelt f\u00e4stas p\u00e5 valfri v\u00e4gg eller h\u00f6rn<br \/>\njustera och koppla ihop med andra hyllor.<\/p>\n<p>M\u00e5tt: L 65 x B 26 x H 16,5 cm<\/p>\n","protected":false},"excerpt":{"rendered":"<p>Hyllor f\u00f6r Palram-v\u00e4xthus Skapa mer utrymme och organisation i ditt v\u00e4xthus med Palram Shelving Set&#8230;.<\/p>\n","protected":false},"featured_media":10347,"template":"","meta":{"_acf_changed":false,"inline_featured_image":false},"product_brand":[],"product_cat":[515],"product_tag":[],"class_list":{"0":"post-11835","1":"product","2":"type-product","3":"status-publish","4":"has-post-thumbnail","6":"product_cat-vaxthus-tillbehor","7":"product_shipping_class-litet-paket","9":"first","10":"instock","11":"taxable","12":"shipping-taxable","13":"purchasable","14":"product-type-simple"},"acf":[],"_links":{"self":[{"href":"https:\/\/abpolar.ee\/sv\/wp-json\/wp\/v2\/product\/11835","targetHints":{"allow":["GET"]}}],"collection":[{"href":"https:\/\/abpolar.ee\/sv\/wp-json\/wp\/v2\/product"}],"about":[{"href":"https:\/\/abpolar.ee\/sv\/wp-json\/wp\/v2\/types\/product"}],"wp:featuredmedia":[{"embeddable":true,"href":"https:\/\/abpolar.ee\/sv\/wp-json\/wp\/v2\/media\/10347"}],"wp:attachment":[{"href":"https:\/\/abpolar.ee\/sv\/wp-json\/wp\/v2\/media?parent=11835"}],"wp:term":[{"taxonomy":"product_brand","embeddable":true,"href":"https:\/\/abpolar.ee\/sv\/wp-json\/wp\/v2\/product_brand?post=11835"},{"taxonomy":"product_cat","embeddable":true,"href":"https:\/\/abpolar.ee\/sv\/wp-json\/wp\/v2\/product_cat?post=11835"},{"taxonomy":"product_tag","embeddable":true,"href":"https:\/\/abpolar.ee\/sv\/wp-json\/wp\/v2\/product_tag?post=11835"}],"curies":[{"name":"wp","href":"https:\/\/api.w.org\/{rel}","templated":true}]}}