{"id":11846,"date":"2022-11-11T14:32:35","date_gmt":"2022-11-11T12:32:35","guid":{"rendered":"https:\/\/abpolar-ee.vserver.zonevs.eu\/?post_type=product&#038;p=11846"},"modified":"2023-12-15T12:21:24","modified_gmt":"2023-12-15T10:21:24","slug":"vaxthus-easy-up-3x10m","status":"publish","type":"product","link":"https:\/\/abpolar.ee\/sv\/produkt\/vaxthus-easy-up-3x10m\/","title":{"rendered":"V\u00e4xthus Easy-Up 3x10m"},"content":{"rendered":"<h2 class=\"has-theme-secondary-color fw-semibold\">V\u00e4xthus Easy-Up 3x10m<\/h2>\n<p>Polykarbonatramen i detta v\u00e4xthus \u00e4r b\u00e5gformad, som redan anv\u00e4nds av v\u00e4xthusanv\u00e4ndare. Ramen \u00e4r gjord av h\u00f6gkvalitativ galvaniserad metall och \u00e4r avsedd f\u00f6r bel\u00e4ggning med cellul\u00e4rt polykarbonat.<\/p>\n<p>Det v\u00e4lvda v\u00e4xthuset Easy-Up \u00e4r designat f\u00f6r att odla olika tr\u00e4dg\u00e5rdsgr\u00f6dor.<br \/>\nV\u00e4xthusets stomme \u00e4r gjord av kraftiga fyrkantsr\u00f6r, med syftet att g\u00f6ra monteringen s\u00e5 enkel och snabb som m\u00f6jligt.<br \/>\nV\u00e4xthusd\u00f6rren och ventilationsf\u00f6nsterkarmarna \u00e4r redan klara och beh\u00f6ver inte mer komplicerad skruvning eller pyssel. Lyft endast fram\u00e5t och f\u00e4st med fyra skruvar.<br \/>\nDet tar cirka 10 timmar att montera v\u00e4xthuset<br \/>\nV\u00e4xthuset ska s\u00e4kras mot vinden till en tr\u00e4ram.<br \/>\nSetet inneh\u00e5ller ett 4 mm UV-skyddande polykarbonat-t\u00e4ckmaterial och allt som beh\u00f6vs f\u00f6r att f\u00e4sta t\u00e4ckmaterialet.<br \/>\nDet finns b\u00e5de en d\u00f6rr och ett ventilationsf\u00f6nster i ena \u00e4nden av v\u00e4xthuset och ett ventilationsf\u00f6nster i andra \u00e4nden.<br \/>\nVi rekommenderar att man installerar f\u00f6rst\u00e4rkningar p\u00e5 v\u00e4xthuset, eller installerar ytterligare st\u00f6d f\u00f6r vintern f\u00f6r att st\u00f6dja v\u00e4xthusstrukturen mot sn\u00f6belastningen.<\/p>\n<p>H\u00f6jd 2,1m<br \/>\nBredd: 3 m<br \/>\nL\u00e4ngd: 10 m<br \/>\npolykarbonat 4 mm<br \/>\ngalvaniserad st\u00e5lram<br \/>\ndubbelskikts UV-best\u00e4ndig polykarbonatbel\u00e4ggning<br \/>\nf\u00e4sten och monteringsanvisningar medf\u00f6ljer<br \/>\nSn\u00f6last 40kg\/m2<\/p>\n<p>OBS! Att ta bort sn\u00f6 fr\u00e5n taket \u00e4r \u00e4garens ansvar. Om aktsamhetsplikten inte iakttas t\u00e4cks skador som orsakas av vikten av sn\u00f6n som samlats p\u00e5 taket vanligtvis inte av f\u00f6rs\u00e4kringen och t\u00e4cks inte av garantin. Om m\u00f6jligt rekommenderar vi att ta bort v\u00e4xthusskyddet f\u00f6r vintern och\/eller st\u00f6dja v\u00e4xthuset fr\u00e5n insidan med ytterligare st\u00f6d.<\/p>\n","protected":false},"excerpt":{"rendered":"<p>V\u00e4xthus Easy-Up 3x10m Polykarbonatramen i detta v\u00e4xthus \u00e4r b\u00e5gformad, som redan anv\u00e4nds av v\u00e4xthusanv\u00e4ndare. Ramen&#8230;<\/p>\n","protected":false},"featured_media":9211,"template":"","meta":{"_acf_changed":false,"inline_featured_image":false},"product_brand":[],"product_cat":[514,472],"product_tag":[],"class_list":{"0":"post-11846","1":"product","2":"type-product","3":"status-publish","4":"has-post-thumbnail","6":"product_cat-vaxthus-sv","7":"product_cat-vaxthus","8":"product_shipping_class-eur-sv","10":"first","11":"instock","12":"taxable","13":"shipping-taxable","14":"purchasable","15":"product-type-simple"},"acf":[],"_links":{"self":[{"href":"https:\/\/abpolar.ee\/sv\/wp-json\/wp\/v2\/product\/11846","targetHints":{"allow":["GET"]}}],"collection":[{"href":"https:\/\/abpolar.ee\/sv\/wp-json\/wp\/v2\/product"}],"about":[{"href":"https:\/\/abpolar.ee\/sv\/wp-json\/wp\/v2\/types\/product"}],"wp:featuredmedia":[{"embeddable":true,"href":"https:\/\/abpolar.ee\/sv\/wp-json\/wp\/v2\/media\/9211"}],"wp:attachment":[{"href":"https:\/\/abpolar.ee\/sv\/wp-json\/wp\/v2\/media?parent=11846"}],"wp:term":[{"taxonomy":"product_brand","embeddable":true,"href":"https:\/\/abpolar.ee\/sv\/wp-json\/wp\/v2\/product_brand?post=11846"},{"taxonomy":"product_cat","embeddable":true,"href":"https:\/\/abpolar.ee\/sv\/wp-json\/wp\/v2\/product_cat?post=11846"},{"taxonomy":"product_tag","embeddable":true,"href":"https:\/\/abpolar.ee\/sv\/wp-json\/wp\/v2\/product_tag?post=11846"}],"curies":[{"name":"wp","href":"https:\/\/api.w.org\/{rel}","templated":true}]}}