{"id":11854,"date":"2022-12-09T10:42:58","date_gmt":"2022-12-09T08:42:58","guid":{"rendered":"https:\/\/abpolar-ee.vserver.zonevs.eu\/?post_type=product&#038;p=11854"},"modified":"2023-12-15T12:51:32","modified_gmt":"2023-12-15T10:51:32","slug":"vaxthus-nano-3x8m","status":"publish","type":"product","link":"https:\/\/abpolar.ee\/sv\/produkt\/vaxthus-nano-3x8m\/","title":{"rendered":"V\u00e4xthus NANO 3x8m"},"content":{"rendered":"<h2>V\u00e4xthus NANO 3x8m<\/h2>\n<p>NANO-v\u00e4xthus s\u00e4kerst\u00e4ller en snabb och riklig sk\u00f6rd!<br \/>\nNanostrukturella tillsatser, som l\u00e4ggs till den innovativa NANO-polykarbonatkompositionen, s\u00e4kerst\u00e4ller maximal fotosyntesprocess f\u00f6r v\u00e4xter som v\u00e4xer i v\u00e4xthuset.<br \/>\nNanostrukturen omvandlar h\u00e5rd och farlig UV-str\u00e5lning till r\u00f6d spektrumstr\u00e5lning anv\u00e4ndbar f\u00f6r v\u00e4xter. Som ett resultat \u00f6kar avkastningen av gr\u00f6nsaksgr\u00f6dor med 30% &#8211; 48% och p\u00e5skyndar mognaden av gr\u00f6dan med 3 &#8211; 4 veckor.<br \/>\nNu, \u00e4ven i v\u00e5rt klimat, \u00e4r det m\u00f6jligt att odla gr\u00f6dor snabbt i v\u00e4xthusf\u00f6rh\u00e5llanden och \u00f6ka v\u00e4xternas fertilitet!<br \/>\nDet v\u00e4lvda v\u00e4xthuset \u00e4r designat f\u00f6r odling av olika tr\u00e4dg\u00e5rdsgr\u00f6dor.<\/p>\n<p>V\u00e4xthusets stomme \u00e4r gjord av starka fyrkantsr\u00f6r f\u00f6r att g\u00f6ra monteringen s\u00e5 enkel och snabb som m\u00f6jligt.<br \/>\nV\u00e4xthusd\u00f6rren och ventilationsf\u00f6nstren \u00e4r redan klara och beh\u00f6ver inte skruvas ihop eller klura ut l\u00e4ngre. Lyft endast fram\u00e5t och f\u00e4st med fyra skruvar.<br \/>\nV\u00e4xthuset ska f\u00e4stas i en vindt\u00e4t tr\u00e4ram eller f\u00e4stas direkt i marken.<\/p>\n<p>Setet inneh\u00e5ller NANO polykarbonat t\u00e4ckmaterial och allt som beh\u00f6vs f\u00f6r att fixera t\u00e4ckmaterialet.<br \/>\nDet finns b\u00e5de en d\u00f6rr och ett ventilationsf\u00f6nster i ena \u00e4nden av v\u00e4xthuset och ett ventilationsf\u00f6nster i andra \u00e4nden.<br \/>\nH\u00f6jd 2,1 m<br \/>\nBredd 3 m<br \/>\nL\u00e4ngd 8 m<br \/>\nStomme av galvaniserat fyrkantsr\u00f6r<br \/>\nDubbellagers UV-best\u00e4ndig polykarbonatbel\u00e4ggning<br \/>\nPolykarbonattjockleken \u00e4r 4 mm<br \/>\nF\u00e4stverktyg och monteringsanvisning ing\u00e5r.<br \/>\nSn\u00f6last 50 kg m2<br \/>\nOBS! Att ta bort sn\u00f6 fr\u00e5n taket \u00e4r \u00e4garens ansvar. Om aktsamhetsplikten inte iakttas t\u00e4cks skador som orsakas av vikten av sn\u00f6n som samlats p\u00e5 taket vanligtvis inte av f\u00f6rs\u00e4kringen och t\u00e4cks inte av garantin. Om m\u00f6jligt rekommenderar vi att ta bort v\u00e4xthusskyddet f\u00f6r vintern och\/eller st\u00f6dja v\u00e4xthuset fr\u00e5n insidan med ytterligare st\u00f6d.<\/p>\n","protected":false},"excerpt":{"rendered":"<p>V\u00e4xthus NANO 3x8m NANO-v\u00e4xthus s\u00e4kerst\u00e4ller en snabb och riklig sk\u00f6rd! Nanostrukturella tillsatser, som l\u00e4ggs till&#8230;<\/p>\n","protected":false},"featured_media":10146,"template":"","meta":{"_acf_changed":false,"inline_featured_image":false},"product_brand":[],"product_cat":[514,472],"product_tag":[],"class_list":{"0":"post-11854","1":"product","2":"type-product","3":"status-publish","4":"has-post-thumbnail","6":"product_cat-vaxthus-sv","7":"product_cat-vaxthus","8":"product_shipping_class-eur-sv","10":"first","11":"instock","12":"sale","13":"taxable","14":"shipping-taxable","15":"purchasable","16":"product-type-simple"},"acf":[],"_links":{"self":[{"href":"https:\/\/abpolar.ee\/sv\/wp-json\/wp\/v2\/product\/11854","targetHints":{"allow":["GET"]}}],"collection":[{"href":"https:\/\/abpolar.ee\/sv\/wp-json\/wp\/v2\/product"}],"about":[{"href":"https:\/\/abpolar.ee\/sv\/wp-json\/wp\/v2\/types\/product"}],"wp:featuredmedia":[{"embeddable":true,"href":"https:\/\/abpolar.ee\/sv\/wp-json\/wp\/v2\/media\/10146"}],"wp:attachment":[{"href":"https:\/\/abpolar.ee\/sv\/wp-json\/wp\/v2\/media?parent=11854"}],"wp:term":[{"taxonomy":"product_brand","embeddable":true,"href":"https:\/\/abpolar.ee\/sv\/wp-json\/wp\/v2\/product_brand?post=11854"},{"taxonomy":"product_cat","embeddable":true,"href":"https:\/\/abpolar.ee\/sv\/wp-json\/wp\/v2\/product_cat?post=11854"},{"taxonomy":"product_tag","embeddable":true,"href":"https:\/\/abpolar.ee\/sv\/wp-json\/wp\/v2\/product_tag?post=11854"}],"curies":[{"name":"wp","href":"https:\/\/api.w.org\/{rel}","templated":true}]}}