{"id":11856,"date":"2022-11-16T09:17:37","date_gmt":"2022-11-16T07:17:37","guid":{"rendered":"https:\/\/abpolar-ee.vserver.zonevs.eu\/?post_type=product&#038;p=11856"},"modified":"2023-12-15T13:38:22","modified_gmt":"2023-12-15T11:38:22","slug":"forstarkning-till-easy-up-vaxthuset","status":"publish","type":"product","link":"https:\/\/abpolar.ee\/sv\/produkt\/forstarkning-till-easy-up-vaxthuset\/","title":{"rendered":"F\u00f6rst\u00e4rkning till Easy-Up-v\u00e4xthuset"},"content":{"rendered":"<h2>F\u00f6rst\u00e4rkning till Easy-Up-v\u00e4xthuset<\/h2>\n<p>Med hj\u00e4lp av detta set har du m\u00f6jlighet att g\u00f6ra ditt &#8221;Easy-Up&#8221; v\u00e4xthus mer h\u00e5llbart.<\/p>\n<p>En b\u00e5gef\u00f6rst\u00e4rkningssats g\u00e5r till en b\u00e5ge.<\/p>\n<p>F\u00f6rst\u00e4rkningen av v\u00e4xthuset rekommenderas att installeras p\u00e5 varje b\u00e5ge<br \/>\nBorra den \u00f6vre \u00e4nden av armeringen till v\u00e4xthusets b\u00e5ge med en sj\u00e4lvborrande skruv.<br \/>\nBorra den nedre f\u00f6rst\u00e4rkningen till den nedre b\u00e5gen med en sj\u00e4lvborrande skruv.<\/p>\n","protected":false},"excerpt":{"rendered":"<p>F\u00f6rst\u00e4rkning till Easy-Up-v\u00e4xthuset Med hj\u00e4lp av detta set har du m\u00f6jlighet att g\u00f6ra ditt &#8221;Easy-Up&#8221;&#8230;<\/p>\n","protected":false},"featured_media":10615,"template":"","meta":{"_acf_changed":false,"inline_featured_image":false},"product_brand":[],"product_cat":[472,515],"product_tag":[],"class_list":{"0":"post-11856","1":"product","2":"type-product","3":"status-publish","4":"has-post-thumbnail","6":"product_cat-vaxthus","7":"product_cat-vaxthus-tillbehor","8":"product_shipping_class-paket-upp-till-30kg","10":"first","11":"outofstock","12":"taxable","13":"shipping-taxable","14":"purchasable","15":"product-type-simple"},"acf":[],"_links":{"self":[{"href":"https:\/\/abpolar.ee\/sv\/wp-json\/wp\/v2\/product\/11856","targetHints":{"allow":["GET"]}}],"collection":[{"href":"https:\/\/abpolar.ee\/sv\/wp-json\/wp\/v2\/product"}],"about":[{"href":"https:\/\/abpolar.ee\/sv\/wp-json\/wp\/v2\/types\/product"}],"wp:featuredmedia":[{"embeddable":true,"href":"https:\/\/abpolar.ee\/sv\/wp-json\/wp\/v2\/media\/10615"}],"wp:attachment":[{"href":"https:\/\/abpolar.ee\/sv\/wp-json\/wp\/v2\/media?parent=11856"}],"wp:term":[{"taxonomy":"product_brand","embeddable":true,"href":"https:\/\/abpolar.ee\/sv\/wp-json\/wp\/v2\/product_brand?post=11856"},{"taxonomy":"product_cat","embeddable":true,"href":"https:\/\/abpolar.ee\/sv\/wp-json\/wp\/v2\/product_cat?post=11856"},{"taxonomy":"product_tag","embeddable":true,"href":"https:\/\/abpolar.ee\/sv\/wp-json\/wp\/v2\/product_tag?post=11856"}],"curies":[{"name":"wp","href":"https:\/\/api.w.org\/{rel}","templated":true}]}}